{"id":3537,"date":"2020-10-04T18:38:43","date_gmt":"2020-10-04T16:38:43","guid":{"rendered":"https:\/\/www.altisfain.com\/?post_type=product&#038;p=3537"},"modified":"2025-07-31T21:55:04","modified_gmt":"2025-07-31T19:55:04","slug":"collier-pendentif-inox-les-diaboliques-nemesis-labradorite","status":"publish","type":"product","link":"https:\/\/www.altisfain.com\/en\/boutique\/diaboliques\/collier-pendentif-inox-les-diaboliques-nemesis-labradorite\/","title":{"rendered":"Collier pendentif inox &#8220;Les Diaboliques: N\u00e9mesis&#8221; Labradorite"},"content":{"rendered":"<p style=\"text-align: center;\">&#8220;Le mot na\u00eff et \u00e9tonn\u00e9 de la Borgh\u00e8se, quand on lui demanda comment elle avait bien pu poser nue devant Canova: \u00abmais l&#8217;atelier \u00e9tait chaud! il y avait un po\u00eale!\u00bb&#8221;<br \/>\nLes Diaboliques, Barbey d&#8217;Aurevilly.<\/p>\n<p style=\"text-align: center;\">Collection inspir\u00e9e de femmes, fictives ou historiques qui, \u00e0 tord ou \u00e0 raison, ont suscit\u00e9 accusations et calomnies et marqu\u00e9 l&#8217;Histoire ou les histoires par leur personnalit\u00e9 sulfureuse&#8230;..<\/p>\n<p style=\"text-align: center;\">Comme bien d&#8217;autres abstractions divinis\u00e9es, N\u00e9m\u00e9sis est fille de la Nuit (Nyx). Pour \u00e9chapper \u00e0 l&#8217;\u00e9treinte de Zeus, elle prend mille formes diverses et finit par se changer en oie. Zeus alors devient cygne et s&#8217;unit \u00e0 elle. Elle pond un \u0153uf d&#8217;o\u00f9, gr\u00e2ce aux soins de L\u00e9da, sortiront H\u00e9l\u00e8ne et les Dioscures. N\u00e9m\u00e9sis personnifie la vengeance divine, celle qui s&#8217;abat sur les mortels trop heureux et qui se r\u00e9jouissent de l&#8217;\u00eatre. Elle est la gardienne des conditions, qui se charge de rappeler brutalement \u00e0 chacun sa place dans un ordre de l&#8217;Univers que toute d\u00e9mesure (Hybris) met en p\u00e9ril.<\/p>\n<p style=\"text-align: center;\"><strong>Collier pendentif inox sym\u00e9trique, compos\u00e9 de deux ailes d&#8217;ange d\u00e9mon martel\u00e9es main et au c\u0153ur, un cabochon de tr\u00e8s belle qualit\u00e9 forme ronde serti griffe Labradorite bleue dor\u00e9e avec trait noir qui sugg\u00e8re un \u0153il. Des entrelacs inox encerclent la pierre. La chaine serpent fait environ 42 cm de long et se termine par une chainette de rallonge avec petite aile d&#8217; ange pour jouer sur la longueur du collier.<br \/>\nDimension du cabochon: 3,3 cm de diam\u00e8tre. Dimension du pendentif: 10,5 cm par 10 cm.<\/strong><\/p>\n<p style=\"text-align: center;\"><strong>Collier infiniment fantastique et gothique, pi\u00e8ce unique!!<\/strong><\/p>\n<hr \/>\n<div class=\"text-wrap tlid-copy-target\" style=\"text-align: center;\"><span class=\"tlid-translation translation\" lang=\"en\"><span class=\"tlid-translation translation\" lang=\"en\"><strong>&#8220;The naive and astonished word from the Borghese, when asked how she could have posed naked in front of Canova:&#8221; but the workshop was hot! There was a stove! &#8220;&#8221;<\/strong><br \/>\n<strong>Les Diaboliques, Barbey d&#8217;Aurevilly.<\/strong><\/span><\/span><strong>Collection inspired by women, fictitious or historical who, rightly or wrongly, have aroused accusations and calumnies and marked History or stories by their sulphurous personality &#8230;..<\/strong><strong><span class=\"tlid-translation translation\" lang=\"en\">Like many other deified abstractions, Nemesis is the daughter of the Night (Nyx). To escape the embrace of Zeus, she takes a thousand different forms and ends up changing into a goose. Zeus then becomes a swan and unites with her. She lays an egg from which, thanks to Leda&#8217;s care, Helena and the Dioscuri will emerge. Nemesis personifies divine vengeance, that which falls on mortals who are too happy and who rejoice in being so. She is the guardian of conditions, who is responsible for brutally reminding everyone of their place in an order of the Universe that all excess (Hybris) puts in danger.<\/span><\/strong><span class=\"tlid-translation translation\" lang=\"en\"><span class=\"\" title=\"\">Symmetrical stainless steel pendant necklace, composed of two hand-hammered demon angel wings and in the heart, a very beautiful quality round cabochon set with golden blue Labradorite claw with black line suggesting an eye.<\/span> <span class=\"\" title=\"\">Stainless steel tracery encircles the stone.<\/span> <span title=\"\">The snake chain is about 42 cm long and ends with an extension chain with a small angel wing to play on the length of the necklace.<\/span><br \/>\n<span title=\"\">Dimension of the cabochon: 3.3 cm in diameter.<\/span> <span title=\"\">Dimension of the pendant: 10.5 cm by 10 cm.<\/span><br \/>\n<\/span><\/p>\n<p><span class=\"tlid-translation translation\" lang=\"en\"><span class=\"\" title=\"\">Infinitely fantastic and gothic necklace, unique piece !!<\/span><\/span><\/p>\n<\/div>\n<div class=\"tlid-result-transliteration-container result-transliteration-container transliteration-container\">\n<div class=\"tlid-transliteration-content transliteration-content full\"><\/div>\n<\/div>\n","protected":false},"excerpt":{"rendered":"<p style=\"text-align: center;\"><strong>Collier pendentif inox, entrelacs, ailes d&#8217; ange d\u00e9mon et serti Labradorite dor\u00e9e verte, d&#8217;inspiration fantastique et gothique.<br \/>\n<\/strong><\/p>\n<hr \/>\n<div class=\"text-wrap tlid-copy-target\">\n<div class=\"result-shield-container tlid-copy-target\" style=\"text-align: center;\" tabindex=\"0\"><strong><span class=\"tlid-translation translation\" lang=\"en\"><span class=\"\" title=\"\">Stainless steel pendant necklace, interlacing, ange wings and golden green Labradorite setting, fantasy and gothic inspiration.<\/span><\/span><\/strong><\/div>\n<\/div>\n<div class=\"tlid-result-transliteration-container result-transliteration-container transliteration-container\" style=\"text-align: center;\">\n<div class=\"tlid-transliteration-content transliteration-content full\"><\/div>\n<\/div>\n<div class=\"result-footer source-or-target-footer tlid-copy-target\" style=\"text-align: center;\"><\/div>\n","protected":false},"featured_media":3538,"comment_status":"open","ping_status":"closed","template":"","meta":[],"product_brand":[],"product_cat":[15,221],"product_tag":[31],"class_list":{"0":"post-3537","1":"product","2":"type-product","3":"status-publish","4":"has-post-thumbnail","6":"product_cat-diaboliques","7":"product_cat-prix-doux","8":"product_tag-collier","9":"pa_ambiance-antique","10":"pa_ambiance-art-nouveau","11":"pa_ambiance-baroque","12":"pa_ambiance-elfique","13":"pa_ambiance-feerique","14":"pa_ambiance-gothique","15":"pa_ambiance-grece-antique","16":"pa_ambiance-victorien","17":"pa_matiere-inox","18":"pa_ornement-labradorite","19":"pa_ornement-labradorite-bleue","20":"pa_ornement-labradorite-doree","21":"pa_ornement-pierre-semi","23":"first","24":"outofstock","25":"sale","26":"featured","27":"sold-individually","28":"shipping-taxable","29":"purchasable","30":"product-type-simple"},"translation":{"provider":"WPGlobus","version":"3.0.2","language":"en","enabled_languages":["fr","en"],"languages":{"fr":{"title":true,"content":true,"excerpt":true},"en":{"title":false,"content":false,"excerpt":false}}},"jetpack-related-posts":[],"jetpack_sharing_enabled":true,"_links":{"self":[{"href":"https:\/\/www.altisfain.com\/en\/wp-json\/wp\/v2\/product\/3537","targetHints":{"allow":["GET"]}}],"collection":[{"href":"https:\/\/www.altisfain.com\/en\/wp-json\/wp\/v2\/product"}],"about":[{"href":"https:\/\/www.altisfain.com\/en\/wp-json\/wp\/v2\/types\/product"}],"replies":[{"embeddable":true,"href":"https:\/\/www.altisfain.com\/en\/wp-json\/wp\/v2\/comments?post=3537"}],"wp:featuredmedia":[{"embeddable":true,"href":"https:\/\/www.altisfain.com\/en\/wp-json\/wp\/v2\/media\/3538"}],"wp:attachment":[{"href":"https:\/\/www.altisfain.com\/en\/wp-json\/wp\/v2\/media?parent=3537"}],"wp:term":[{"taxonomy":"product_brand","embeddable":true,"href":"https:\/\/www.altisfain.com\/en\/wp-json\/wp\/v2\/product_brand?post=3537"},{"taxonomy":"product_cat","embeddable":true,"href":"https:\/\/www.altisfain.com\/en\/wp-json\/wp\/v2\/product_cat?post=3537"},{"taxonomy":"product_tag","embeddable":true,"href":"https:\/\/www.altisfain.com\/en\/wp-json\/wp\/v2\/product_tag?post=3537"}],"curies":[{"name":"wp","href":"https:\/\/api.w.org\/{rel}","templated":true}]}}