{"id":3492,"date":"2020-08-06T20:21:14","date_gmt":"2020-08-06T18:21:14","guid":{"rendered":"https:\/\/www.altisfain.com\/?post_type=product&#038;p=3492"},"modified":"2024-06-07T23:08:27","modified_gmt":"2024-06-07T21:08:27","slug":"collier-pendentif-inox-les-diaboliques-la-meduse-jaspillite","status":"publish","type":"product","link":"https:\/\/www.altisfain.com\/en\/boutique\/diaboliques\/collier-pendentif-inox-les-diaboliques-la-meduse-jaspillite\/","title":{"rendered":"Collier pendentif inox &#8220;Les Diaboliques: La M\u00e9duse&#8221; Jaspillite"},"content":{"rendered":"<p style=\"text-align: center;\">&#8220;Le mot na\u00eff et \u00e9tonn\u00e9 de la Borgh\u00e8se, quand on lui demanda comment elle avait bien pu poser nue devant Canova: \u00abmais l&#8217;atelier \u00e9tait chaud! il y avait un po\u00eale!\u00bb&#8221;<br \/>\nLes Diaboliques, Barbey d&#8217;Aurevilly.<\/p>\n<p style=\"text-align: center;\">Collection inspir\u00e9e de femmes, fictives ou historiques qui, \u00e0 tord ou \u00e0 raison, ont suscit\u00e9 accusations et calomnies et marqu\u00e9 l&#8217;Histoire ou les histoires par leur personnalit\u00e9 sulfureuse&#8230;..<\/p>\n<p style=\"text-align: center;\">M\u00e9duse, appel\u00e9e aussi la Gorgone (Gorgo), est dans la mythologie grecque l&#8217;une des trois Gorgones (avec ses s\u0153urs Euryale et Sth\u00e9no). Elle est la seule \u00e0 \u00eatre mortelle. Fille de Phorcys et C\u00e9to, et donc petite-fille de l&#8217;union de la Terre (Ga\u00efa) avec l&#8217;Oc\u00e9an (Pontos), elle appartient au groupe des divinit\u00e9s primordiales, tout comme ses cousines, la Chim\u00e8re et l&#8217;Hydre de Lerne, qui, elles aussi, avaient des traits associ\u00e9s \u00e0 l&#8217;image du serpent et ont \u00e9t\u00e9 d\u00e9truites par des h\u00e9ros.<br \/>\nLe mythe, qui peut \u00eatre vu comme un conte d&#8217;initiation, a aliment\u00e9 des recherches sur la puissance du f\u00e9minin, le pouvoir du regard, l&#8217;importance des talismans, l&#8217;angoisse de castration, le rapport intime au monstrueux et l&#8217;existence de soci\u00e9t\u00e9s matriarcales pr\u00e9historiques. La figure de M\u00e9duse est toujours pr\u00e9sente dans la culture contemporaine et a \u00e9t\u00e9 revendiqu\u00e9e comme un puissant symbole de rage et de pouvoir par le courant f\u00e9ministe.<\/p>\n<p style=\"text-align: center;\"><strong>Collier pendentif inox forme circulaire, compos\u00e9 de 15 fils martel\u00e9es main \u00e0 t\u00eate de serpent et au c\u0153ur,<\/strong><br \/>\n<strong>\u00a0un pendentif serti cabochon de tr\u00e8s belle qualit\u00e9 forme goutte serti griffe Jaspillite rouge intense et inclusions H\u00e9matite en vagues.<\/strong><br \/>\n<strong>La chaine serpent fait environ 42 cm de long et se termine par une chainette de rallonge avec petit serpent pour jouer sur la longueur du collier.<\/strong><br \/>\n<strong>Dimension du cabochon: 4 cm par 2,3 cm. Dimension du pendentif central: 7,5 cm par 4,5 cm. Dimension du cercle: ,,8 cm de diam\u00e8tre, 9 cm par 7,4 cm.<br \/>\n<\/strong><\/p>\n<p style=\"text-align: center;\"><strong>Collier infiniment fantastique et elfique, pi\u00e8ce unique!!<\/strong><\/p>\n<hr \/>\n<div class=\"text-wrap tlid-copy-target\" style=\"text-align: center;\"><span class=\"tlid-translation translation\" lang=\"en\"><span class=\"tlid-translation translation\" lang=\"en\"><strong>&#8220;The naive and astonished word from the Borghese, when asked how she could have posed naked in front of Canova:&#8221; but the workshop was hot! There was a stove! &#8220;&#8221;<\/strong><br \/>\n<strong>Les Diaboliques, Barbey d&#8217;Aurevilly.<\/strong><\/span><\/span><strong>Collection inspired by women, fictitious or historical who, rightl<\/strong><strong>Daenerys is presented as an exceptional woman, both firm and generous. Her altruism makes her abolish slavery and help the unfortunate, but she severely punishes those who wrong her. At first unsure of herself and her qualities as a queen, she ends up gaining confidence and authority over others. She is fluent in Valyrian which is her mother tongue, and Dothraki which she has mastered in one year. Daenerys is seen by some analysts of the novels and the television series as a modern icon of feminism.<\/strong><strong>y or wrongly, have aroused accusations and calumnies and marked History or stories by their sulphurous personality &#8230;..<\/strong><\/div>\n<div><\/div>\n<div class=\"text-wrap tlid-copy-target\" style=\"text-align: center;\">\n<div class=\"text-wrap tlid-copy-target\">\n<div class=\"result-shield-container tlid-copy-target\" tabindex=\"0\"><strong><span class=\"tlid-translation translation\" lang=\"en\"><span class=\"\" title=\"\">Medusa, also called the Gorgon (Gorgo), is in Greek mythology one of the three Gorgons (along with her sisters Euryale and Stheno).<\/span> <span class=\"\" title=\"\">She is the only one to be mortal.<\/span> <span class=\"\" title=\"\">Daughter of Phorcys and Keto, and therefore granddaughter of the union of the Earth (Gaia) with the Ocean (Pontos), she belongs to the group of primordial deities, just like her cousins, the Chimera and the Hydra of Lerna<\/span> <span title=\"\">, who also had traits associated with the image of the serpent and were destroyed by heroes.<\/span><br \/>\n<span title=\"\">The myth, which can be seen as an initiation tale, has fueled research on the power of the feminine, the power of the gaze, the importance of talismans, the anxiety of castration, the intimate relationship with the monstrous and the existence<\/span> <span title=\"\">of prehistoric matriarchal societies.<\/span> <span title=\"\">The figure of Medusa is still present in contemporary culture and has been claimed as a powerful symbol of rage and power by the feminist current.<\/span><\/span><\/strong><\/div>\n<\/div>\n<p><span class=\"tlid-translation translation\" lang=\"en\"><span class=\"\" title=\"\">Stainless steel circular pendant necklace, composed of 15 hand hammered threads with a snake&#8217;s head and a heart,<\/span><br \/>\n<span title=\"\">a very beautiful quality drop-shaped cabochon-set pendant set with intense red jaspillite prongs and wavy Hematite inclusions.<\/span><br \/>\n<span title=\"\">The snake chain is about 42 cm long and ends with an extension chain with a small snake to play on the length of the necklace.<\/span><br \/>\n<span title=\"\">Dimension of the cabochon: 4 cm by 2.3 cm.<\/span> <span title=\"\">Dimension of the central pendant: 7.5 cm by 4.5 cm.<\/span> <span title=\"\">Size of the circle: ,, 8 cm in diameter, 9 cm by 7.4 cm.<\/span><\/span><\/p>\n<p>Infinitely fantastic style and elven necklace, unique piece !!<\/p>\n<\/div>\n<div class=\"tlid-result-transliteration-container result-transliteration-container transliteration-container\">\n<div class=\"tlid-transliteration-content transliteration-content full\"><\/div>\n<\/div>\n","protected":false},"excerpt":{"rendered":"<p style=\"text-align: center;\"><strong>Collier pendentif inox circulaire, entrelacs serpent et serti Jaspillite, d&#8217;inspiration fantastique et elfique.<br \/>\n<\/strong><\/p>\n<hr \/>\n<div class=\"text-wrap tlid-copy-target\">\n<div class=\"result-shield-container tlid-copy-target\" style=\"text-align: center;\" tabindex=\"0\"><strong><span class=\"tlid-translation translation\" lang=\"en\"><span class=\"\" title=\"\">Circular stainless steel pendant necklace, snake interlacing and Jaspillite setting, of fantastic and elven inspiration.<\/span><\/span><\/strong><\/div>\n<\/div>\n<div class=\"tlid-result-transliteration-container result-transliteration-container transliteration-container\" style=\"text-align: center;\">\n<div class=\"tlid-transliteration-content transliteration-content full\"><\/div>\n<\/div>\n<div class=\"result-footer source-or-target-footer tlid-copy-target\" style=\"text-align: center;\"><\/div>\n","protected":false},"featured_media":3493,"comment_status":"open","ping_status":"closed","template":"","meta":[],"product_brand":[],"product_cat":[15,221],"product_tag":[31],"class_list":{"0":"post-3492","1":"product","2":"type-product","3":"status-publish","4":"has-post-thumbnail","6":"product_cat-diaboliques","7":"product_cat-prix-doux","8":"product_tag-collier","9":"pa_ambiance-antique","10":"pa_ambiance-art-nouveau","11":"pa_ambiance-baroque","12":"pa_ambiance-elfique","13":"pa_ambiance-feerique","14":"pa_ambiance-gothique","15":"pa_ambiance-grece-antique","16":"pa_ambiance-victorien","17":"pa_matiere-inox","18":"pa_ornement-hematite","19":"pa_ornement-jaspe-rouge","20":"pa_ornement-jaspillite","21":"pa_ornement-pierre-semi","23":"first","24":"instock","25":"sale","26":"featured","27":"sold-individually","28":"shipping-taxable","29":"purchasable","30":"product-type-simple"},"translation":{"provider":"WPGlobus","version":"3.0.2","language":"en","enabled_languages":["fr","en"],"languages":{"fr":{"title":true,"content":true,"excerpt":true},"en":{"title":false,"content":false,"excerpt":false}}},"jetpack-related-posts":[],"jetpack_sharing_enabled":true,"_links":{"self":[{"href":"https:\/\/www.altisfain.com\/en\/wp-json\/wp\/v2\/product\/3492","targetHints":{"allow":["GET"]}}],"collection":[{"href":"https:\/\/www.altisfain.com\/en\/wp-json\/wp\/v2\/product"}],"about":[{"href":"https:\/\/www.altisfain.com\/en\/wp-json\/wp\/v2\/types\/product"}],"replies":[{"embeddable":true,"href":"https:\/\/www.altisfain.com\/en\/wp-json\/wp\/v2\/comments?post=3492"}],"wp:featuredmedia":[{"embeddable":true,"href":"https:\/\/www.altisfain.com\/en\/wp-json\/wp\/v2\/media\/3493"}],"wp:attachment":[{"href":"https:\/\/www.altisfain.com\/en\/wp-json\/wp\/v2\/media?parent=3492"}],"wp:term":[{"taxonomy":"product_brand","embeddable":true,"href":"https:\/\/www.altisfain.com\/en\/wp-json\/wp\/v2\/product_brand?post=3492"},{"taxonomy":"product_cat","embeddable":true,"href":"https:\/\/www.altisfain.com\/en\/wp-json\/wp\/v2\/product_cat?post=3492"},{"taxonomy":"product_tag","embeddable":true,"href":"https:\/\/www.altisfain.com\/en\/wp-json\/wp\/v2\/product_tag?post=3492"}],"curies":[{"name":"wp","href":"https:\/\/api.w.org\/{rel}","templated":true}]}}