{"id":3470,"date":"2020-08-01T19:15:06","date_gmt":"2020-08-01T17:15:06","guid":{"rendered":"https:\/\/www.altisfain.com\/?post_type=product&#038;p=3470"},"modified":"2025-07-15T13:26:30","modified_gmt":"2025-07-15T11:26:30","slug":"collier-pendentif-inox-les-diaboliques-calamity-jane-larme-dapache","status":"publish","type":"product","link":"https:\/\/www.altisfain.com\/en\/boutique\/diaboliques\/collier-pendentif-inox-les-diaboliques-calamity-jane-larme-dapache\/","title":{"rendered":"Collier pendentif inox &#8220;Les Diaboliques: Calamity Jane&#8221; Larme d&#8217;Apache"},"content":{"rendered":"<p style=\"text-align:center\">&#8220;Le mot na\u00eff et \u00e9tonn\u00e9 de la Borgh\u00e8se, quand on lui demanda comment elle avait bien pu poser nue devant Canova: \u00abmais l&#8217;atelier \u00e9tait chaud! il y avait un po\u00eale!\u00bb&#8221;<\/p>\n<p>Les Diaboliques, Barbey d&#8217;Aurevilly.<\/p>\n<p style=\"text-align:center\">Collection inspir\u00e9e de femmes, fictives ou historiques qui, \u00e0 tord ou \u00e0 raison, ont suscit\u00e9 accusations et calomnies et marqu\u00e9 l&#8217;Histoire ou les histoires par leur personnalit\u00e9 sulfureuse&#8230;..<\/p>\n<p style=\"text-align:center\">Martha Jane Cannary ou Martha Cannary, plus connue sous le surnom de Calamity Jane, est une personnalit\u00e9 de la conqu\u00eate de l&#8217;Ouest n\u00e9e le 1er mai 1852 pr\u00e8s de Princeton dans le Missouri et morte le 1er ao\u00fbt 1903 \u00e0 Deadwood dans le Dakota du Sud.<\/p>\n<p>Apr\u00e8s avoir connu la notori\u00e9t\u00e9 de son vivant par sa participation \u00e0 la conqu\u00eate de l&#8217;Ouest et son r\u00f4le lors des guerres indiennes au cours desquelles elle s&#8217;est pr\u00e9tendue \u00e9claireur pour l&#8217;arm\u00e9e am\u00e9ricaine avec le g\u00e9n\u00e9ral George Custer, elle devient le personnage principal d&#8217;un spectacle fond\u00e9 sur sa propre l\u00e9gende, le Wild West Show. Ce spectacle va accro\u00eetre cette l\u00e9gende du vivant de Calamity Jane, rendant ardue la t\u00e2che de la d\u00e9m\u00ealer de la r\u00e9alit\u00e9. Elle meurt pauvre, aveugle, alcoolique, mais toujours aussi c\u00e9l\u00e8bre, en 1903 \u00e0 Terry dans le Dakota du Sud.<\/p>\n<p style=\"text-align:center\"><strong>Collier pendentif inox forme attrape-r\u00eave, compos\u00e9 de 7 plumes martel\u00e9es main et au c\u0153ur,<\/strong><\/p>\n<p><strong> un pendentif serti cabochon de tr\u00e8s belle qualit\u00e9 forme goutte serti griffe Larme d&#8217;Apache noire mate et noir iris\u00e9.<\/strong><\/p>\n<p><strong>La chaine serpent fait environ 42 cm de long et se termine par une chainette de rallonge avec petite plume pour jouer sur la longueur du collier.<\/strong><\/p>\n<p><strong>Dimension du cabochon: 2,8 cm par 1,8 cm. Dimension du pendentif central: 9,5 cm par 4 cm. Dimension de l&#8217;attrape-r\u00eave: 11 cm par 9,5 cm.<\/strong><\/p>\n<p style=\"text-align:center\"><strong>Collier infiniment am\u00e9rindien et elfique, pi\u00e8ce unique!!<\/strong><\/p>\n<hr>\n<div class=\"text-wrap tlid-copy-target\" style=\"text-align:center\"><span class=\"tlid-translation translation\" lang=\"en\"><span class=\"tlid-translation translation\" lang=\"en\"><strong>&#8220;The naive and astonished word from the Borghese, when asked how she could have posed naked in front of Canova:&#8221; but the workshop was hot! There was a stove! &#8220;&#8221;<\/strong><\/p>\n<p><strong>Les Diaboliques, Barbey d&#8217;Aurevilly.<\/strong><\/span><\/span><strong>Collection inspired by women, fictitious or historical who, rightl<\/strong><strong>Daenerys is presented as an exceptional woman, both firm and generous. Her altruism makes her abolish slavery and help the unfortunate, but she severely punishes those who wrong her. At first unsure of herself and her qualities as a queen, she ends up gaining confidence and authority over others. She is fluent in Valyrian which is her mother tongue, and Dothraki which she has mastered in one year. Daenerys is seen by some analysts of the novels and the television series as a modern icon of feminism.<\/strong><strong>y or wrongly, have aroused accusations and calumnies and marked History or stories by their sulphurous personality &#8230;..<\/strong><span class=\"tlid-translation translation\" lang=\"en\"><strong>Martha Jane Cannary or Martha Cannary, better known by the nickname Calamity Jane, is a Western Conquest personality born May 1, 1852 near Princeton, Missouri and died August 1, 1903 in Deadwood, South Dakota .<\/strong><\/p>\n<p><strong>After having known the notoriety during her lifetime by her participation in the conquest of the West and her role in the Indian wars during which she claimed to be a scout for the American army with General George Custer, she became the main character of a show based on its own legend, the Wild West Show. This show will increase this legend during Calamity Jane&#8217;s lifetime, making it difficult to disentangle it from reality. She died poor, blind, alcoholic, but still famous, in 1903 in Terry, South Dakota.<\/strong><\/span><span class=\"tlid-translation translation\" lang=\"en\">Stainless steel pendant necklace in the shape of a dreamcatcher, composed of 7 hand-hammered feathers in the heart,<\/p>\n<p>a very beautiful quality drop-shaped cabochon-set pendant set with matte black and iridescent black Teardrop Apache claw.<\/p>\n<p>The snake chain is about 42 cm long and ends with an extension chain with a small feather to play on the length of the necklace.<\/p>\n<p>Dimension of the cabochon: 2.8 cm by 1.8 cm. Dimension of the central pendant: 9.5 cm by 4 cm. Dimension of the dreamcatcher: 11 cm by 9.5 cm.<\/span>Infinitely Ameridien style and elven necklace, unique piece !!<\/div>\n<div class=\"tlid-result-transliteration-container result-transliteration-container transliteration-container\">\n<div class=\"tlid-transliteration-content transliteration-content full\"><\/div>\n<\/div>\n","protected":false},"excerpt":{"rendered":"<p style=\"text-align: left;\"><strong>Collier pendentif inox attrape-r\u00eave, entrelacs, plumes et serti Larme d&#8217;Apache, d&#8217;inspiration am\u00e9ridien et elfique.<br \/>\n<\/strong><\/p>\n<hr \/>\n<div class=\"text-wrap tlid-copy-target\">\n<div class=\"result-shield-container tlid-copy-target\" style=\"text-align: center;\" tabindex=\"0\"><strong><span class=\"tlid-translation translation\" lang=\"en\"><span class=\"\" title=\"\">Stainless steel dreamcatcher pendant necklace, interlacing, feathers and Tear of Apache setting, Ameridian and Elvish inspiration.<\/span><\/span><\/strong><\/div>\n<\/div>\n<div class=\"tlid-result-transliteration-container result-transliteration-container transliteration-container\" style=\"text-align: center;\">\n<div class=\"tlid-transliteration-content transliteration-content full\"><\/div>\n<\/div>\n<div class=\"result-footer source-or-target-footer tlid-copy-target\" style=\"text-align: center;\"><\/div>\n","protected":false},"featured_media":3471,"comment_status":"open","ping_status":"closed","template":"","meta":[],"product_brand":[],"product_cat":[15,221],"product_tag":[31,131],"class_list":{"0":"post-3470","1":"product","2":"type-product","3":"status-publish","4":"has-post-thumbnail","6":"product_cat-diaboliques","7":"product_cat-prix-doux","8":"product_tag-collier","9":"product_tag-pendentif","10":"pa_ambiance-antique","11":"pa_ambiance-art-nouveau","12":"pa_ambiance-baroque","13":"pa_ambiance-elfique","14":"pa_ambiance-feerique","15":"pa_ambiance-gothique","16":"pa_ambiance-grece-antique","17":"pa_ambiance-victorien","18":"pa_matiere-inox","19":"pa_ornement-larme-dapache","20":"pa_ornement-pierre-semi","21":"pa_ornement-plumes","23":"first","24":"outofstock","25":"sale","26":"featured","27":"sold-individually","28":"shipping-taxable","29":"purchasable","30":"product-type-simple"},"translation":{"provider":"WPGlobus","version":"3.0.2","language":"en","enabled_languages":["fr","en"],"languages":{"fr":{"title":true,"content":true,"excerpt":true},"en":{"title":false,"content":false,"excerpt":false}}},"jetpack-related-posts":[],"jetpack_sharing_enabled":true,"_links":{"self":[{"href":"https:\/\/www.altisfain.com\/en\/wp-json\/wp\/v2\/product\/3470","targetHints":{"allow":["GET"]}}],"collection":[{"href":"https:\/\/www.altisfain.com\/en\/wp-json\/wp\/v2\/product"}],"about":[{"href":"https:\/\/www.altisfain.com\/en\/wp-json\/wp\/v2\/types\/product"}],"replies":[{"embeddable":true,"href":"https:\/\/www.altisfain.com\/en\/wp-json\/wp\/v2\/comments?post=3470"}],"wp:featuredmedia":[{"embeddable":true,"href":"https:\/\/www.altisfain.com\/en\/wp-json\/wp\/v2\/media\/3471"}],"wp:attachment":[{"href":"https:\/\/www.altisfain.com\/en\/wp-json\/wp\/v2\/media?parent=3470"}],"wp:term":[{"taxonomy":"product_brand","embeddable":true,"href":"https:\/\/www.altisfain.com\/en\/wp-json\/wp\/v2\/product_brand?post=3470"},{"taxonomy":"product_cat","embeddable":true,"href":"https:\/\/www.altisfain.com\/en\/wp-json\/wp\/v2\/product_cat?post=3470"},{"taxonomy":"product_tag","embeddable":true,"href":"https:\/\/www.altisfain.com\/en\/wp-json\/wp\/v2\/product_tag?post=3470"}],"curies":[{"name":"wp","href":"https:\/\/api.w.org\/{rel}","templated":true}]}}