{"id":3435,"date":"2020-07-07T21:48:42","date_gmt":"2020-07-07T19:48:42","guid":{"rendered":"https:\/\/www.altisfain.com\/?post_type=product&#038;p=3435"},"modified":"2026-01-01T12:40:41","modified_gmt":"2026-01-01T11:40:41","slug":"collier-inox-aux-confins-des-mondes-erebor-labradorite-doree-striee-noir","status":"publish","type":"product","link":"https:\/\/www.altisfain.com\/en\/boutique\/confins-monde\/collier-inox-aux-confins-des-mondes-erebor-labradorite-doree-striee-noir\/","title":{"rendered":"Collier inox &#8220;Aux Confins des Mondes: Erebor&#8221; Labradorite dor\u00e9e stri\u00e9e noir"},"content":{"rendered":"<p style=\"text-align: center;\">&#8220;Nous go\u00fbtions la fra\u00eecheur, l&#8217;odeur, l&#8217;humidit\u00e9 qui renouvelaient notre chair. Nous \u00e9tions perdus aux confins du monde, car nous savions d\u00e9j\u00e0 que voyager c&#8217;est avant tout changer de chair.&#8221;<br \/>\nSaint-Exup\u00e9ry.<\/p>\n<p style=\"text-align: center;\">Erebor ( Sindarin Mont solitaire ) est le plus puissant royaume Nain qui se situe au nord de la For\u00eat Noire, dominant une vaste \u00e9tendue plane, d&#8217;o\u00f9 son autre nom de Montagne Solitaire. Le Celduin y prend sa source.<br \/>\nDans Bilbo le Hobbit, on apprend que beaucoup de corbeaux vivent sur l&#8217;Erebor. La porte principale menant \u00e0 l&#8217;int\u00e9rieur du Mont Solitaire est situ\u00e9e au-dessus de la ville qui est \u00e0 la fois au pied de la montagne et au bord du Celduin. Smaug gardant cette porte, la compagnie de Thorin II d\u00e9cida de p\u00e9n\u00e9trer dans l&#8217;Erebor par la porte secr\u00e8te sur le flanc de la montagne avec la clef que Thrain remit avec la carte \u00e0 Gandalf.<\/p>\n<p style=\"text-align: center;\"><b>Collier inox articul\u00e9 serti griffe Labradorite.<br \/>\nJeux d&#8217;entrelacs sur huit fils inox martel\u00e9s main et soud\u00e9s argent.<br \/>\nCabochon forme goutte, Labradorite de tr\u00e8s belle qualit\u00e9, teintes vertes, dor\u00e9es, stri\u00e9es de noir selon la lumi\u00e8re.<br \/>\nDimension du cabochon: 4 cm par 2,5 cm.<\/b><\/p>\n<p style=\"text-align: center;\"><b>Pi\u00e8ce unique, infiniment elfique et onirique!<\/b><\/p>\n<hr \/>\n<p style=\"text-align: center;\">&#8220;We taste the freshness, odor, moisture which renew our flesh. We were lost to the confines of the world, because we already knew that traveling is all about change of flesh.&#8221;<br \/>\nSaint-Exup\u00e9ry.<\/p>\n<p style=\"text-align: center;\"><span class=\"tlid-translation translation\" lang=\"en\"><span class=\"\" title=\"\"><span title=\"\">Erebor (Sindarin Mont Solitaire) is the most powerful Dwarf kingdom which is located in the north of the Black Forest, dominating a vast flat area, hence its other name of Solitary Mountain. Celduin has its source there.<br \/>\nIn Bilbo the Hobbit, we learn that many crows live on the Erebor. The main door leading to the interior of Mont Solitaire is located above the town which is both at the foot of the mountain and on the edge of the Celduin. Smaug guarding this door, the company of Thorin II decided to enter Erebor by the secret door on the side of the mountain with the key which Thrain gave with the card to Gandalf.<\/span><\/span><\/span><\/p>\n<p><strong><span class=\"tlid-translation translation\" lang=\"en\"><span title=\"\">Articulated stainless steel necklace set with Labradorite claw.<br \/>\nInterlacing games on eight hand hammered stainless steel wires welded in silver.<br \/>\nCabochon drop shape, Labradorite of very good quality, green, golden shades, streaked with black depending on the light.<br \/>\nDimension of the cabochon: 4 cm by 2.5 cm.<br \/>\n<\/span><\/span><\/strong><\/p>\n<p><strong>Unique, infinitely elven, dreamlike!<\/strong><\/p>\n","protected":false},"excerpt":{"rendered":"<p style=\"text-align: center;\"><strong>Collier entrelacs inox et serti Labradorite verte, dor\u00e9e et stri\u00e9e de noir, d&#8217;inspiration onirique et f\u00e9\u00e9rique.<\/strong><\/p>\n<hr \/>\n<p style=\"text-align: center;\"><strong><span class=\"tlid-translation translation\" lang=\"en\"><span class=\"\" title=\"\">Necklace interlacing stainless steel and set green, golden Labradorite with black stripes , inspired dreamlike and\u00a0 magical.<\/span><\/span><\/strong><\/p>\n","protected":false},"featured_media":3436,"comment_status":"open","ping_status":"closed","template":"","meta":[],"product_brand":[],"product_cat":[17],"product_tag":[31],"class_list":{"0":"post-3435","1":"product","2":"type-product","3":"status-publish","4":"has-post-thumbnail","6":"product_cat-confins-monde","7":"product_tag-collier","8":"pa_ambiance-elfique","9":"pa_ambiance-feerique","10":"pa_matiere-inox","11":"pa_ornement-labradorite","12":"pa_ornement-labradorite-doree","13":"pa_ornement-labradorite-verte","14":"pa_ornement-pierre-semi","16":"first","17":"outofstock","18":"sold-individually","19":"shipping-taxable","20":"purchasable","21":"product-type-simple"},"translation":{"provider":"WPGlobus","version":"3.0.2","language":"en","enabled_languages":["fr","en"],"languages":{"fr":{"title":true,"content":true,"excerpt":true},"en":{"title":false,"content":false,"excerpt":false}}},"jetpack-related-posts":[],"jetpack_sharing_enabled":true,"_links":{"self":[{"href":"https:\/\/www.altisfain.com\/en\/wp-json\/wp\/v2\/product\/3435","targetHints":{"allow":["GET"]}}],"collection":[{"href":"https:\/\/www.altisfain.com\/en\/wp-json\/wp\/v2\/product"}],"about":[{"href":"https:\/\/www.altisfain.com\/en\/wp-json\/wp\/v2\/types\/product"}],"replies":[{"embeddable":true,"href":"https:\/\/www.altisfain.com\/en\/wp-json\/wp\/v2\/comments?post=3435"}],"wp:featuredmedia":[{"embeddable":true,"href":"https:\/\/www.altisfain.com\/en\/wp-json\/wp\/v2\/media\/3436"}],"wp:attachment":[{"href":"https:\/\/www.altisfain.com\/en\/wp-json\/wp\/v2\/media?parent=3435"}],"wp:term":[{"taxonomy":"product_brand","embeddable":true,"href":"https:\/\/www.altisfain.com\/en\/wp-json\/wp\/v2\/product_brand?post=3435"},{"taxonomy":"product_cat","embeddable":true,"href":"https:\/\/www.altisfain.com\/en\/wp-json\/wp\/v2\/product_cat?post=3435"},{"taxonomy":"product_tag","embeddable":true,"href":"https:\/\/www.altisfain.com\/en\/wp-json\/wp\/v2\/product_tag?post=3435"}],"curies":[{"name":"wp","href":"https:\/\/api.w.org\/{rel}","templated":true}]}}