{"id":3415,"date":"2020-07-05T16:46:22","date_gmt":"2020-07-05T14:46:22","guid":{"rendered":"https:\/\/www.altisfain.com\/?post_type=product&#038;p=3415"},"modified":"2025-12-30T16:15:11","modified_gmt":"2025-12-30T15:15:11","slug":"collier-inox-les-diaboliques-arya-stark-agate-druzy","status":"publish","type":"product","link":"https:\/\/www.altisfain.com\/en\/boutique\/diaboliques\/collier-inox-les-diaboliques-arya-stark-agate-druzy\/","title":{"rendered":"Collier inox &#8220;Les Diaboliques: Arya Stark&#8221; Agate Druzy"},"content":{"rendered":"<p style=\"text-align: center;\">&#8220;Le mot na\u00eff et \u00e9tonn\u00e9 de la Borgh\u00e8se, quand on lui demanda comment elle avait bien pu poser nue devant Canova: \u00abmais l&#8217;atelier \u00e9tait chaud! il y avait un po\u00eale!\u00bb&#8221;<br \/>\nLes Diaboliques, Barbey d&#8217;Aurevilly.<\/p>\n<p style=\"text-align: center;\">Collection inspir\u00e9e de femmes, fictives ou historiques qui, \u00e0 tord ou \u00e0 raison, ont suscit\u00e9 accusations et calomnies et marqu\u00e9 l&#8217;Histoire ou les histoires par leur personnalit\u00e9 sulfureuse&#8230;..<\/p>\n<p style=\"text-align: center;\">Arya Stark est la seconde fille de lord Eddard Stark et de lady Catelyn Stark. C&#8217;est une jeune fille rebelle de neuf ans[2] que tout oppose \u00e0 sa s\u0153ur a\u00een\u00e9e Sansa. Elle pr\u00e9f\u00e8re les combats \u00e0 l\u2019\u00e9p\u00e9e et les aventures dans les couloirs abandonn\u00e9s du ch\u00e2teau en compagnie de son demi-fr\u00e8re b\u00e2tard Jon, avec qui elle entretient une relation privil\u00e9gi\u00e9e, aux arts d&#8217;agr\u00e9ment qui constituent le seul enseignement dispens\u00e9 aux filles de grande maison.<br \/>\nElle aime l\u2019aventure et r\u00eave de l\u00e9gendes anciennes. D&#8217;un caract\u00e8re farouche et opini\u00e2tre, elle peut s&#8217;av\u00e9rer des plus t\u00eatues. Son c\u00f4t\u00e9 emport\u00e9 et impulsif peut d&#8217;ailleurs l&#8217;amener \u00e0 se montrer peu lucide et irr\u00e9fl\u00e9chie voire d&#8217;une violence extr\u00eame. Tr\u00e8s fi\u00e8re, Arya a la hantise qu&#8217;on la soup\u00e7onne d&#8217;\u00eatre l\u00e2che et la passivit\u00e9 lui est un v\u00e9ritable supplice. Elle n&#8217;en est pas moins courageuse, loyale, protectrice et sait faire preuve de sang-froid dans les situations d\u00e9licates. D\u00e9crite par sa m\u00e8re comme \u00ab Mi-gar\u00e7on mi-chiot de loup \u00bb, elle adore faire ce qui lui est interdit, ne d\u00e9daigne pas la provocation et semble r\u00e9serv\u00e9e quant \u00e0 ses sentiments.<br \/>\nPr\u00e9sum\u00e9e morte pour la plupart dans Westeros, Arya ch\u00e9rit une liste de tous ceux qu&#8217;elle d\u00e9sire tuer, comme vengeance pour elle-m\u00eame et sa famille.<\/p>\n<p style=\"text-align: center;\"><strong>Collier inox torque asym\u00e9trique, compos\u00e9 de 8 fils inox de diam\u00e8tres diff\u00e9rents, soud\u00e9s argent.<\/strong><br \/>\n<strong>Au centre des entrelacs, un cabochon de tr\u00e8s belle qualit\u00e9 forme oeil serti griffe Agate Druzy rouge avec une pointe de vert et des cristaux rouges et anthracites <\/strong><br \/>\n<strong>Le collier est mall\u00e9able, il peut se serrer et desserrer pour s&#8217;adapter au plus pr\u00e8s de votre cou .<\/strong><br \/>\n<strong>Une chaine inox et chainette de rallonge permet de fermer le collier \u00e0 l&#8217;arri\u00e8re du cou.<\/strong><br \/>\n<strong>Dimension du collier: tour de cou de 40 cm \u00e0 environ 45 cm.<\/strong><br \/>\n<strong>Dimension du cabochon: 3 cm par 1,9 cm.<\/strong><\/p>\n<p style=\"text-align: center;\"><strong>Collier infiniment antique et elfique, pi\u00e8ce unique!!<\/strong><\/p>\n<hr \/>\n<p style=\"text-align: center;\"><span class=\"tlid-translation translation\" lang=\"en\">&#8220;The naive and astonished word of the Borghese, when asked how she could have posed naked in front of Canova:&#8221; but the workshop was hot! There was a stove! &#8220;&#8221;<br \/>\nLes Diaboliques, Barbey d&#8217;Aurevilly.<\/span><\/p>\n<p style=\"text-align: center;\"><span class=\"tlid-translation translation\" lang=\"en\">Collection inspired by women, fictitious or historical who, wrongly or rightly, have aroused accusations and slanders and marked History or stories by their sulphurous personality &#8230;..<\/span><\/p>\n<p style=\"text-align: center;\"><span class=\"tlid-translation translation\" lang=\"en\">Arya Stark is the second daughter of Lord Eddard Stark and Lady Catelyn Stark. It is a rebellious nine-year-old girl whom everything opposes to her older sister Sansa. She prefers sword fighting and adventures in the abandoned corridors of the castle in the company of her bastard half-brother Jon, with whom she maintains a privileged relationship, to the arts of pleasure which constitute the only education given to girls of high House.<br \/>\nShe loves adventure and dreams of ancient legends. Of a fierce and obstinate character, she can prove to be most stubborn. His angry and impulsive side can also lead him to be less lucid and rash even of extreme violence. Very proud, Arya has the fear that she is suspected of being a coward and passivity is a real ordeal for her. She is nonetheless courageous, loyal, protective and knows how to show composure in delicate situations. Described by her mother as &#8220;Half boy half puppy wolf&#8221;, she loves to do what is forbidden for her, does not disdain provocation and seems reserved as for her feelings.<br \/>\nPresumed dead for the most part in Westeros, Arya cherishes a list of all those she wishes to kill, as revenge for herself and her family.<\/span><\/p>\n<p style=\"text-align: center;\"><strong><span class=\"tlid-translation translation\" lang=\"en\">Asymmetric torque stainless steel necklace, composed of 8 stainless steel wires of different diameters, silver welded.<br \/>\nIn the center of the tracery, a very good quality eye shape cabochon set with red Agu Druzy claw with a hint of green and red and anthracite crystals<br \/>\nThe collar is malleable, it can tighten and loosen to fit closest to your neck.<br \/>\nA stainless steel chain and extension chain closes the collar at the back of the neck.<br \/>\nSize of the necklace: neck from 40 cm to around 45 cm.<br \/>\nDimension of the cabochon: 3 cm by 1.9 cm.<\/span><\/strong><\/p>\n<p style=\"text-align: center;\"><strong><span class=\"tlid-translation translation\" lang=\"en\">Infinitely ancient and elven necklace, unique piece !!<\/span><\/strong><\/p>\n","protected":false},"excerpt":{"rendered":"<p style=\"text-align: center;\"><strong>Collier inox torque, entrelacs et serti Agate Druzy, d&#8217;inspiration fantastique et m\u00e9di\u00e9vale.<br \/>\n<\/strong><\/p>\n<hr \/>\n<p style=\"text-align: center;\"><strong><span class=\"tlid-translation translation\" lang=\"en\"><span class=\"\" title=\"\">Torc stainless steel necklace, interlacing and set with Agate Druzy, of fantastic and medieval inspiration.<\/span><\/span><\/strong><\/p>\n","protected":false},"featured_media":3416,"comment_status":"open","ping_status":"closed","template":"","meta":{"jetpack_publicize_message":"","jetpack_publicize_feature_enabled":true,"jetpack_social_post_already_shared":false,"jetpack_social_options":{"image_generator_settings":{"template":"highway","default_image_id":0,"font":"","enabled":false},"version":2}},"product_brand":[],"product_cat":[15,221],"product_tag":[31],"class_list":{"0":"post-3415","1":"product","2":"type-product","3":"status-publish","4":"has-post-thumbnail","6":"product_cat-diaboliques","7":"product_cat-prix-doux","8":"product_tag-collier","9":"pa_ambiance-antique","10":"pa_ambiance-art-nouveau","11":"pa_ambiance-baroque","12":"pa_ambiance-elfique","13":"pa_ambiance-feerique","14":"pa_ambiance-gothique","15":"pa_ambiance-grece-antique","16":"pa_ambiance-victorien","17":"pa_matiere-inox","18":"pa_ornement-agate-druzy","19":"pa_ornement-agate-druzy-rouge","20":"pa_ornement-pierre-semi","22":"first","23":"outofstock","24":"sale","25":"featured","26":"sold-individually","27":"shipping-taxable","28":"purchasable","29":"product-type-simple"},"translation":{"provider":"WPGlobus","version":"3.0.2","language":"en","enabled_languages":["fr","en"],"languages":{"fr":{"title":true,"content":true,"excerpt":true},"en":{"title":false,"content":false,"excerpt":false}}},"jetpack_publicize_connections":[],"jetpack-related-posts":[],"jetpack_sharing_enabled":true,"jetpack_likes_enabled":true,"_links":{"self":[{"href":"https:\/\/www.altisfain.com\/en\/wp-json\/wp\/v2\/product\/3415","targetHints":{"allow":["GET"]}}],"collection":[{"href":"https:\/\/www.altisfain.com\/en\/wp-json\/wp\/v2\/product"}],"about":[{"href":"https:\/\/www.altisfain.com\/en\/wp-json\/wp\/v2\/types\/product"}],"replies":[{"embeddable":true,"href":"https:\/\/www.altisfain.com\/en\/wp-json\/wp\/v2\/comments?post=3415"}],"wp:featuredmedia":[{"embeddable":true,"href":"https:\/\/www.altisfain.com\/en\/wp-json\/wp\/v2\/media\/3416"}],"wp:attachment":[{"href":"https:\/\/www.altisfain.com\/en\/wp-json\/wp\/v2\/media?parent=3415"}],"wp:term":[{"taxonomy":"product_brand","embeddable":true,"href":"https:\/\/www.altisfain.com\/en\/wp-json\/wp\/v2\/product_brand?post=3415"},{"taxonomy":"product_cat","embeddable":true,"href":"https:\/\/www.altisfain.com\/en\/wp-json\/wp\/v2\/product_cat?post=3415"},{"taxonomy":"product_tag","embeddable":true,"href":"https:\/\/www.altisfain.com\/en\/wp-json\/wp\/v2\/product_tag?post=3415"}],"curies":[{"name":"wp","href":"https:\/\/api.w.org\/{rel}","templated":true}]}}