{"id":3403,"date":"2020-07-05T16:06:23","date_gmt":"2020-07-05T14:06:23","guid":{"rendered":"https:\/\/www.altisfain.com\/?post_type=product&#038;p=3403"},"modified":"2024-10-24T00:00:21","modified_gmt":"2024-10-23T22:00:21","slug":"pendentif-inox-les-passages-celestes-les-perseides-labradorite","status":"publish","type":"product","link":"https:\/\/www.altisfain.com\/en\/boutique\/les-adoptes\/pendentif-inox-les-passages-celestes-les-perseides-labradorite\/","title":{"rendered":"Pendentif inox &#8220;les Passages C\u00e9lestes: les Pers\u00e9ides&#8221;, Labradorite"},"content":{"rendered":"<p style=\"text-align: center;\"><strong>\u201cSi la vie n&#8217;est qu&#8217;un passage, sur ce passage au moins semons des fleurs.\u201d<\/strong><br \/>\n<strong>Montaigne<\/strong><\/p>\n<p style=\"text-align: center;\"><strong>\u00ab Les Passages C\u00e9lestes \u00bb est une collection inspir\u00e9e des diff\u00e9rents portes conduisant \u00e0 des univers oniriques mais aussi personnels, des voies qui m\u00e8nent \u00e0 la pleine conscience de soi et du monde. Ces passerelles nous transportent vers des havres supr\u00eames, des finalit\u00e9s plus hautes, des buts ultimes. Ils touchent l&#8217;Histoire, la Spiritualit\u00e9, le Fantastique. Empruntons ces passages et nous entrons dans des contr\u00e9es intimes et fantaisistes.<\/strong><\/p>\n<p style=\"text-align: center;\"><strong>Les <span class=\"link-wrapper\">Pers\u00e9ides<\/span> sont une pluie d&#8217;<span class=\"link-wrapper\">\u00e9toiles filantes<\/span> tr\u00e8s c\u00e9l\u00e8bre dont la p\u00e9riode d&#8217;activit\u00e9 s&#8217;\u00e9tend entre le 17 juillet et le 24 ao\u00fbt. Le maximum se produit chaque ann\u00e9e autour du 12 ao\u00fbt (la nuit du 11 au 12 ou du 12 au 13), soit peu apr\u00e8s la Saint-Laurent, ce qui leur vaut le surnom de \u00ab\u00a0<span class=\"link-wrapper\">larmes<\/span> de Saint-Laurent\u00a0\u00bb. L&#8217;<span class=\"link-wrapper\">essaim m\u00e9t\u00e9oritique<\/span> est nomm\u00e9 Pers\u00e9ides car son <span class=\"link-wrapper\">radiant<\/span> se situe au sein de Pers\u00e9e. C&#8217;est au cours de la seconde moiti\u00e9 de la nuit que la <span class=\"link-wrapper\">constellation<\/span> est au plus haut dans le ciel.<\/strong><\/p>\n<p style=\"text-align: center;\">Torque inox ambiance art nouveau serti pierre Labradorite, entour\u00e9e d&#8217;entrelacs inox martel\u00e9s et soud\u00e9s argent.<br \/>\nCabochon de tr\u00e8s belle qualit\u00e9 forme ovale, labradorite bleue stri\u00e9es noir.<br \/>\nTorque d&#8217;environ 45 cm de tour de cou.<br \/>\nDimension du cabochon: 3,8 cm par 2,4 cm.<\/p>\n<p style=\"text-align: center;\">Pendentif infiniment elfique et mystique!!<\/p>\n<hr \/>\n<p style=\"text-align: center;\"><strong>&#8220;If life is only a passage, on this passage at least sow flowers.&#8221;<\/strong><br \/>\n<strong>Montaigne<\/strong><\/p>\n<p style=\"text-align: center;\"><strong>&#8220;The heavenly passages&#8221; is a collection inspired by the different doors leading to dreamlike but also personal worlds, paths that lead to the full awareness of oneself and the world. These bridges carry us to supreme havens, higher ends, ultimate goals. They touch History, Spirituality, Fantasy. Let&#8217;s take these passages and we enter intimate and fanciful countries.<\/strong><\/p>\n<div class=\"text-wrap tlid-copy-target\">\n<div class=\"text-wrap tlid-copy-target\">\n<p class=\"result-shield-container tlid-copy-target\" style=\"text-align: center;\" tabindex=\"0\"><strong><span class=\"tlid-translation translation\" lang=\"en\"><span title=\"\"><span class=\"\" title=\"\">The Perseids are a very famous rain of shooting stars whose period of activity extends between July 17 and August 24.<\/span> The maximum occurs each year around August 12 (the night of 11 to 12 or from 12 to 13), shortly after the St. Lawrence, which earns them the nickname &#8220;tears of St. Lawrence&#8221;. The meteorite swarm is named Perseids because its radiant is located within Perseus. It was during the second half of the night that the constellation was highest in the sky.<\/span><\/span><\/strong><\/p>\n<\/div>\n<\/div>\n<div class=\"text-wrap tlid-copy-target\">\n<div class=\"result-shield-container tlid-copy-target\" tabindex=\"0\"><span class=\"tlid-translation translation\" lang=\"en\"><span class=\"\" title=\"\">Art Nouveau stainless steel torque set with Labradorite stone, surrounded by hammered and welded stainless steel interlaces.<\/span><br \/>\n<span title=\"\">Very nice oval shape cabochon, blue labradorite with black stripes.<\/span><br \/>\n<span title=\"\">Torque about 45 cm around the neck.<\/span><br \/>\n<span title=\"\">Dimension of the cabochon: 3.8 cm by 2.4 cm.<\/span><\/span><\/div>\n<\/div>\n<p>Infinitely elven and mystical pendant !!<\/p>\n<p>&nbsp;<\/p>\n<p>&nbsp;<\/p>\n","protected":false},"excerpt":{"rendered":"<p style=\"text-align: center;\"><strong>Torque esprit elfique, serti Labradorite bleue stri\u00e9e de noir.<br \/>\n<\/strong><\/p>\n<p style=\"text-align: center;\"><strong>Infiniment mystique et onirique!<\/strong><\/p>\n<hr \/>\n<p style=\"text-align: center;\"><strong><span class=\"tlid-translation translation\" lang=\"en\"><span class=\"\" title=\"\">Elven spirit torc necklace, set with blue Labradorite with black stripes.<\/span><\/span><\/strong><\/p>\n<p style=\"text-align: center;\"><strong><span class=\"\" title=\"\">Infinitely mystical and dreamlike!<\/span><\/strong><\/p>\n","protected":false},"featured_media":3407,"comment_status":"open","ping_status":"closed","template":"","meta":[],"product_brand":[],"product_cat":[222],"product_tag":[31,131],"class_list":{"0":"post-3403","1":"product","2":"type-product","3":"status-publish","4":"has-post-thumbnail","6":"product_cat-les-adoptes","7":"product_tag-collier","8":"product_tag-pendentif","9":"pa_ambiance-baroque","10":"pa_ambiance-celtique","11":"pa_ambiance-elfique","12":"pa_ambiance-feerique","13":"pa_ambiance-mystique","14":"pa_ambiance-victorien","15":"pa_matiere-inox","16":"pa_ornement-labradorite-bleue","17":"pa_ornement-pierre-semi","19":"first","20":"outofstock","21":"shipping-taxable","22":"purchasable","23":"product-type-simple"},"translation":{"provider":"WPGlobus","version":"3.0.2","language":"en","enabled_languages":["fr","en"],"languages":{"fr":{"title":true,"content":true,"excerpt":true},"en":{"title":false,"content":false,"excerpt":false}}},"jetpack-related-posts":[],"jetpack_sharing_enabled":true,"_links":{"self":[{"href":"https:\/\/www.altisfain.com\/en\/wp-json\/wp\/v2\/product\/3403","targetHints":{"allow":["GET"]}}],"collection":[{"href":"https:\/\/www.altisfain.com\/en\/wp-json\/wp\/v2\/product"}],"about":[{"href":"https:\/\/www.altisfain.com\/en\/wp-json\/wp\/v2\/types\/product"}],"replies":[{"embeddable":true,"href":"https:\/\/www.altisfain.com\/en\/wp-json\/wp\/v2\/comments?post=3403"}],"wp:featuredmedia":[{"embeddable":true,"href":"https:\/\/www.altisfain.com\/en\/wp-json\/wp\/v2\/media\/3407"}],"wp:attachment":[{"href":"https:\/\/www.altisfain.com\/en\/wp-json\/wp\/v2\/media?parent=3403"}],"wp:term":[{"taxonomy":"product_brand","embeddable":true,"href":"https:\/\/www.altisfain.com\/en\/wp-json\/wp\/v2\/product_brand?post=3403"},{"taxonomy":"product_cat","embeddable":true,"href":"https:\/\/www.altisfain.com\/en\/wp-json\/wp\/v2\/product_cat?post=3403"},{"taxonomy":"product_tag","embeddable":true,"href":"https:\/\/www.altisfain.com\/en\/wp-json\/wp\/v2\/product_tag?post=3403"}],"curies":[{"name":"wp","href":"https:\/\/api.w.org\/{rel}","templated":true}]}}