{"id":340,"date":"2018-03-04T12:02:48","date_gmt":"2018-03-04T11:02:48","guid":{"rendered":"http:\/\/www.altisfain.com\/?post_type=product&#038;p=340"},"modified":"2025-12-30T16:15:11","modified_gmt":"2025-12-30T15:15:11","slug":"collier-laiton-les-diaboliques-la-marquise-de-merteuil-charoite","status":"publish","type":"product","link":"https:\/\/www.altisfain.com\/en\/boutique\/diaboliques\/collier-laiton-les-diaboliques-la-marquise-de-merteuil-charoite\/","title":{"rendered":"Collier inox &#8220;Les Diaboliques: la Marquise de Merteuil&#8221; Charoite"},"content":{"rendered":"<p style=\"text-align: center;\">&#8220;Le mot na\u00eff et \u00e9tonn\u00e9 de la Borgh\u00e8se, quand on lui demanda comment elle avait bien pu poser nue devant Canova: \u00abmais l&#8217;atelier \u00e9tait chaud! il y avait un po\u00eale!\u00bb&#8221;<br \/>\nLes Diaboliques, Barbey d&#8217;Aurevilly.<\/p>\n<p style=\"text-align: center;\">Collection inspir\u00e9e de femmes, fictives ou historiques qui, \u00e0 tord ou \u00e0 raison, ont suscit\u00e9 accusations et calomnies et marqu\u00e9 l&#8217;Histoire ou les histoires par leur personnalit\u00e9 sulfureuse&#8230;..<\/p>\n<p style=\"text-align: center;\">La marquise de Merteuil est un des personnages du roman \u00e9pistolaire Les Liaisons dangereuses de Choderlos de Laclos. Femme d&#8217;une grande beaut\u00e9, manipulatrice et orgueilleuse, elle est une libertine dans l&#8217;\u00e2me.<br \/>\nSon libertinage \u00e0 elle n&#8217;est pas un jeu, c&#8217;est une fa\u00e7on de croire devenir \u00e9gale aux hommes. Elle ex\u00e8cre l&#8217;amour car cela permet aux hommes d&#8217;exercer un pouvoir sur les femmes. Elle est contre les sentiments et n&#8217;h\u00e9site pas \u00e0 se faire pion des fantasmes masculins.<\/p>\n<p style=\"text-align: center;\"><b>Collier inox ras de cou compos\u00e9 de 8 fils inox de diam\u00e8tres diff\u00e9rents, soud\u00e9s argent et martel\u00e9s main.<br \/>\nEn pendentif, un cabochon de tr\u00e8s belle qualit\u00e9 forme goutte serti griffe Charoite aux teintes violettes, noires et or. Un fil inox serpente autour du serti.<br \/>\nLe collier est mall\u00e9able, il peut se serrer et desserrer pour s&#8217;adapter au plus pr\u00e8s de votre cou .<br \/>\nUne chaine inox et chainette de rallonge permet de fermer le collier \u00e0 l&#8217;arri\u00e8re du cou.<br \/>\nDimension du collier: 3 cm au plus large du collier, tour de cou de 32 cm \u00e0 environ 39 cm.<br \/>\nDimension du cabochon: 3,4 cm par 2 cm.<br \/>\n<\/b><\/p>\n<p style=\"text-align: center;\"><b>Style gothique et victorien, pi\u00e8ce unique!!<\/b><\/p>\n<hr \/>\n<p style=\"text-align: center;\">&#8220;The naive and astonished word of the Borghese, when asked how she had been able to pose naked before Canova:&#8221; but the workshop was hot, there was a stove! &#8220;&#8221;<br \/>\nThe Diabolics, Barbey d&#8217;Aurevilly.<\/p>\n<p style=\"text-align: center;\">Collection inspired by women, fictional or historical, who, rightly or wrongly, have succeeded accusations and calumnies and marked history or stories by their sulphurous personality &#8230;..<\/p>\n<p style=\"text-align: center;\">The Marquise de Merteuil is one of the characters in the epistolary novel Les Liaisons dangereuses by Choderlos de Laclos. Woman of great beauty, manipulative and proud, she is a libertine in the soul.<br \/>\nHer libertinism is not a game, it is a way of believing to become equal to men. It exeges love because it allows men to exercise power over women. She is against feelings and does not hesitate to become a pawn of male fantasies.<\/p>\n<p><strong>Stainless steel necklace composed of 8 stainless steel wires of different diameters, welded silver and hammered hand.<\/strong><br \/>\n<strong>In pendant, a cabochon of very beautiful quality forms drop sertie claw Charoite with hues violets, black and gold. A stainless steel wire winds around the crimp.<\/strong><br \/>\n<strong>The collar is malleable, it can tighten and loosen to fit closer to your neck.<\/strong><br \/>\n<strong>A stainless steel chain and chain extension allows to close the collar at the back of the neck.<\/strong><br \/>\n<strong>Size of the collar: 3 cm at the widest of the collar, neck from 32 cm to about 39 cm.<\/strong><br \/>\n<strong>Dimension of the cabochon: 3,4 cm by 2 cm.<\/strong><\/p>\n<p><strong>Necklace infinitely Victorian and Baroque !!<\/strong><\/p>\n","protected":false},"excerpt":{"rendered":"<p style=\"text-align: center;\"><strong>Collier inox ras de cou, entrelacs et serti Charoite, d&#8217;inspiration victorien et gothique.<\/strong><\/p>\n<hr \/>\n<p style=\"text-align: center;\"><strong><span class=\"tlid-translation translation\" lang=\"en\"><span class=\"\" title=\"\">Necklace stainless steel choker, tracery and set Charoite, of Victorian and Gothic inspiration.<\/span><\/span><\/strong><\/p>\n","protected":false},"featured_media":341,"comment_status":"open","ping_status":"closed","template":"","meta":[],"product_brand":[],"product_cat":[15,221],"product_tag":[31],"class_list":{"0":"post-340","1":"product","2":"type-product","3":"status-publish","4":"has-post-thumbnail","6":"product_cat-diaboliques","7":"product_cat-prix-doux","8":"product_tag-collier","9":"pa_ambiance-baroque","10":"pa_ambiance-elfique","11":"pa_ambiance-feerique","12":"pa_ambiance-futuriste","13":"pa_ambiance-gothique","14":"pa_ambiance-victorien","15":"pa_matiere-inox","16":"pa_ornement-charoite","17":"pa_ornement-pierre-semi","19":"first","20":"outofstock","21":"sale","22":"sold-individually","23":"shipping-taxable","24":"purchasable","25":"product-type-simple"},"translation":{"provider":"WPGlobus","version":"3.0.2","language":"en","enabled_languages":["fr","en"],"languages":{"fr":{"title":true,"content":true,"excerpt":true},"en":{"title":false,"content":false,"excerpt":false}}},"jetpack-related-posts":[],"jetpack_sharing_enabled":true,"_links":{"self":[{"href":"https:\/\/www.altisfain.com\/en\/wp-json\/wp\/v2\/product\/340","targetHints":{"allow":["GET"]}}],"collection":[{"href":"https:\/\/www.altisfain.com\/en\/wp-json\/wp\/v2\/product"}],"about":[{"href":"https:\/\/www.altisfain.com\/en\/wp-json\/wp\/v2\/types\/product"}],"replies":[{"embeddable":true,"href":"https:\/\/www.altisfain.com\/en\/wp-json\/wp\/v2\/comments?post=340"}],"wp:featuredmedia":[{"embeddable":true,"href":"https:\/\/www.altisfain.com\/en\/wp-json\/wp\/v2\/media\/341"}],"wp:attachment":[{"href":"https:\/\/www.altisfain.com\/en\/wp-json\/wp\/v2\/media?parent=340"}],"wp:term":[{"taxonomy":"product_brand","embeddable":true,"href":"https:\/\/www.altisfain.com\/en\/wp-json\/wp\/v2\/product_brand?post=340"},{"taxonomy":"product_cat","embeddable":true,"href":"https:\/\/www.altisfain.com\/en\/wp-json\/wp\/v2\/product_cat?post=340"},{"taxonomy":"product_tag","embeddable":true,"href":"https:\/\/www.altisfain.com\/en\/wp-json\/wp\/v2\/product_tag?post=340"}],"curies":[{"name":"wp","href":"https:\/\/api.w.org\/{rel}","templated":true}]}}