{"id":3024,"date":"2020-02-11T15:39:23","date_gmt":"2020-02-11T14:39:23","guid":{"rendered":"https:\/\/www.altisfain.com\/?post_type=product&#038;p=3024"},"modified":"2024-03-17T22:33:57","modified_gmt":"2024-03-17T21:33:57","slug":"collier-laiton-constellation-eridan-agate-druzy-bleue-canard","status":"publish","type":"product","link":"https:\/\/www.altisfain.com\/en\/boutique\/constellations\/collier-laiton-constellation-eridan-agate-druzy-bleue-canard\/","title":{"rendered":"Collier laiton &#8220;Constellation: Eridan&#8221;, Agate Druzy bleue canard"},"content":{"rendered":"<p style=\"text-align: center;\">&#8220;Il faut cependant laisser passer la mauvaise constellation et faire place \u00e0 la col\u00e8re du ciel&#8221;<br \/>\nGuez de Balzac.<\/p>\n<p style=\"text-align: center;\"><span style=\"font-family: Verdana; font-size: small;\">Cette constellation repr\u00e9sente le fleuve mythique dans lequel s&#8217;est noy\u00e9 Pha\u00e9ton, intr\u00e9pide fils du dieu-soleil H\u00e9lios, qui croyait pouvoir dompter le char solaire de son p\u00e8re. Les \u00e9gyptiens y voyaient le Nil ; d&#8217;autres plut\u00f4t le P\u00f4, l&#8217;Euphrate ou encore la rivi\u00e8re Oc\u00e9an qui entourait la Terre pour Hom\u00e8re.<\/span><\/p>\n<p style=\"text-align: center;\"><strong>Collier laiton bross\u00e9 verni satin haute r\u00e9sistance, articul\u00e9 entrelacs martel\u00e9s et soud\u00e9s argent.<\/strong><br \/>\n<strong>Travail sur 7 fils laiton.<\/strong><br \/>\n<strong>Une pierre Agate Druzy bleu canard sertie griffe est soud\u00e9e au centre du collier.<\/strong><br \/>\n<strong>Cabochon forme goutte agate druzy teinte bleu canard et blanche avec des cristaux en son centre, tr\u00e8s belle qualit\u00e9.<\/strong><br \/>\n<strong>Le tour de cou est articul\u00e9 et termin\u00e9 par une chainette de rallonge avec entrelacs pour jouer sur la longueur du collier.<\/strong><br \/>\n<strong>Dimension du cabochon: 3,5 cm par 2,8 cm..<\/strong><br \/>\n<strong>Pi\u00e8ce Unique!!<\/strong><\/p>\n<p style=\"text-align: center;\"><strong>Collier infiniment elfique et onirique!<\/strong><\/p>\n<hr \/>\n<p style=\"text-align: center;\"><span class=\"tlid-translation translation\" lang=\"en\"><span class=\"\" title=\"\">&#8220;However, we must let the wrong constellation pass and make way for the wrath of heaven&#8221;<\/span><br \/>\n<span title=\"\">Guez de Balzac.<\/span><\/span><\/p>\n<p><span class=\"tlid-translation translation\" lang=\"en\"><span title=\"\">This constellation represents the mythical river in which Phaeton, an intrepid son of the sun god Helios, drowned, who believed he could tame his father&#8217;s solar chariot.<\/span> <span title=\"\">The Egyptians saw the Nile there;<\/span> <span title=\"\">others rather the Po, the Euphrates or even the Ocean river which surrounded the Earth for Homer.<\/span><\/span><\/p>\n<p><strong><span class=\"tlid-translation translation\" lang=\"en\"><span class=\"\" title=\"\">Brushed brass necklace, high resistance satin varnish, articulated hammered and silver welded interlacing.<\/span><br \/>\n<span title=\"\">Work on 7 brass wires.<\/span><br \/>\n<span title=\"\">A duck blue Agate Druzy stone set with a claw is welded in the center of the necklace.<\/span><br \/>\n<span title=\"\">Cabochon drop shape agate druzy teal blue and white with crystals in its center, very good quality.<\/span><br \/>\n<span title=\"\">The choker is articulated and finished with an extension chain with interlacing to play on the length of the necklace.<\/span><br \/>\n<span title=\"\">Dimension of the cabochon: 3.5 cm by 2.8 cm.<\/span><br \/>\n<span title=\"\">Unique piece!!<\/span><\/span><\/strong><\/p>\n<p><strong>Collier infiniment elfique et onirique!<\/strong><\/p>\n","protected":false},"excerpt":{"rendered":"<p style=\"text-align: center;\"><strong>Collier laiton, serti Agate Druzy bleu canard, esprit mystique et elfique.<\/strong><\/p>\n","protected":false},"featured_media":3025,"comment_status":"open","ping_status":"closed","template":"","meta":[],"product_brand":[],"product_cat":[19],"product_tag":[31],"class_list":{"0":"post-3024","1":"product","2":"type-product","3":"status-publish","4":"has-post-thumbnail","6":"product_cat-constellations","7":"product_tag-collier","8":"pa_ambiance-celtique","9":"pa_ambiance-elfique","10":"pa_ambiance-feerique","11":"pa_ambiance-mystique","12":"pa_matiere-laiton","13":"pa_ornement-agate-druzy","14":"pa_ornement-pierre-bleue","15":"pa_ornement-pierre-semi","17":"first","18":"outofstock","19":"sale","20":"featured","21":"shipping-taxable","22":"purchasable","23":"product-type-simple"},"translation":{"provider":"WPGlobus","version":"3.0.2","language":"en","enabled_languages":["fr","en"],"languages":{"fr":{"title":true,"content":true,"excerpt":true},"en":{"title":false,"content":false,"excerpt":false}}},"jetpack-related-posts":[],"jetpack_sharing_enabled":true,"_links":{"self":[{"href":"https:\/\/www.altisfain.com\/en\/wp-json\/wp\/v2\/product\/3024","targetHints":{"allow":["GET"]}}],"collection":[{"href":"https:\/\/www.altisfain.com\/en\/wp-json\/wp\/v2\/product"}],"about":[{"href":"https:\/\/www.altisfain.com\/en\/wp-json\/wp\/v2\/types\/product"}],"replies":[{"embeddable":true,"href":"https:\/\/www.altisfain.com\/en\/wp-json\/wp\/v2\/comments?post=3024"}],"wp:featuredmedia":[{"embeddable":true,"href":"https:\/\/www.altisfain.com\/en\/wp-json\/wp\/v2\/media\/3025"}],"wp:attachment":[{"href":"https:\/\/www.altisfain.com\/en\/wp-json\/wp\/v2\/media?parent=3024"}],"wp:term":[{"taxonomy":"product_brand","embeddable":true,"href":"https:\/\/www.altisfain.com\/en\/wp-json\/wp\/v2\/product_brand?post=3024"},{"taxonomy":"product_cat","embeddable":true,"href":"https:\/\/www.altisfain.com\/en\/wp-json\/wp\/v2\/product_cat?post=3024"},{"taxonomy":"product_tag","embeddable":true,"href":"https:\/\/www.altisfain.com\/en\/wp-json\/wp\/v2\/product_tag?post=3024"}],"curies":[{"name":"wp","href":"https:\/\/api.w.org\/{rel}","templated":true}]}}