{"id":2755,"date":"2019-10-15T23:08:58","date_gmt":"2019-10-15T21:08:58","guid":{"rendered":"http:\/\/www.altisfain.com\/?post_type=product&#038;p=2755"},"modified":"2021-09-23T05:36:06","modified_gmt":"2021-09-23T03:36:06","slug":"bague-laiton-ring-pierre-de-soleil-naturelle","status":"publish","type":"product","link":"https:\/\/www.altisfain.com\/en\/boutique\/inktober-2019\/bague-laiton-ring-pierre-de-soleil-naturelle\/","title":{"rendered":"Bague laiton &#8220;Ring&#8221;, pierre de Soleil naturelle"},"content":{"rendered":"<p style=\"text-align: center;\"><strong>Premier du challenge Inktober, le mot Ring m&#8217;a naturellement conduit vers la cr\u00e9ation d&#8217;une bague. Et l&#8217;alliance du m\u00e9tal laiton et de la pierre de Soleil m&#8217;a tout de suite parl\u00e9!<\/strong><\/p>\n<p style=\"text-align: center;\">Bague laiton martel\u00e9e sur toile \u00e9meri, verni satin haute r\u00e9sistance.<\/p>\n<p style=\"text-align: center;\">Dimension de la monture: 3,8 cm de long<\/p>\n<p style=\"text-align: center;\">Dimension du cabochon: 1,8 cm par 1,4 cm<\/p>\n<p style=\"text-align: center;\">Dimension de l&#8217;anneau: 0,6 cm de large<\/p>\n<p style=\"text-align: center;\">Mise en forme de la taille selon votre doigt.<\/p>\n","protected":false},"excerpt":{"rendered":"<p style=\"text-align: center;\"><strong>Bague laiton verni satin et serti Pierre de Soleil naturelle, ambiance elfique et gothique!<\/strong><\/p>\n","protected":false},"featured_media":2756,"comment_status":"open","ping_status":"closed","template":"","meta":[],"product_brand":[],"product_cat":[170],"product_tag":[32],"class_list":{"0":"post-2755","1":"product","2":"type-product","3":"status-publish","4":"has-post-thumbnail","6":"product_cat-inktober-2019","7":"product_tag-bague","8":"product_shipping_class-sans-frais-de-port","9":"pa_ambiance-art-nouveau","10":"pa_ambiance-elfique","11":"pa_ambiance-gothique","12":"pa_matiere-laiton","13":"pa_ornement-pierre-de-soleil","14":"pa_ornement-pierre-naturelle","16":"first","17":"instock","18":"sold-individually","19":"shipping-taxable","20":"purchasable","21":"product-type-simple"},"translation":{"provider":"WPGlobus","version":"3.0.2","language":"en","enabled_languages":["fr","en"],"languages":{"fr":{"title":true,"content":true,"excerpt":true},"en":{"title":false,"content":false,"excerpt":false}}},"jetpack-related-posts":[],"jetpack_sharing_enabled":true,"_links":{"self":[{"href":"https:\/\/www.altisfain.com\/en\/wp-json\/wp\/v2\/product\/2755","targetHints":{"allow":["GET"]}}],"collection":[{"href":"https:\/\/www.altisfain.com\/en\/wp-json\/wp\/v2\/product"}],"about":[{"href":"https:\/\/www.altisfain.com\/en\/wp-json\/wp\/v2\/types\/product"}],"replies":[{"embeddable":true,"href":"https:\/\/www.altisfain.com\/en\/wp-json\/wp\/v2\/comments?post=2755"}],"wp:featuredmedia":[{"embeddable":true,"href":"https:\/\/www.altisfain.com\/en\/wp-json\/wp\/v2\/media\/2756"}],"wp:attachment":[{"href":"https:\/\/www.altisfain.com\/en\/wp-json\/wp\/v2\/media?parent=2755"}],"wp:term":[{"taxonomy":"product_brand","embeddable":true,"href":"https:\/\/www.altisfain.com\/en\/wp-json\/wp\/v2\/product_brand?post=2755"},{"taxonomy":"product_cat","embeddable":true,"href":"https:\/\/www.altisfain.com\/en\/wp-json\/wp\/v2\/product_cat?post=2755"},{"taxonomy":"product_tag","embeddable":true,"href":"https:\/\/www.altisfain.com\/en\/wp-json\/wp\/v2\/product_tag?post=2755"}],"curies":[{"name":"wp","href":"https:\/\/api.w.org\/{rel}","templated":true}]}}