{"id":2690,"date":"2019-09-14T16:09:22","date_gmt":"2019-09-14T14:09:22","guid":{"rendered":"http:\/\/www.altisfain.com\/?post_type=product&#038;p=2690"},"modified":"2019-10-15T12:06:42","modified_gmt":"2019-10-15T10:06:42","slug":"collier-inox-chrysalide-5-lotus-et-entrelacs","status":"publish","type":"product","link":"https:\/\/www.altisfain.com\/en\/boutique\/chrysalide\/collier-inox-chrysalide-5-lotus-et-entrelacs\/","title":{"rendered":"Collier inox Chrysalide 5 Lotus et entrelacs"},"content":{"rendered":"<p style=\"text-align: center;\">\u00ab &#8230; Tout cr\u00e9puscule est double aurore et soir. Cette formidable chrysalide qu&#8217;on appelle l&#8217;univers tr\u00e9saille \u00e9ternellement de sentir \u00e0 la fois agoniser la chenille et s&#8217;\u00e9veiller le papillon. \u00bb<br \/>\nVictor HUGO.<\/p>\n<p style=\"text-align: center;\"><span class=\"texte_paragraphe\">Le lierre symbolisait la vie \u00e9ternelle et l&#8217;attachement, il peut vivre jusqu&#8217;\u00e0 400 ans.<br \/>\n<\/span><\/p>\n<p style=\"text-align: center;\"><b>Collier sur tour de cou articul\u00e9 inox, fil inox soud\u00e9 en entrelacs.<br \/>\nCinq feuilles de lotus soud\u00e9es sur entrelacs finalisent l&#8217;ensemble.<br \/>\nInox 304L, type alimentaire, ne provoque pas d\u2019allergies, ne noircit pas.<br \/>\nAttache pendentif et cha\u00eenette de rallonge avec petite feuille de lotus qui permet de jouer sur longueur du collier.<br \/>\nDimension des feuilles de lotus: 3,1 cm par 2,9 cm et 2,4 cm par 2,1 cm.<br \/>\n<\/b><\/p>\n<p style=\"text-align: center;\"><strong>Pi\u00e8ce fait main, mod\u00e8le unique!<\/strong><\/p>\n","protected":false},"excerpt":{"rendered":"<p style=\"text-align: center;\"><strong>Collier inox articul\u00e9 entrelacs et feuilles lotus, inspiration celtique et elfique.<\/strong><\/p>\n","protected":false},"featured_media":2714,"comment_status":"open","ping_status":"closed","template":"","meta":{"jetpack_publicize_message":"","jetpack_publicize_feature_enabled":true,"jetpack_social_post_already_shared":false,"jetpack_social_options":{"image_generator_settings":{"template":"highway","default_image_id":0,"font":"","enabled":false},"version":2}},"product_brand":[],"product_cat":[28],"product_tag":[31],"class_list":{"0":"post-2690","1":"product","2":"type-product","3":"status-publish","4":"has-post-thumbnail","6":"product_cat-chrysalide","7":"product_tag-collier","8":"pa_ambiance-celtique","9":"pa_ambiance-elfique","10":"pa_ambiance-feerique","11":"pa_ambiance-victorien","12":"pa_feuille-lotus","13":"pa_matiere-inox","15":"first","16":"instock","17":"sold-individually","18":"shipping-taxable","19":"purchasable","20":"product-type-simple"},"translation":{"provider":"WPGlobus","version":"3.0.2","language":"en","enabled_languages":["fr","en"],"languages":{"fr":{"title":true,"content":true,"excerpt":true},"en":{"title":false,"content":false,"excerpt":false}}},"jetpack_publicize_connections":[],"jetpack-related-posts":[],"jetpack_sharing_enabled":true,"jetpack_likes_enabled":true,"_links":{"self":[{"href":"https:\/\/www.altisfain.com\/en\/wp-json\/wp\/v2\/product\/2690","targetHints":{"allow":["GET"]}}],"collection":[{"href":"https:\/\/www.altisfain.com\/en\/wp-json\/wp\/v2\/product"}],"about":[{"href":"https:\/\/www.altisfain.com\/en\/wp-json\/wp\/v2\/types\/product"}],"replies":[{"embeddable":true,"href":"https:\/\/www.altisfain.com\/en\/wp-json\/wp\/v2\/comments?post=2690"}],"wp:featuredmedia":[{"embeddable":true,"href":"https:\/\/www.altisfain.com\/en\/wp-json\/wp\/v2\/media\/2714"}],"wp:attachment":[{"href":"https:\/\/www.altisfain.com\/en\/wp-json\/wp\/v2\/media?parent=2690"}],"wp:term":[{"taxonomy":"product_brand","embeddable":true,"href":"https:\/\/www.altisfain.com\/en\/wp-json\/wp\/v2\/product_brand?post=2690"},{"taxonomy":"product_cat","embeddable":true,"href":"https:\/\/www.altisfain.com\/en\/wp-json\/wp\/v2\/product_cat?post=2690"},{"taxonomy":"product_tag","embeddable":true,"href":"https:\/\/www.altisfain.com\/en\/wp-json\/wp\/v2\/product_tag?post=2690"}],"curies":[{"name":"wp","href":"https:\/\/api.w.org\/{rel}","templated":true}]}}