{"id":2689,"date":"2019-09-14T16:09:19","date_gmt":"2019-09-14T14:09:19","guid":{"rendered":"http:\/\/www.altisfain.com\/?post_type=product&#038;p=2689"},"modified":"2019-10-15T12:24:36","modified_gmt":"2019-10-15T10:24:36","slug":"collier-inox-chrysalide-5-frenes-et-entrelacs","status":"publish","type":"product","link":"https:\/\/www.altisfain.com\/en\/boutique\/chrysalide\/collier-inox-chrysalide-5-frenes-et-entrelacs\/","title":{"rendered":"Collier inox Chrysalide 5 Fr\u00eanes et entrelacs"},"content":{"rendered":"<p style=\"text-align: center;\">\u00ab &#8230; Tout cr\u00e9puscule est double aurore et soir. Cette formidable chrysalide qu&#8217;on appelle l&#8217;univers tr\u00e9saille \u00e9ternellement de sentir \u00e0 la fois agoniser la chenille et s&#8217;\u00e9veiller le papillon. \u00bb<br \/>\nVictor HUGO.<\/p>\n<p style=\"text-align: center;\"><span class=\"texte_paragraphe\">Le lierre symbolisait la vie \u00e9ternelle et l&#8217;attachement, il peut vivre jusqu&#8217;\u00e0 400 ans.<br \/>\n<\/span><\/p>\n<p style=\"text-align: center;\"><b>Collier sur tour de cou articul\u00e9 inox, fil inox soud\u00e9 en entrelacs.<br \/>\nCinq feuilles de fr\u00eane soud\u00e9es sur entrelacs finalisent l&#8217;ensemble.<br \/>\nInox 304L, type alimentaire, ne provoque pas d\u2019allergies, ne noircit pas.<br \/>\nAttache pendentif et cha\u00eenette de rallonge avec petite feuille de fr\u00eane qui permet de jouer sur longueur du collier.<br \/>\nDimension des feuilles de fr\u00eane: 4 cm par 2, cm et 3,3 cm par 1,5 cm.<br \/>\n<\/b><\/p>\n<p style=\"text-align: center;\"><strong>Pi\u00e8ce fait main, mod\u00e8le unique!<\/strong><\/p>\n","protected":false},"excerpt":{"rendered":"<p style=\"text-align: center;\"><strong>Collier inox articul\u00e9 entrelacs et feuilles de fr\u00eane, inspiration celtique et elfique.<\/strong><\/p>\n","protected":false},"featured_media":2691,"comment_status":"open","ping_status":"closed","template":"","meta":[],"product_brand":[],"product_cat":[28],"product_tag":[31],"class_list":{"0":"post-2689","1":"product","2":"type-product","3":"status-publish","4":"has-post-thumbnail","6":"product_cat-chrysalide","7":"product_tag-collier","8":"pa_ambiance-celtique","9":"pa_ambiance-elfique","10":"pa_ambiance-feerique","11":"pa_ambiance-victorien","12":"pa_feuille-frene","13":"pa_matiere-inox","15":"first","16":"instock","17":"sold-individually","18":"shipping-taxable","19":"purchasable","20":"product-type-simple"},"translation":{"provider":"WPGlobus","version":"3.0.2","language":"en","enabled_languages":["fr","en"],"languages":{"fr":{"title":true,"content":true,"excerpt":true},"en":{"title":false,"content":false,"excerpt":false}}},"jetpack-related-posts":[],"jetpack_sharing_enabled":true,"_links":{"self":[{"href":"https:\/\/www.altisfain.com\/en\/wp-json\/wp\/v2\/product\/2689","targetHints":{"allow":["GET"]}}],"collection":[{"href":"https:\/\/www.altisfain.com\/en\/wp-json\/wp\/v2\/product"}],"about":[{"href":"https:\/\/www.altisfain.com\/en\/wp-json\/wp\/v2\/types\/product"}],"replies":[{"embeddable":true,"href":"https:\/\/www.altisfain.com\/en\/wp-json\/wp\/v2\/comments?post=2689"}],"wp:featuredmedia":[{"embeddable":true,"href":"https:\/\/www.altisfain.com\/en\/wp-json\/wp\/v2\/media\/2691"}],"wp:attachment":[{"href":"https:\/\/www.altisfain.com\/en\/wp-json\/wp\/v2\/media?parent=2689"}],"wp:term":[{"taxonomy":"product_brand","embeddable":true,"href":"https:\/\/www.altisfain.com\/en\/wp-json\/wp\/v2\/product_brand?post=2689"},{"taxonomy":"product_cat","embeddable":true,"href":"https:\/\/www.altisfain.com\/en\/wp-json\/wp\/v2\/product_cat?post=2689"},{"taxonomy":"product_tag","embeddable":true,"href":"https:\/\/www.altisfain.com\/en\/wp-json\/wp\/v2\/product_tag?post=2689"}],"curies":[{"name":"wp","href":"https:\/\/api.w.org\/{rel}","templated":true}]}}