{"id":2665,"date":"2019-09-14T15:06:34","date_gmt":"2019-09-14T13:06:34","guid":{"rendered":"http:\/\/www.altisfain.com\/?post_type=product&#038;p=2665"},"modified":"2020-07-06T21:23:00","modified_gmt":"2020-07-06T19:23:00","slug":"bague-psylle-palmette","status":"publish","type":"product","link":"https:\/\/www.altisfain.com\/en\/boutique\/psylle\/bague-psylle-palmette\/","title":{"rendered":"Bague Psylle Palmette"},"content":{"rendered":"<p style=\"text-align: center;\">Les Psylles sont le nom d&#8217;un peuple de Cyr\u00e9na\u00efque qui avait la r\u00e9putation de gu\u00e9rir les morsures de serpent et d&#8217;\u00eatre immunis\u00e9 contre elles. Ils d\u00e9signent \u00e9galement les charmeurs de serpents!<\/p>\n<div class=\"listing-tabs\">\n<div class=\"col-wrapper\">\n<div class=\"col-sm-12 col-md-8\">\n<div class=\"tab-contents\">\n<div class=\"tab-content\">\n<p style=\"text-align: center;\"><strong>Bague aluminium r\u00e9glable, anneau et feuille de Palmette.<br \/>\nElle est form\u00e9e sur enclume d&#8217;un seul tenant.<br \/>\nFeuille de palmette de 2,7 cm de large cm environ avec un anneau de 0,6 cm de large.<br \/>\nBague livr\u00e9e dans son \u00e9crin.<\/strong><\/p>\n<\/div>\n<\/div>\n<\/div>\n<\/div>\n<\/div>\n<p style=\"text-align: center;\"><strong>Bague infiniment elfique et onirique!! <\/strong><\/p>\n<hr \/>\n<p class=\"text-wrap tlid-copy-target\" style=\"text-align: center;\"><span class=\"tlid-translation translation\" lang=\"en\"><span class=\"\" title=\"\">The Psylles are the name of a people of Cyrenaica who had the reputation of healing snake bites and being immune to them.<\/span> <span title=\"\">They also designate snake charmers!<\/span><\/span><\/p>\n<p><strong><span title=\"\">Adjustable aluminum ring, ring and Palmette leaf.<\/span><\/strong><br \/>\n<strong><span title=\"\">It is formed on an anvil in one piece.<\/span><\/strong><br \/>\n<strong><span title=\"\">Palm leaf about 2.7 cm wide and about 0.6 cm wide.<\/span><\/strong><br \/>\n<strong><span title=\"\">Ring delivered in its case.<\/span><\/strong><\/p>\n<p><strong><span title=\"\">Ring infinitely elven and dreamlike !!<\/span><\/strong><\/p>\n<div class=\"tlid-result-transliteration-container result-transliteration-container transliteration-container\">\n<div class=\"tlid-transliteration-content transliteration-content full\"><\/div>\n<\/div>\n<div class=\"result-footer source-or-target-footer tlid-copy-target\"><\/div>\n<div class=\"tlid-source-target main-header small-font\">\n<div class=\"source-target-row\">\n<div class=\"tlid-results-container results-container\">\n<div class=\"tlid-result result-dict-wrapper\"><\/div>\n<\/div>\n<\/div>\n<div class=\"tlid-select-file-page-container\"><\/div>\n<\/div>\n<div class=\"tlid-result-view cllist\">\n<div class=\"cp-promo-wrapper\"><\/div>\n<\/div>\n<div class=\"feedback-link\"><a class=\"tlid-send-feedback-link\">Envoyer des comment<\/a><\/div>\n","protected":false},"excerpt":{"rendered":"<p style=\"text-align: center;\"><strong>Bague aluminium r\u00e9glable avec feuille de Palmette.<br \/>\n<\/strong><\/p>\n<p style=\"text-align: center;\"><strong>Bague infiniment elfique et esprit Art Nouveau.<\/strong><\/p>\n<hr \/>\n<p style=\"text-align: center;\"><span class=\"tlid-translation translation\" lang=\"en\"><strong><span class=\"\" title=\"\">Adjustable aluminum ring with Palmette leaf.<\/span><\/strong><\/span><\/p>\n<p><strong><span title=\"\">Infinitely elven ring and fantastic spirit.<\/span><\/strong><\/p>\n","protected":false},"featured_media":2670,"comment_status":"open","ping_status":"closed","template":"","meta":[],"product_brand":[],"product_cat":[26],"product_tag":[32],"class_list":{"0":"post-2665","1":"product","2":"type-product","3":"status-publish","4":"has-post-thumbnail","6":"product_cat-psylle","7":"product_tag-bague","8":"pa_ambiance-art-nouveau","9":"pa_ambiance-celtique","10":"pa_ambiance-elfique","11":"pa_ambiance-feerique","12":"pa_ambiance-medieval","13":"pa_ambiance-vegetal","14":"pa_feuille-ginkgo-biloba","15":"pa_feuille-palmette","16":"pa_matiere-aluminium","18":"first","19":"instock","20":"sold-individually","21":"shipping-taxable","22":"purchasable","23":"product-type-simple"},"translation":{"provider":"WPGlobus","version":"3.0.2","language":"en","enabled_languages":["fr","en"],"languages":{"fr":{"title":true,"content":true,"excerpt":true},"en":{"title":false,"content":false,"excerpt":false}}},"jetpack-related-posts":[],"jetpack_sharing_enabled":true,"_links":{"self":[{"href":"https:\/\/www.altisfain.com\/en\/wp-json\/wp\/v2\/product\/2665","targetHints":{"allow":["GET"]}}],"collection":[{"href":"https:\/\/www.altisfain.com\/en\/wp-json\/wp\/v2\/product"}],"about":[{"href":"https:\/\/www.altisfain.com\/en\/wp-json\/wp\/v2\/types\/product"}],"replies":[{"embeddable":true,"href":"https:\/\/www.altisfain.com\/en\/wp-json\/wp\/v2\/comments?post=2665"}],"wp:featuredmedia":[{"embeddable":true,"href":"https:\/\/www.altisfain.com\/en\/wp-json\/wp\/v2\/media\/2670"}],"wp:attachment":[{"href":"https:\/\/www.altisfain.com\/en\/wp-json\/wp\/v2\/media?parent=2665"}],"wp:term":[{"taxonomy":"product_brand","embeddable":true,"href":"https:\/\/www.altisfain.com\/en\/wp-json\/wp\/v2\/product_brand?post=2665"},{"taxonomy":"product_cat","embeddable":true,"href":"https:\/\/www.altisfain.com\/en\/wp-json\/wp\/v2\/product_cat?post=2665"},{"taxonomy":"product_tag","embeddable":true,"href":"https:\/\/www.altisfain.com\/en\/wp-json\/wp\/v2\/product_tag?post=2665"}],"curies":[{"name":"wp","href":"https:\/\/api.w.org\/{rel}","templated":true}]}}