{"id":2659,"date":"2019-09-14T11:59:34","date_gmt":"2019-09-14T09:59:34","guid":{"rendered":"http:\/\/www.altisfain.com\/?post_type=product&#038;p=2659"},"modified":"2025-10-25T20:13:17","modified_gmt":"2025-10-25T18:13:17","slug":"bague-psylle-ginkgo","status":"publish","type":"product","link":"https:\/\/www.altisfain.com\/en\/boutique\/psylle\/bague-psylle-ginkgo\/","title":{"rendered":"Bague Psylle Ginkgo"},"content":{"rendered":"<p style=\"text-align: center;\">Les Psylles sont le nom d&#8217;un peuple de Cyr\u00e9na\u00efque qui avait la r\u00e9putation de gu\u00e9rir les morsures de serpent et d&#8217;\u00eatre immunis\u00e9 contre elles. Ils d\u00e9signent \u00e9galement les charmeurs de serpents!<\/p>\n<div class=\"listing-tabs\">\n<div class=\"col-wrapper\">\n<div class=\"col-sm-12 col-md-8\">\n<div class=\"tab-contents\">\n<div class=\"tab-content\">\n<p style=\"text-align: center;\"><strong>Bague aluminium r\u00e9glable, anneau et feuille de Ginkgo.<br \/>\nElle est form\u00e9e sur enclume d&#8217;un seul tenant.<br \/>\nFeuille de ginkgo biloba de 4 cm de large cm environ avec un anneau de 0,6 cm de large.<br \/>\nBague livr\u00e9e dans son \u00e9crin.<\/strong><\/p>\n<\/div>\n<\/div>\n<\/div>\n<\/div>\n<\/div>\n<p style=\"text-align: center;\"><strong>Bague infiniment elfique et onirique!! <\/strong><\/p>\n<hr \/>\n<p style=\"text-align: center;\"><span class=\"tlid-translation translation\" lang=\"en\"><span class=\"\" title=\"\">The Psylles are the name of a people of Cyrenaica who had the reputation of healing snake bites and being immune to them.<\/span> <span title=\"\">They also designate snake charmers!<\/span><\/p>\n<p><strong><span title=\"\">Adjustable aluminum ring, ring and Ginkgo leaf.<\/span><\/strong><br \/>\n<strong><span title=\"\">It is formed on an anvil in one piece.<\/span><\/strong><br \/>\n<strong><span title=\"\">Ginkgo biloba leaf about 4 cm wide cm with a ring 0.6 cm wide.<\/span><\/strong><br \/>\n<strong><span title=\"\">Ring delivered in its case.<\/span><\/strong><\/p>\n<p><strong><span title=\"\">Ring infinitely elven and dreamlike !!<\/span><\/strong><\/span><\/p>\n","protected":false},"excerpt":{"rendered":"<p style=\"text-align: center;\"><strong>Bague aluminium r\u00e9glable avec feuille de Ginkgo Biloba.<br \/>\n<\/strong><\/p>\n<p style=\"text-align: center;\"><strong>Bague infiniment elfique et esprit Art Nouveau.<\/strong><\/p>\n<hr \/>\n<div class=\"text-wrap tlid-copy-target\" style=\"text-align: center;\"><span class=\"tlid-translation translation\" lang=\"en\"><strong><span class=\"\" title=\"\">Adjustable aluminum ring with Ginkgo Biloba leaf.<\/span><\/strong><\/p>\n<p><strong><span title=\"\">Infinitely elven ring and Art Nouveau spirit.<\/span><\/strong><\/span><\/div>\n<div class=\"tlid-result-transliteration-container result-transliteration-container transliteration-container\">\n<div class=\"tlid-transliteration-content transliteration-content full\"><\/div>\n<\/div>\n","protected":false},"featured_media":2660,"comment_status":"open","ping_status":"closed","template":"","meta":[],"product_brand":[],"product_cat":[26],"product_tag":[32],"class_list":{"0":"post-2659","1":"product","2":"type-product","3":"status-publish","4":"has-post-thumbnail","6":"product_cat-psylle","7":"product_tag-bague","8":"pa_ambiance-art-nouveau","9":"pa_ambiance-celtique","10":"pa_ambiance-elfique","11":"pa_ambiance-feerique","12":"pa_ambiance-medieval","13":"pa_ambiance-vegetal","14":"pa_feuille-nenuphar","15":"pa_matiere-aluminium","17":"first","18":"onbackorder","19":"sold-individually","20":"shipping-taxable","21":"purchasable","22":"product-type-simple"},"translation":{"provider":"WPGlobus","version":"3.0.2","language":"en","enabled_languages":["fr","en"],"languages":{"fr":{"title":true,"content":true,"excerpt":true},"en":{"title":false,"content":false,"excerpt":false}}},"jetpack-related-posts":[],"jetpack_sharing_enabled":true,"_links":{"self":[{"href":"https:\/\/www.altisfain.com\/en\/wp-json\/wp\/v2\/product\/2659","targetHints":{"allow":["GET"]}}],"collection":[{"href":"https:\/\/www.altisfain.com\/en\/wp-json\/wp\/v2\/product"}],"about":[{"href":"https:\/\/www.altisfain.com\/en\/wp-json\/wp\/v2\/types\/product"}],"replies":[{"embeddable":true,"href":"https:\/\/www.altisfain.com\/en\/wp-json\/wp\/v2\/comments?post=2659"}],"wp:featuredmedia":[{"embeddable":true,"href":"https:\/\/www.altisfain.com\/en\/wp-json\/wp\/v2\/media\/2660"}],"wp:attachment":[{"href":"https:\/\/www.altisfain.com\/en\/wp-json\/wp\/v2\/media?parent=2659"}],"wp:term":[{"taxonomy":"product_brand","embeddable":true,"href":"https:\/\/www.altisfain.com\/en\/wp-json\/wp\/v2\/product_brand?post=2659"},{"taxonomy":"product_cat","embeddable":true,"href":"https:\/\/www.altisfain.com\/en\/wp-json\/wp\/v2\/product_cat?post=2659"},{"taxonomy":"product_tag","embeddable":true,"href":"https:\/\/www.altisfain.com\/en\/wp-json\/wp\/v2\/product_tag?post=2659"}],"curies":[{"name":"wp","href":"https:\/\/api.w.org\/{rel}","templated":true}]}}