{"id":2642,"date":"2019-09-13T12:00:50","date_gmt":"2019-09-13T10:00:50","guid":{"rendered":"http:\/\/www.altisfain.com\/?post_type=product&#038;p=2642"},"modified":"2019-10-19T13:30:51","modified_gmt":"2019-10-19T11:30:51","slug":"collier-inox-les-diaboliques-irene-adler-serpentine","status":"publish","type":"product","link":"https:\/\/www.altisfain.com\/en\/boutique\/diaboliques\/collier-inox-les-diaboliques-irene-adler-serpentine\/","title":{"rendered":"Collier inox &#8220;Les Diaboliques: Ir\u00e8ne Adler&#8221; Serpentine"},"content":{"rendered":"<p style=\"text-align: center;\">&#8220;Le mot na\u00eff et \u00e9tonn\u00e9 de la Borgh\u00e8se, quand on lui demanda comment elle avait bien pu poser nue devant Canova: \u00abmais l&#8217;atelier \u00e9tait chaud! il y avait un po\u00eale!\u00bb&#8221;<br \/>\nLes Diaboliques, Barbey d&#8217;Aurevilly.<\/p>\n<p style=\"text-align: center;\">Collection inspir\u00e9e de femmes, fictives ou historiques qui, \u00e0 tord ou \u00e0 raison, ont suscit\u00e9 accusations et calomnies et marqu\u00e9 l&#8217;Histoire ou les histoires par leur personnalit\u00e9 sulfureuse&#8230;..<\/p>\n<p style=\"text-align: center;\">Personnage fictif de l&#8217;univers de Sherlock Holmes \u00e9crit par Sir Arthur Conan Doyle, Ir\u00e8ne Adler est un personnage complexe et infiniment moderne. Elle r\u00e9ussit \u00e0 faire subir \u00e0 Sherlock Holmes l&#8217;un de ses rares \u00e9checs. Elle\u00a0 doit cette victoire \u00e0 son habilet\u00e9 au d\u00e9guisement et sa vivacit\u00e9 d&#8217;esprit.Ir\u00e8ne Adler est une c\u00e9l\u00e8bre aventuri\u00e8re, tr\u00e8s belle, n\u00e9e en 1858 dans le New Jersey.Contralto, elle chante \u00e0 La Scala, puis est prima donna \u00e0 l&#8217;Op\u00e9ra imp\u00e9rial de Varsovie. Apr\u00e8s avoir abandonn\u00e9 la sc\u00e8ne elle r\u00e9side \u00e0 Londres, tout en donnant toujours quelques r\u00e9citals.Dans <i>Un scandale en Boh\u00eame<\/i>, elle poss\u00e8de une photographie compromettante d&#8217;elle et de Von Ormstein, futur roi de Boh\u00eame qui doit se marier la semaine suivante.Von Ormstein se rend chez Sherlock Holmes car il pense qu&#8217;Ir\u00e8ne Adler va utiliser cette photographie dans le but de lui nuire.Cependant Ir\u00e8ne Adler est tr\u00e8s amoureuse de Godfrey Norton avec qui elle se marie. Holmes sera m\u00eame le t\u00e9moin des mari\u00e9s.Gr\u00e2ce \u00e0 un stratag\u00e8me fond\u00e9 sur le fait que lors d&#8217;un incendie, les gens ont tendance \u00e0 prot\u00e9ger ce qu&#8217;ils ont de plus pr\u00e9cieux, il d\u00e9couvre o\u00f9 Ir\u00e8ne Adler cache cette photographie dans sa maison de Briony Lodge, Serpentine Avenue, Saint-John&#8217;s Wood.Ir\u00e8ne Adler comprend alors que Sherlock Holmes est au courant de tout, et elle part d\u00e8s le lendemain matin en Am\u00e9rique avec son nouveau mari, emportant la photographie compromettante et laissant \u00e0 la place une autre d&#8217;elle-m\u00eame.<\/p>\n<p style=\"text-align: center; padding-left: 30px;\"><b>Collier inox forme col et \u00e9pauli\u00e8re et jeu d&#8217;entrelacs.<br \/>\nUn pendentif serti griffe Serpentine avec entrelacs serpent termine l&#8217;ensemble. Un jeu de chaine serpent inox se d\u00e9plie sur les \u00e9paule et tombent sur le dos.<\/b><b><br \/>\nDimension du collier: 5 cm de large maximum sur un tour de cou de 40 cm environ.<br \/>\nDimension du cabochon: 3 cm par 2 cm.<br \/>\n<\/b><\/p>\n<p style=\"text-align: center;\"><b>Style victorien et r\u00e9solument moderne, pi\u00e8ce unique!!<\/b><\/p>\n<hr \/>\n<p style=\"text-align: center;\">&#8220;The word naive and amazed at the Borghese, when asked how she could well pose nude in front of Canova,&#8221; but the studio was hot there was a stove! &#8220;&#8221;<br \/>\nDiabolique, Barbey d&#8217;Aurevilly.<\/p>\n<p style=\"text-align: center;\">Collection inspired by women, fictional or historical, rightly or wrongly, have sucit\u00e9 accusations and slander and marked history or stories by their sulfurous personality &#8230;..<\/p>\n<p style=\"text-align: center;\">A fictional character in the Sherlock Holmes universe written by Sir Arthur Conan Doyle, Irene Adler is a complex and infinitely modern character. She managed to make Sherlock Holmes one of her rare failures. She owes this victory to her skill in disguise and alertness.Irene Adler is a famous adventurer, very beautiful, born in 1858 in New Jersey.Contralto, she sings at La Scala, then is prima donna at the Opera Imperial Palace of Warsaw. After leaving the scene she resides in London, while still giving some recitals. In A scandal in Bohemia, she has a compromising photograph of her and Von Ormstein, future King of Bohemia who is to be married the following week. goes to Sherlock Holmes because he thinks that Irene Adler is going to use this photograph in order to harm her.However Irene Adler is very in love with Godfrey Norton with whom she is getting married. Holmes will even be the witness of the bride and groom.Through a ploy based on the fact that during a fire, people tend to protect what they have most valuable, he discovers where Irene Adler hides this photograph in his house. Briony Lodge, Serpentine Avenue, St. John&#8217;s Wood.Irene Adler understands that Sherlock Holmes knows all about it, and she leaves the next morning in America with her new husband, taking the compromising photograph and leaving another d &#8216;herself.<\/p>\n<p><strong>Stainless collar neck and shoulder collar and interlaced set.<\/strong><br \/>\n<strong>A serpentine claw pendant with snake tracery finishes the set. A stainless steel snake chain game unfolds over the shoulder and fall on the back.<\/strong><br \/>\n<strong>Necklace size: 5 cm wide maximum on a neck around 40 cm.<\/strong><br \/>\n<strong>Dimension of the cabochon: 3 cm by 2 cm.<\/strong><\/p>\n<p><strong>Victorian style and resolutely modern, unique piece !!<\/strong><\/p>\n","protected":false},"excerpt":{"rendered":"<p style=\"text-align: center;\"><strong>Collier inox , forme col victorien, entrelacs et pendentif serti Serpentine, esprit victorien avec un soup\u00e7on gothique.<\/strong><\/p>\n<hr \/>\n<p style=\"text-align: center;\"><strong><span class=\"tlid-translation translation\" lang=\"en\"><span class=\"\" title=\"\">Stainless steel necklace, Victorian neck shape, Serpentine serrated tracery and pendant, Victorian spirit with a gothic hint.<\/span><\/span><\/strong><\/p>\n","protected":false},"featured_media":2643,"comment_status":"open","ping_status":"closed","template":"","meta":[],"product_brand":[],"product_cat":[15],"product_tag":[31],"class_list":{"0":"post-2642","1":"product","2":"type-product","3":"status-publish","4":"has-post-thumbnail","6":"product_cat-diaboliques","7":"product_tag-collier","8":"pa_ambiance-baroque","9":"pa_ambiance-celtique","10":"pa_ambiance-elfique","11":"pa_ambiance-feerique","12":"pa_ambiance-gothique","13":"pa_ambiance-historique","14":"pa_ambiance-victorien","15":"pa_matiere-inox","16":"pa_ornement-pierre-semi","17":"pa_ornement-serpentine","19":"first","20":"instock","21":"featured","22":"sold-individually","23":"shipping-taxable","24":"purchasable","25":"product-type-simple"},"translation":{"provider":"WPGlobus","version":"3.0.2","language":"en","enabled_languages":["fr","en"],"languages":{"fr":{"title":true,"content":true,"excerpt":true},"en":{"title":false,"content":false,"excerpt":false}}},"jetpack-related-posts":[],"jetpack_sharing_enabled":true,"_links":{"self":[{"href":"https:\/\/www.altisfain.com\/en\/wp-json\/wp\/v2\/product\/2642","targetHints":{"allow":["GET"]}}],"collection":[{"href":"https:\/\/www.altisfain.com\/en\/wp-json\/wp\/v2\/product"}],"about":[{"href":"https:\/\/www.altisfain.com\/en\/wp-json\/wp\/v2\/types\/product"}],"replies":[{"embeddable":true,"href":"https:\/\/www.altisfain.com\/en\/wp-json\/wp\/v2\/comments?post=2642"}],"wp:featuredmedia":[{"embeddable":true,"href":"https:\/\/www.altisfain.com\/en\/wp-json\/wp\/v2\/media\/2643"}],"wp:attachment":[{"href":"https:\/\/www.altisfain.com\/en\/wp-json\/wp\/v2\/media?parent=2642"}],"wp:term":[{"taxonomy":"product_brand","embeddable":true,"href":"https:\/\/www.altisfain.com\/en\/wp-json\/wp\/v2\/product_brand?post=2642"},{"taxonomy":"product_cat","embeddable":true,"href":"https:\/\/www.altisfain.com\/en\/wp-json\/wp\/v2\/product_cat?post=2642"},{"taxonomy":"product_tag","embeddable":true,"href":"https:\/\/www.altisfain.com\/en\/wp-json\/wp\/v2\/product_tag?post=2642"}],"curies":[{"name":"wp","href":"https:\/\/api.w.org\/{rel}","templated":true}]}}