{"id":2639,"date":"2019-09-13T10:35:14","date_gmt":"2019-09-13T08:35:14","guid":{"rendered":"http:\/\/www.altisfain.com\/?post_type=product&#038;p=2639"},"modified":"2024-09-11T08:52:39","modified_gmt":"2024-09-11T06:52:39","slug":"boucles-doreilles-inox-les-diaboliques-daenerys-targaryen","status":"publish","type":"product","link":"https:\/\/www.altisfain.com\/en\/boutique\/diaboliques\/boucles-doreilles-inox-les-diaboliques-daenerys-targaryen\/","title":{"rendered":"Boucles d&#8217;oreilles inox &#8220;Les Diaboliques: Daenerys Targaryen&#8221;"},"content":{"rendered":"<p style=\"text-align: center;\">&#8220;Le mot na\u00eff et \u00e9tonn\u00e9 de la Borgh\u00e8se, quand on lui demanda comment elle avait bien pu poser nue devant Canova: \u00abmais l&#8217;atelier \u00e9tait chaud! il y avait un po\u00eale!\u00bb&#8221;<br \/>\nLes Diaboliques, Barbey d&#8217;Aurevilly.<\/p>\n<p style=\"text-align: center;\">Collection inspir\u00e9e de femmes, fictives ou historiques qui, \u00e0 tord ou \u00e0 raison, ont suscit\u00e9 accusations et calomnies et marqu\u00e9 l&#8217;Histoire ou les histoires par leur personnalit\u00e9 sulfureuse&#8230;..<\/p>\n<p style=\"text-align: center;\">Daenerys est pr\u00e9sent\u00e9e comme une femme d&#8217;exception, \u00e0 la fois ferme et g\u00e9n\u00e9reuse. Son altruisme lui fait abolir l&#8217;esclavage et aider les malheureux, mais elle punit s\u00e9v\u00e8rement les personnes qui lui font du tort. Au d\u00e9but peu s\u00fbre d&#8217;elle et de ses qualit\u00e9s de reine, elle finit par gagner en confiance et autorit\u00e9 sur les autres. Elle parle couramment le valyrien qui est sa langue maternelle, et le dothraki qu&#8217;elle a ma\u00eetris\u00e9 en une ann\u00e9e. Daenerys est vue par certains analystes des romans et de la s\u00e9rie t\u00e9l\u00e9vis\u00e9e comme une ic\u00f4ne moderne du f\u00e9minisme<sup id=\"cite_ref-3\" class=\"reference\"><\/sup>.<\/p>\n<p style=\"text-align: center;\"><strong>Boucles d&#8217;oreilles inox, compos\u00e9 d&#8217; ailes de dragon martel\u00e9es main et vaguel\u00e9es.<\/strong><br \/>\n<strong>Attaches argent 925.<\/strong><br \/>\n<strong>Dimension des ailes:8,8 cm sur 3,2 cm au plus large.<br \/>\n<\/strong><\/p>\n<p style=\"text-align: center;\"><strong>Collier infiniment antique et elfique, pi\u00e8ce unique!!<\/strong><\/p>\n<hr \/>\n<p style=\"text-align: center;\">&#8220;The naive and astonished word of Borghese, when asked how she had been able to pose naked in front of Canova:&#8221; but the workshop was hot! There was a stove! &#8220;&#8221;<br \/>\nThe Diabolical, Barbey d&#8217;Aurevilly.<\/p>\n<p style=\"text-align: center;\">Collection inspired by women, fictional or historical, who, rightly or wrongly, aroused accusations and slander and marked History or stories by their sulphurous personality &#8230;..<\/p>\n<p style=\"text-align: center;\">Daenerys is presented as an exceptional woman, both firm and generous. His altruism makes him abolish slavery and help the unfortunate, but it severely punishes those who harm him. At first unsure of herself and her queenly qualities, she ends up gaining confidence and authority over others. She is fluent in Valyrian, her mother tongue, and the dothraki she has mastered in a year. Daenerys is seen by some analysts of novels and television series as a modern icon of feminism.<\/p>\n<p><strong>Stainless steel earrings, composed of hammered dragon wings hand and vaguel\u00e9es.<\/strong><br \/>\n<strong>Fasteners 925 silver.<\/strong><br \/>\n<strong>Wing dimensions: 8.8 cm by 3.2 cm at the widest point.<\/strong><\/p>\n<p><strong>Earrings infinitely antique and elfic, unique piece !!<\/strong><\/p>\n","protected":false},"excerpt":{"rendered":"<p style=\"text-align: center;\"><strong>Boucles d&#8217;oreilles inox, ailes de dragon, d&#8217;inspiration fantastique et m\u00e9di\u00e9vale.<br \/>\n<\/strong><\/p>\n<hr \/>\n<p style=\"text-align: center;\"><strong><span class=\"tlid-translation translation\" lang=\"en\"><span class=\"\" title=\"\">Stainless steel earrings, dragon wings, fantasy and medieval inspiration.<\/span><\/span><\/strong><\/p>\n","protected":false},"featured_media":2640,"comment_status":"open","ping_status":"closed","template":"","meta":[],"product_brand":[],"product_cat":[15],"product_tag":[34],"class_list":{"0":"post-2639","1":"product","2":"type-product","3":"status-publish","4":"has-post-thumbnail","6":"product_cat-diaboliques","7":"product_tag-boucles-oreilles","8":"pa_ambiance-antique","9":"pa_ambiance-art-nouveau","10":"pa_ambiance-baroque","11":"pa_ambiance-elfique","12":"pa_ambiance-feerique","13":"pa_ambiance-gothique","14":"pa_ambiance-grece-antique","15":"pa_ambiance-victorien","16":"pa_matiere-argent-925","17":"pa_matiere-inox","19":"first","20":"instock","21":"featured","22":"shipping-taxable","23":"purchasable","24":"product-type-simple"},"translation":{"provider":"WPGlobus","version":"3.0.2","language":"en","enabled_languages":["fr","en"],"languages":{"fr":{"title":true,"content":true,"excerpt":true},"en":{"title":false,"content":false,"excerpt":false}}},"jetpack-related-posts":[],"jetpack_sharing_enabled":true,"_links":{"self":[{"href":"https:\/\/www.altisfain.com\/en\/wp-json\/wp\/v2\/product\/2639","targetHints":{"allow":["GET"]}}],"collection":[{"href":"https:\/\/www.altisfain.com\/en\/wp-json\/wp\/v2\/product"}],"about":[{"href":"https:\/\/www.altisfain.com\/en\/wp-json\/wp\/v2\/types\/product"}],"replies":[{"embeddable":true,"href":"https:\/\/www.altisfain.com\/en\/wp-json\/wp\/v2\/comments?post=2639"}],"wp:featuredmedia":[{"embeddable":true,"href":"https:\/\/www.altisfain.com\/en\/wp-json\/wp\/v2\/media\/2640"}],"wp:attachment":[{"href":"https:\/\/www.altisfain.com\/en\/wp-json\/wp\/v2\/media?parent=2639"}],"wp:term":[{"taxonomy":"product_brand","embeddable":true,"href":"https:\/\/www.altisfain.com\/en\/wp-json\/wp\/v2\/product_brand?post=2639"},{"taxonomy":"product_cat","embeddable":true,"href":"https:\/\/www.altisfain.com\/en\/wp-json\/wp\/v2\/product_cat?post=2639"},{"taxonomy":"product_tag","embeddable":true,"href":"https:\/\/www.altisfain.com\/en\/wp-json\/wp\/v2\/product_tag?post=2639"}],"curies":[{"name":"wp","href":"https:\/\/api.w.org\/{rel}","templated":true}]}}