{"id":254,"date":"2018-03-02T15:01:33","date_gmt":"2018-03-02T14:01:33","guid":{"rendered":"http:\/\/www.altisfain.com\/?post_type=product&#038;p=254"},"modified":"2020-03-09T00:00:35","modified_gmt":"2020-03-08T23:00:35","slug":"collier-histoires-delles-la-vamp-agate-orange-toile-daraignee","status":"publish","type":"product","link":"https:\/\/www.altisfain.com\/en\/boutique\/histoires-elles\/collier-histoires-delles-la-vamp-agate-orange-toile-daraignee\/","title":{"rendered":"Collier &#8220;Histoires d&#8217;Elles: la Vamp&#8221; Agate Orange Toile d&#8217;Araign\u00e9e"},"content":{"rendered":"<p style=\"text-align: center;\">&#8220;On attend l&#8217;ultime pr\u00e9datrice dans sa robe de vamp-araign\u00e9e et l&#8217;acier de son lady-smith au moment du dernier baiser.&#8221;<br \/>\nHubert F\u00e9lix Thi\u00e9faine<\/p>\n<p style=\"text-align: center;\">La collection s&#8217;appelle \u00ab Histoires d&#8217;Elles \u00bb : elle parle de nous, les Femmes, une Ode \u00e0 cette F\u00e9minit\u00e9 multiple et sacr\u00e9e.<br \/>\nCe sont des histoires \u00e0 la fois communes et personnelles,un retour sur nos qualit\u00e9s assum\u00e9es, nos talents revendiqu\u00e9s mais aussi nos travers, nos fantaisies voir nos manies que l&#8217;on souhaite cacher, mais qui nous rendent uniques, sp\u00e9ciales, qui font de nous ce que nous sommes.<br \/>\nCes cr\u00e9ations n&#8217;enjolivent pas mais subliment toutes ces parts de nous, sans rien omettre.<br \/>\nJe vous souhaite de belles histoires avec cette collection, que vous puissiez vous rencontrer et vous raconter \u00e0 travers elle.<\/p>\n<p style=\"text-align: center;\"><b>Ce collier marie un plastron articul\u00e9 avec entrelacs en feuille de lierre et un serti griffe Agate orange &#8220;toile d&#8217;araign\u00e9e&#8221;.<br \/>\nLa pierre est un cabochon de forme ovale, de tr\u00e8s belle qualit\u00e9 avec des teintes orang\u00e9es et des veines noires.<br \/>\nLe m\u00e9tal utilis\u00e9 est un inox type alimentaire, poli et martel\u00e9 main.<br \/>\nLe tour de cou se termine par un mousqueton et une chainette de rallonge agr\u00e9ment\u00e9e d&#8217;une feuille de lierre. Cela permet de jouer sur la longueur du collier et ajoute \u00e0 l&#8217;ensemble une coh\u00e9rence harmonieuse.<br \/>\nDimension des feuilles de lierre: 2,5 cm par 2,5 cm et 3,5cm par 2,4 cm.<br \/>\nDimension du cabochon: 3 cm par 2,3 cm.<br \/>\n<\/b><\/p>\n<p style=\"text-align: center;\"><strong>Collier infiniment&#8230;. je vous laisse libre des interpr\u00e9tations!<\/strong><\/p>\n<p>&nbsp;<\/p>\n<p>&nbsp;<\/p>\n","protected":false},"excerpt":{"rendered":"<p style=\"text-align: center;\"><strong>Collier inox mariant serti Agate Orange Toile d&#8217;Araign\u00e9e et feuilles de lierre hedera d&#8217;inspiration elfique et onirique.<\/strong><\/p>\n","protected":false},"featured_media":256,"comment_status":"open","ping_status":"closed","template":"","meta":[],"product_brand":[],"product_cat":[20],"product_tag":[31],"class_list":{"0":"post-254","1":"product","2":"type-product","3":"status-publish","4":"has-post-thumbnail","6":"product_cat-histoires-elles","7":"product_tag-collier","8":"pa_ambiance-art-nouveau","9":"pa_ambiance-bucolique","10":"pa_ambiance-celtique","11":"pa_ambiance-elfique","12":"pa_ambiance-feerique","13":"pa_feuille-hedera","14":"pa_matiere-inox","15":"pa_ornement-pierre-semi","17":"first","18":"instock","19":"sold-individually","20":"shipping-taxable","21":"purchasable","22":"product-type-simple"},"translation":{"provider":"WPGlobus","version":"3.0.2","language":"en","enabled_languages":["fr","en"],"languages":{"fr":{"title":true,"content":true,"excerpt":true},"en":{"title":false,"content":false,"excerpt":false}}},"jetpack-related-posts":[],"jetpack_sharing_enabled":true,"_links":{"self":[{"href":"https:\/\/www.altisfain.com\/en\/wp-json\/wp\/v2\/product\/254","targetHints":{"allow":["GET"]}}],"collection":[{"href":"https:\/\/www.altisfain.com\/en\/wp-json\/wp\/v2\/product"}],"about":[{"href":"https:\/\/www.altisfain.com\/en\/wp-json\/wp\/v2\/types\/product"}],"replies":[{"embeddable":true,"href":"https:\/\/www.altisfain.com\/en\/wp-json\/wp\/v2\/comments?post=254"}],"wp:featuredmedia":[{"embeddable":true,"href":"https:\/\/www.altisfain.com\/en\/wp-json\/wp\/v2\/media\/256"}],"wp:attachment":[{"href":"https:\/\/www.altisfain.com\/en\/wp-json\/wp\/v2\/media?parent=254"}],"wp:term":[{"taxonomy":"product_brand","embeddable":true,"href":"https:\/\/www.altisfain.com\/en\/wp-json\/wp\/v2\/product_brand?post=254"},{"taxonomy":"product_cat","embeddable":true,"href":"https:\/\/www.altisfain.com\/en\/wp-json\/wp\/v2\/product_cat?post=254"},{"taxonomy":"product_tag","embeddable":true,"href":"https:\/\/www.altisfain.com\/en\/wp-json\/wp\/v2\/product_tag?post=254"}],"curies":[{"name":"wp","href":"https:\/\/api.w.org\/{rel}","templated":true}]}}