{"id":2470,"date":"2019-06-17T11:18:27","date_gmt":"2019-06-17T09:18:27","guid":{"rendered":"http:\/\/www.altisfain.com\/?post_type=product&#038;p=2470"},"modified":"2020-03-09T00:00:36","modified_gmt":"2020-03-08T23:00:36","slug":"collier-histoires-delles-la-delicate-agate-druzy-copie","status":"publish","type":"product","link":"https:\/\/www.altisfain.com\/en\/boutique\/histoires-elles\/collier-histoires-delles-la-delicate-agate-druzy-copie\/","title":{"rendered":"Collier &#8220;Histoires d&#8217;Elles: la D\u00e9licate&#8221; Agate Druzy"},"content":{"rendered":"<p style=\"text-align: center;\">\u201cLa coquetterie aga\u00e7ante de la femme a des d\u00e9licatesses exquises.\u201d<br \/>\nMadame Rolland.<\/p>\n<p style=\"text-align: center;\">La collection s&#8217;appelle \u00ab Histoires d&#8217;Elles \u00bb : elle parle de nous, les Femmes, une Ode \u00e0 cette F\u00e9minit\u00e9 multiple et sacr\u00e9e.<br \/>\nCe sont des histoires \u00e0 la fois communes et personnelles,un retour sur nos qualit\u00e9s assum\u00e9es, nos talents revendiqu\u00e9s mais aussi nos travers, nos fantaisies voir nos manies que l&#8217;on souhaite cacher, mais qui nous rendent uniques, sp\u00e9ciales, qui font de nous ce que nous sommes.<br \/>\nCes cr\u00e9ations n&#8217;enjolivent pas mais subliment toutes ces parts de nous, sans rien omettre.<br \/>\nJe vous souhaite de belles histoires avec cette collection, que vous puissiez vous rencontrer et vous raconter \u00e0 travers elle.<\/p>\n<p style=\"text-align: center;\"><strong>Ce collier elfique marie un tour de cou articul\u00e9 avec entrelacs en feuille de bouleau et un pendentif serti feuille bouleau et Agate Druzy.<br \/>\nLa pierre est un cabochon de forme goutte, de tr\u00e8s belle qualit\u00e9 avec des teintes rouges et roses, des cristaux en son centre.<br \/>\nLe m\u00e9tal utilis\u00e9 est un inox type alimentaire, poli et martel\u00e9 main.<br \/>\nLe tour de cou se termine par un mousqueton et une chainette de rallonge agr\u00e9ment\u00e9e d&#8217;une feuille de bouleau. Cela permet de jouer sur la longueur du collier et ajoute \u00e0 l&#8217;ensemble une coh\u00e9rence harmonieuse.<br \/>\nDimension des feuilles de bouleau: 2,5 cm par 2 cm.<br \/>\nDimension du cabochon: 3,3 cm par 4,1 cm.<br \/>\nDimension du pendentif: 9 cm par 5,5 cm.<\/strong><\/p>\n<p>&nbsp;<\/p>\n<p style=\"text-align: center;\"><strong>Collier infiniment&#8230;. je vous laisse libre des interpr\u00e9tations!<\/strong><\/p>\n<hr \/>\n<p style=\"text-align: center;\">&#8220;The annoying coquetry of the woman has exquisite delicacies.&#8221;<br \/>\nMrs. Rolland.<\/p>\n<p style=\"text-align: center;\">The collection is called &#8220;Histoires d&#8217;Elles&#8221;: it speaks about us, Women, an Ode to this multiple and sacred Femininity.<br \/>\nThese are stories both common and personal, a return on our qualities assumed, our talents claimed but also our failings, our fantasies see our manias that we want to hide, but that make us unique, special, that make us what we are.<br \/>\nThese creations do not beautify but sublimate all these parts of us, without omitting anything.<br \/>\nI wish you beautiful stories with this collection, that you can meet and tell you through it.<\/p>\n<p style=\"text-align: center;\"><strong>This elven necklace features an articulated choker with birch leaf tracery and a birch leaf and Druzy Agate pendant.<\/strong><br \/>\n<strong>The stone is a cabochon drop shape, very good quality with red and pink hues, crystals in the center.<\/strong><br \/>\n<strong>The metal used is a stainless food type, polished and hammered hand.<\/strong><br \/>\n<strong>The choker ends with a carabiner and an extension chain embellished with a birch leaf. This allows to play on the length of the necklace and adds to the whole a harmonious coherence.<\/strong><br \/>\n<strong>Size of birch leaves: 2.5 cm by 2 cm.<\/strong><br \/>\n<strong>Size of the cabochon: 3.3 cm by 4.1 cm.<\/strong><br \/>\n<strong>Dimension of the pendant: 9 cm by 5.5 cm.<\/strong><\/p>\n<p style=\"text-align: center;\"><strong>Size of the pendant: 6.5 cm by 3.2 cm.<\/strong><\/p>\n<p style=\"text-align: center;\"><strong>Necklace infinitely &#8230;. I leave you free interpretations!<\/strong><\/p>\n<p>&nbsp;<\/p>\n<p>&nbsp;<\/p>\n<p>&nbsp;<\/p>\n","protected":false},"excerpt":{"rendered":"<p style=\"text-align: center;\"><strong>Collier inox mariant serti Agate Druzy rose et feuilles de bouleau, inspiration elfique et onirique.<\/strong><\/p>\n<hr \/>\n<p style=\"text-align: center;\"><strong><span class=\"tlid-translation translation\" lang=\"en\"><span class=\"\" title=\"\">Stainless steel necklace set with Agate Druzy rose and birch leaves, elven and dreamlike inspiration.<\/span><\/span><\/strong><\/p>\n","protected":false},"featured_media":2780,"comment_status":"open","ping_status":"closed","template":"","meta":[],"product_brand":[],"product_cat":[20],"product_tag":[31],"class_list":{"0":"post-2470","1":"product","2":"type-product","3":"status-publish","4":"has-post-thumbnail","6":"product_cat-histoires-elles","7":"product_tag-collier","8":"pa_ambiance-art-nouveau","9":"pa_ambiance-bucolique","10":"pa_ambiance-celtique","11":"pa_ambiance-elfique","12":"pa_ambiance-feerique","13":"pa_feuille-bouleau","14":"pa_matiere-inox","15":"pa_ornement-agate-druzy","16":"pa_ornement-agate-druzy-rose","17":"pa_ornement-pierre-naturelle","19":"first","20":"instock","21":"featured","22":"sold-individually","23":"shipping-taxable","24":"purchasable","25":"product-type-simple"},"translation":{"provider":"WPGlobus","version":"3.0.2","language":"en","enabled_languages":["fr","en"],"languages":{"fr":{"title":true,"content":true,"excerpt":true},"en":{"title":false,"content":false,"excerpt":false}}},"jetpack-related-posts":[],"jetpack_sharing_enabled":true,"_links":{"self":[{"href":"https:\/\/www.altisfain.com\/en\/wp-json\/wp\/v2\/product\/2470","targetHints":{"allow":["GET"]}}],"collection":[{"href":"https:\/\/www.altisfain.com\/en\/wp-json\/wp\/v2\/product"}],"about":[{"href":"https:\/\/www.altisfain.com\/en\/wp-json\/wp\/v2\/types\/product"}],"replies":[{"embeddable":true,"href":"https:\/\/www.altisfain.com\/en\/wp-json\/wp\/v2\/comments?post=2470"}],"wp:featuredmedia":[{"embeddable":true,"href":"https:\/\/www.altisfain.com\/en\/wp-json\/wp\/v2\/media\/2780"}],"wp:attachment":[{"href":"https:\/\/www.altisfain.com\/en\/wp-json\/wp\/v2\/media?parent=2470"}],"wp:term":[{"taxonomy":"product_brand","embeddable":true,"href":"https:\/\/www.altisfain.com\/en\/wp-json\/wp\/v2\/product_brand?post=2470"},{"taxonomy":"product_cat","embeddable":true,"href":"https:\/\/www.altisfain.com\/en\/wp-json\/wp\/v2\/product_cat?post=2470"},{"taxonomy":"product_tag","embeddable":true,"href":"https:\/\/www.altisfain.com\/en\/wp-json\/wp\/v2\/product_tag?post=2470"}],"curies":[{"name":"wp","href":"https:\/\/api.w.org\/{rel}","templated":true}]}}