{"id":2460,"date":"2019-06-17T11:05:24","date_gmt":"2019-06-17T09:05:24","guid":{"rendered":"http:\/\/www.altisfain.com\/?post_type=product&#038;p=2460"},"modified":"2020-11-08T12:07:42","modified_gmt":"2020-11-08T11:07:42","slug":"collier-histoires-delles-la-caressante-agate-druzy","status":"publish","type":"product","link":"https:\/\/www.altisfain.com\/en\/boutique\/histoires-elles\/collier-histoires-delles-la-caressante-agate-druzy\/","title":{"rendered":"Collier &#8220;Histoires d&#8217;Elles: la Caressante&#8221; Agate Druzy"},"content":{"rendered":"<p style=\"text-align: center;\">&#8220;<span style=\"color: black; font-size: medium;\">Et chacun tue la chose qu&#8217;il aime, que tous entendent ceci : les uns le font avec un regard de haine, d&#8217;autres avec des paroles caressantes, le l\u00e2che avec un baiser, l&#8217;homme brave avec une \u00e9p\u00e9e.<\/span>&#8221;<br \/>\nOscar Wilde.<\/p>\n<p style=\"text-align: center;\">La collection s&#8217;appelle \u00ab Histoires d&#8217;Elles \u00bb : elle parle de nous, les Femmes, une Ode \u00e0 cette F\u00e9minit\u00e9 multiple et sacr\u00e9e.<br \/>\nCe sont des histoires \u00e0 la fois communes et personnelles,un retour sur nos qualit\u00e9s assum\u00e9es, nos talents revendiqu\u00e9s mais aussi nos travers, nos fantaisies voir nos manies que l&#8217;on souhaite cacher, mais qui nous rendent uniques, sp\u00e9ciales, qui font de nous ce que nous sommes.<br \/>\nCes cr\u00e9ations n&#8217;enjolivent pas mais subliment toutes ces parts de nous, sans rien omettre.<br \/>\nJe vous souhaite de belles histoires avec cette collection, que vous puissiez vous rencontrer et vous raconter \u00e0 travers elle.<\/p>\n<p style=\"text-align: center;\"><strong>Ce collier elfique marie un tour de cou articul\u00e9 avec entrelacs en feuille de ginkgo biloba et un pendentif serti feuille lierre et Agate Druzy.<br \/>\nLa pierre est un cabochon de forme ovale, de tr\u00e8s belle qualit\u00e9 avec des teintes blanches et roses, des cristaux en son centre.<br \/>\nLe m\u00e9tal utilis\u00e9 est un inox type alimentaire, poli et martel\u00e9 main.<br \/>\nLe tour de cou se termine par un mousqueton et une chainette de rallonge agr\u00e9ment\u00e9e d&#8217;une feuille ginkgo. Cela permet de jouer sur la longueur du collier et ajoute \u00e0 l&#8217;ensemble une coh\u00e9rence harmonieuse.<br \/>\nDimension des feuilles de ginkgo: 2 cm par 2 cm.<br \/>\nDimension du cabochon: 3,2 cm par 4,2 cm.<br \/>\nDimension du pendentif: 9 cm par 5 cm.<\/strong><\/p>\n<p>&nbsp;<\/p>\n<p style=\"text-align: center;\"><strong>Collier infiniment&#8230;. je vous laisse libre des interpr\u00e9tations!<\/strong><\/p>\n<hr \/>\n<p style=\"text-align: center;\">&#8220;And everyone kills the thing he loves, that all hear this: some do it with a look of hate, others with caressing words, the coward with a kiss, the brave man with a sword. &#8221;<br \/>\nOscar Wilde.<\/p>\n<p style=\"text-align: center;\">The collection is called &#8220;Histoires d&#8217;Elles&#8221;: it speaks about us, Women, an Ode to this multiple and sacred Femininity.<br \/>\nThese are stories both common and personal, a return on our qualities assumed, our talents claimed but also our failings, our fantasies see our manias that we want to hide, but that make us unique, special, that make us what we are.<br \/>\nThese creations do not beautify but sublimate all these parts of us, without omitting anything.<br \/>\nI wish you beautiful stories with this collection, that you can meet and tell you through it.<\/p>\n<p style=\"text-align: center;\"><strong>This elven necklace combines an articulated choker with ginkgo biloba leaf tracery and a ginkgo leaf and Agate Druzy pendant.<\/strong><br \/>\n<strong>The stone is an oval cabochon, very beautiful quality with white and pink hues, crystals in the center.<\/strong><br \/>\n<strong>The metal used is a stainless food type, polished and hammered hand.<\/strong><br \/>\n<strong>The choker ends with a carabiner and an extension chain embellished with a ginkgo leaf. This allows to play on the length of the necklace and adds to the whole a harmonious coherence.<\/strong><br \/>\n<strong>Size of ginkgo leaves: 2 cm by 2 cm.<\/strong><br \/>\n<strong>Size of the cabochon: 3.2 cm by 4.2 cm.<\/strong><br \/>\n<strong>Dimension of the pendant: 9 cm by 5 cm.<\/strong><\/p>\n<p style=\"text-align: center;\"><strong>Necklace infinitely &#8230; I leave you free interpretations!<\/strong><\/p>\n<p>&nbsp;<\/p>\n<p>&nbsp;<\/p>\n<p>&nbsp;<\/p>\n","protected":false},"excerpt":{"rendered":"<p style=\"text-align: center;\"><strong>Collier inox mariant serti Agate Druzy rose et feuilles de ginkgo biloba, inspiration elfique et onirique.<\/strong><\/p>\n<hr \/>\n<p style=\"text-align: center;\"><strong><span class=\"tlid-translation translation\" lang=\"en\"><span class=\"\" title=\"\">Stainless steel necklace set with Agate Druzy rose and ginkgo biloba leaves, elven and dreamlike inspiration.<\/span><\/span><\/strong><\/p>\n","protected":false},"featured_media":2462,"comment_status":"open","ping_status":"closed","template":"","meta":[],"product_brand":[],"product_cat":[20],"product_tag":[31],"class_list":{"0":"post-2460","1":"product","2":"type-product","3":"status-publish","4":"has-post-thumbnail","6":"product_cat-histoires-elles","7":"product_tag-collier","8":"pa_ambiance-art-nouveau","9":"pa_ambiance-bucolique","10":"pa_ambiance-celtique","11":"pa_ambiance-elfique","12":"pa_ambiance-feerique","13":"pa_feuille-ginkgo-biloba","14":"pa_feuille-palmette","15":"pa_matiere-inox","16":"pa_ornement-agate-druzy","17":"pa_ornement-agate-druzy-rose","18":"pa_ornement-pierre-naturelle","20":"first","21":"instock","22":"featured","23":"sold-individually","24":"shipping-taxable","25":"purchasable","26":"product-type-simple"},"translation":{"provider":"WPGlobus","version":"3.0.2","language":"en","enabled_languages":["fr","en"],"languages":{"fr":{"title":true,"content":true,"excerpt":true},"en":{"title":false,"content":false,"excerpt":false}}},"jetpack-related-posts":[],"jetpack_sharing_enabled":true,"_links":{"self":[{"href":"https:\/\/www.altisfain.com\/en\/wp-json\/wp\/v2\/product\/2460","targetHints":{"allow":["GET"]}}],"collection":[{"href":"https:\/\/www.altisfain.com\/en\/wp-json\/wp\/v2\/product"}],"about":[{"href":"https:\/\/www.altisfain.com\/en\/wp-json\/wp\/v2\/types\/product"}],"replies":[{"embeddable":true,"href":"https:\/\/www.altisfain.com\/en\/wp-json\/wp\/v2\/comments?post=2460"}],"wp:featuredmedia":[{"embeddable":true,"href":"https:\/\/www.altisfain.com\/en\/wp-json\/wp\/v2\/media\/2462"}],"wp:attachment":[{"href":"https:\/\/www.altisfain.com\/en\/wp-json\/wp\/v2\/media?parent=2460"}],"wp:term":[{"taxonomy":"product_brand","embeddable":true,"href":"https:\/\/www.altisfain.com\/en\/wp-json\/wp\/v2\/product_brand?post=2460"},{"taxonomy":"product_cat","embeddable":true,"href":"https:\/\/www.altisfain.com\/en\/wp-json\/wp\/v2\/product_cat?post=2460"},{"taxonomy":"product_tag","embeddable":true,"href":"https:\/\/www.altisfain.com\/en\/wp-json\/wp\/v2\/product_tag?post=2460"}],"curies":[{"name":"wp","href":"https:\/\/api.w.org\/{rel}","templated":true}]}}