{"id":2446,"date":"2019-06-09T19:41:36","date_gmt":"2019-06-09T17:41:36","guid":{"rendered":"http:\/\/www.altisfain.com\/?post_type=product&#038;p=2446"},"modified":"2024-10-24T00:01:06","modified_gmt":"2024-10-23T22:01:06","slug":"collier-inox-les-diaboliques-cersei-lannister-oeil-de-fer","status":"publish","type":"product","link":"https:\/\/www.altisfain.com\/en\/boutique\/les-adoptes\/collier-inox-les-diaboliques-cersei-lannister-oeil-de-fer\/","title":{"rendered":"Collier laiton &#8220;Les Diaboliques: Cersei Lannister&#8221; \u0152il de Fer"},"content":{"rendered":"<p style=\"text-align: center;\">&#8220;Le mot na\u00eff et \u00e9tonn\u00e9 de la Borgh\u00e8se, quand on lui demanda comment elle avait bien pu poser nue devant Canova: \u00abmais l&#8217;atelier \u00e9tait chaud! il y avait un po\u00eale!\u00bb&#8221;<br \/>\nLes Diaboliques, Barbey d&#8217;Aurevilly.<\/p>\n<p style=\"text-align: center;\">Collection inspir\u00e9e de femmes, fictives ou historiques qui, \u00e0 tord ou \u00e0 raison, ont suscit\u00e9 accusations et calomnies et marqu\u00e9 l&#8217;Histoire ou les histoires par leur personnalit\u00e9 sulfureuse&#8230;..<\/p>\n<p><b>Cersei Lannister<\/b> est l&#8217;un des personnages principaux de la saga <i>Le Tr\u00f4ne de fer<\/i> \u00e9crite par George R. R. Martin. C&#8217;est la fille de lord Tywin Lannister et la s\u0153ur jumelle de Jaime Lannister, et elle est d&#8217;abord devenue reine consort des Sept Couronnes en \u00e9pousant Robert Baratheon. Femme tr\u00e8s ambitieuse et r\u00e9put\u00e9e pour sa beaut\u00e9, elle supporte mal les restrictions que lui impose son sexe et n&#8217;a que du m\u00e9pris pour son mari.\u00a0Cersei Lannister est une femme pr\u00eate \u00e0 tout pour parvenir \u00e0 ses fins, car elle ne recule devant rien pour atteindre ses objectifs. Cersei est \u00e9galement une femme qui aime profond\u00e9ment ses enfants et qui veut les prot\u00e9ger \u00e0 tout prix.<\/p>\n<p style=\"text-align: center;\"><strong>Collier laiton ras de cou forme haut col victorien sym\u00e9trique, compos\u00e9 de 28 fils laiton de diam\u00e8tres diff\u00e9rents, soud\u00e9s argent et martel\u00e9s main. <\/strong><strong>Vernis haute r\u00e9sistance aspect satin\u00e9.<br \/>\nEn pendentif, un cabochon de tr\u00e8s belle qualit\u00e9 forme goutte serti griffe \u0152il de Fer, teintes en stries allant du noir au marron, anthracite et or. Une s\u00e9rie d&#8217;entrelacs l&#8217;entourent et forme une crini\u00e8re de loi, embl\u00e8me de la famille Lannister.<br \/>\nLe collier est mall\u00e9able, il peut se serrer et desserrer pour s&#8217;adapter au plus pr\u00e8s de votre cou .<br \/>\nUne chaine laiton et chainette de rallonge permet de fermer le collier \u00e0 l&#8217;arri\u00e8re du cou.<br \/>\nLe pendentif et le ras de cou peuvent se porter s\u00e9par\u00e9ment.<br \/>\nDimension du collier: 6 cm au plus large du collier, tour de cou de 30 cm \u00e0 environ 37 cm.<br \/>\nDimension du cabochon: 3 cm par 3 cm.<br \/>\nDimension du pendentif: 5,5 cm par 4,2 cm.<br \/>\n<\/strong><\/p>\n<p style=\"text-align: center;\"><strong>Style m\u00e9di\u00e9val fantastique et elfique, pi\u00e8ce unique!!<\/strong><\/p>\n<hr \/>\n<p style=\"text-align: center;\">&#8220;The naive and astonished word of the Borghese, when asked how she could have posed naked before Canova:&#8221; but the workshop was hot, there was a stove! &#8220;&#8221;<br \/>\nThe Diabolics, Barbey d&#8217;Aurevilly.<\/p>\n<p style=\"text-align: center;\">Collection inspired by women, fictional or historical, who, rightly or wrongly, have succeeded in accusations and calumnies and marked history or stories by their sulphurous personality &#8230;..<\/p>\n<p style=\"text-align: center;\">Cersei Lannister is one of the main characters in the saga The Iron Throne written by George R. R. Martin. She is the daughter of Lord Tywin Lannister and the twin sister of Jaime Lannister, and she first became queen consort of the Seven Crowns by marrying Robert Baratheon. A very ambitious woman, renowned for her beauty, she can not stand the restrictions imposed on her by sex and has nothing but contempt for her husband. Cersei Lannister is a woman desperate to achieve her goals because she will stop at nothing to achieve her goals. Cersei is also a woman who loves her children deeply and wants to protect them at all costs.<\/p>\n<p><strong>Necklace brass choker shape high symmetrical victorian collar, composed of 28 brass threads of different diameters, welded silver and hand hammered. High gloss varnish with satin finish.<\/strong><br \/>\n<strong>As a pendant, a cabochon of very good quality drop shape set with Iron Eye claw, shades ranging from black to brown, anthracite and gold. A series of interlacing surrounds it and forms a mane of law, emblem of the Lannister family.<\/strong><br \/>\n<strong>The collar is malleable, it can tighten and loosen to fit closer to your neck.<\/strong><br \/>\n<strong>A brass chain and chain extension allows to close the collar at the back of the neck.<\/strong><br \/>\n<strong>The pendant and the choker can be worn separately.<\/strong><br \/>\n<strong>Necklace size: 6 cm at the widest point of the necklace, neck strap 30 cm to about 37 cm.<\/strong><br \/>\n<strong>Dimension of the cabochon: 3 cm by 3 cm.<\/strong><br \/>\n<strong>Dimension of the pendant: 5.5 cm by 4.2 cm.<\/strong><\/p>\n<p><strong>Fantastic and elven medieval style, unique piece !!<\/strong><\/p>\n","protected":false},"excerpt":{"rendered":"<p style=\"text-align: center;\"><strong>Collier laiton, forme col victorien, entrelacs et pendentif serti \u0152il de Fer, esprit victorien avec un soup\u00e7on elfique.<\/strong><\/p>\n<hr \/>\n<p style=\"text-align: center;\"><strong><span class=\"tlid-translation translation\" lang=\"en\"><span class=\"\" title=\"\">Brass necklace, Victorian neck shape, interlaced and set pendant Iron Eye, Victorian spirit with an elven hint.<\/span><\/span><\/strong><\/p>\n","protected":false},"featured_media":2447,"comment_status":"open","ping_status":"closed","template":"","meta":{"jetpack_publicize_message":"","jetpack_publicize_feature_enabled":true,"jetpack_social_post_already_shared":false,"jetpack_social_options":{"image_generator_settings":{"template":"highway","default_image_id":0,"font":"","enabled":false},"version":2}},"product_brand":[],"product_cat":[222],"product_tag":[31],"class_list":{"0":"post-2446","1":"product","2":"type-product","3":"status-publish","4":"has-post-thumbnail","6":"product_cat-les-adoptes","7":"product_tag-collier","8":"pa_ambiance-baroque","9":"pa_ambiance-elfique","10":"pa_ambiance-feerique","11":"pa_ambiance-futuriste","12":"pa_ambiance-gothique","13":"pa_ambiance-historique","14":"pa_ambiance-victorien","15":"pa_matiere-laiton","16":"pa_ornement-oeil-de-fer","17":"pa_ornement-pierre-semi","19":"first","20":"outofstock","21":"featured","22":"sold-individually","23":"shipping-taxable","24":"purchasable","25":"product-type-simple"},"translation":{"provider":"WPGlobus","version":"3.0.2","language":"en","enabled_languages":["fr","en"],"languages":{"fr":{"title":true,"content":true,"excerpt":true},"en":{"title":false,"content":false,"excerpt":false}}},"jetpack_publicize_connections":[],"jetpack-related-posts":[],"jetpack_sharing_enabled":true,"jetpack_likes_enabled":true,"_links":{"self":[{"href":"https:\/\/www.altisfain.com\/en\/wp-json\/wp\/v2\/product\/2446","targetHints":{"allow":["GET"]}}],"collection":[{"href":"https:\/\/www.altisfain.com\/en\/wp-json\/wp\/v2\/product"}],"about":[{"href":"https:\/\/www.altisfain.com\/en\/wp-json\/wp\/v2\/types\/product"}],"replies":[{"embeddable":true,"href":"https:\/\/www.altisfain.com\/en\/wp-json\/wp\/v2\/comments?post=2446"}],"wp:featuredmedia":[{"embeddable":true,"href":"https:\/\/www.altisfain.com\/en\/wp-json\/wp\/v2\/media\/2447"}],"wp:attachment":[{"href":"https:\/\/www.altisfain.com\/en\/wp-json\/wp\/v2\/media?parent=2446"}],"wp:term":[{"taxonomy":"product_brand","embeddable":true,"href":"https:\/\/www.altisfain.com\/en\/wp-json\/wp\/v2\/product_brand?post=2446"},{"taxonomy":"product_cat","embeddable":true,"href":"https:\/\/www.altisfain.com\/en\/wp-json\/wp\/v2\/product_cat?post=2446"},{"taxonomy":"product_tag","embeddable":true,"href":"https:\/\/www.altisfain.com\/en\/wp-json\/wp\/v2\/product_tag?post=2446"}],"curies":[{"name":"wp","href":"https:\/\/api.w.org\/{rel}","templated":true}]}}