{"id":2294,"date":"2019-02-21T16:16:31","date_gmt":"2019-02-21T15:16:31","guid":{"rendered":"http:\/\/www.altisfain.com\/?post_type=product&#038;p=2294"},"modified":"2019-10-19T14:41:53","modified_gmt":"2019-10-19T12:41:53","slug":"collier-inox-les-diaboliques-morrigan-labradorite","status":"publish","type":"product","link":"https:\/\/www.altisfain.com\/en\/boutique\/diaboliques\/collier-inox-les-diaboliques-morrigan-labradorite\/","title":{"rendered":"Collier inox &#8220;Les Diaboliques: Morrigan&#8221; Labradorite"},"content":{"rendered":"<p style=\"text-align: center;\">&#8220;Le mot na\u00eff et \u00e9tonn\u00e9 de la Borgh\u00e8se, quand on lui demanda comment elle avait bien pu poser nue devant Canova: \u00abmais l&#8217;atelier \u00e9tait chaud! il y avait un po\u00eale!\u00bb&#8221;<br \/>\nLes Diaboliques, Barbey d&#8217;Aurevilly.<\/p>\n<p style=\"text-align: center;\">Collection inspir\u00e9e de femmes, fictives ou historiques qui, \u00e0 tord ou \u00e0 raison, ont suscit\u00e9 accusations et calomnies et marqu\u00e9 l&#8217;Histoire ou les histoires par leur personnalit\u00e9 sulfureuse&#8230;..<\/p>\n<p style=\"text-align: center;\">Avec Bodb et Macha, Morrigan (Morrigane ou Morrigu), surnomm\u00e9e la Reine fant\u00f4me, fait partie des trois d\u00e9esses guerri\u00e8res. D\u00e9crite souvent comme ses cons\u0153urs comme une sorci\u00e8re des Tuatha D\u00e9 Danann, elle est la fille de l\u2019un deux, Ernmas, qui est \u00e9galement la m\u00e8re des trois d\u00e9esses incarnant l\u2019Irlande\u00a0: \u00c9riu, Banba et Fodla.\u00a0Morrigan est \u00e9galement li\u00e9e \u00e0 la mort puisqu\u2019elle annonce une fin proche en se pr\u00e9sentant sous la forme d\u2019un corbeau, parfois de louve ou d\u2019une corneille au bec ensanglant\u00e9. Elle appara\u00eet notamment sous cette forme au h\u00e9ros Cu Chulainn qui l\u2019a combattu pour rencontrer la mort et la surpasser. Cependant si cela faisait partie de ses \u00e9preuves d\u2019initiation de guerrier, \u00e0 la fin de ses aventures, il dut se r\u00e9soudre que sa fin approchait et qu\u2019il devait attendre Morrigan.<\/p>\n<p style=\"text-align: center;\"><strong>Collier inox forme col et jeu de plumes inox martel\u00e9es et fa\u00e7onn\u00e9es main.<\/strong><br \/>\n<strong>Un pendentif serti griffe Labradorite termine l&#8217;ensemble. Les teintes de la pierre sont dor\u00e9es et vertes. Le collier se termine par un un mousqueton et une chainette de rallonge et entrelacs pour jouer sur la taille du tour de cou.Dimension du tour de collier: 4 cm de large maximum sur un tour de cou de 40 cm environ.<\/strong><br \/>\n<strong>Dimension du cabochon: 2,8 cm par 2 cm. Dimension du pendentif: 7 cm par 2,5 cm.<\/strong><\/p>\n<p style=\"text-align: center;\"><strong>Dimension des plumes: 7,5 cm par 1,5 cm pour les plumes de dos, 8,5 cm par 1,5 cm pour les plumes proches du cou et 9 cm par 1,9 cm pour celle qui reposent sur le buste.<\/strong><\/p>\n<p style=\"text-align: center;\"><b>Style victorien et r\u00e9solument moderne, pi\u00e8ce unique!!<\/b><\/p>\n<hr \/>\n<p style=\"text-align: center;\">&#8220;The word naive and amazed at the Borghese, when asked how she could well pose nude in front of Canova,&#8221; but the studio was hot there was a stove! &#8220;&#8221;<br \/>\nDiabolique, Barbey d&#8217;Aurevilly.<\/p>\n<p style=\"text-align: center;\">Collection inspired by women, fictional or historical, rightly or wrongly, have sucit\u00e9 accusations and slander and marked history or stories by their sulfurous personality &#8230;..<\/p>\n<p style=\"text-align: center;\">With Bodb and Macha, Morrigan (Morrigane or Morrigu), nicknamed the Ghost Queen, is one of three warrior goddesses. Described often as her sisters as a witch of the Tuatha D\u00e9 Danann, she is the daughter of one of them, Ernmas, who is also the mother of the three goddesses embodying Ireland: Eriu, Banba and Fodla. Morrigan is also related to death since it announces a close end in the form of a raven, sometimes a wolf or a crow with a bloody beak. She appears especially in this form to the hero Cu Chulainn who fought to meet death and surpass it. However, if it was part of his warrior initiation trials, at the end of his adventures, he had to make up his mind that his end was coming and he had to wait for Morrigan.<\/p>\n<p><strong>Necklace stainless steel collar shape and set of stainless feathers hammered and shaped by hand.<\/strong><br \/>\n<strong>A pendant set with Labradorite clasp finishes the set. The hues of the stone are golden and green. The necklace ends with a carabiner and a chain of extension and tracery to play on the size of the choker.Dimension of the necklace turn: 4 cm wide maximum on a neck about 40 cm.<\/strong><br \/>\n<strong>Dimension of the cabochon: 2,8 cm by 2 cm. Dimension of the pendant: 7 cm by 2,5 cm.<\/strong><\/p>\n<p><strong>Feather size: 7.5 cm by 1.5 cm for the back feathers, 8.5 cm by 1.5 cm for the feathers near the neck and 9 cm by 1.9 cm for that which rest on the bust.<\/strong><\/p>\n<p><strong>Victorian style and resolutely modern, unique piece !!<\/strong><\/p>\n","protected":false},"excerpt":{"rendered":"<p style=\"text-align: center;\"><strong>Collier inox , forme col victorien, entrelacs et pendentif serti Labradorite verte dor\u00e9e, esprit celte avec un soup\u00e7on gothique.<\/strong><\/p>\n<hr \/>\n<p style=\"text-align: center;\"><strong><span class=\"tlid-translation translation\" lang=\"en\"><span class=\"\" title=\"\">Stainless steel collar, Victorian neck, interlacing and pendant set with gilded green Labradorite, Celtic spirit with a Gothic touch.<\/span><\/span><\/strong><\/p>\n","protected":false},"featured_media":2804,"comment_status":"open","ping_status":"closed","template":"","meta":[],"product_brand":[],"product_cat":[15],"product_tag":[31],"class_list":{"0":"post-2294","1":"product","2":"type-product","3":"status-publish","4":"has-post-thumbnail","6":"product_cat-diaboliques","7":"product_tag-collier","8":"pa_ambiance-baroque","9":"pa_ambiance-celtique","10":"pa_ambiance-elfique","11":"pa_ambiance-feerique","12":"pa_ambiance-gothique","13":"pa_ambiance-historique","14":"pa_ambiance-victorien","15":"pa_matiere-inox","16":"pa_ornement-labradorite-bleue","17":"pa_ornement-labradorite-doree","18":"pa_ornement-labradorite-verte","19":"pa_ornement-pierre-semi","21":"first","22":"instock","23":"featured","24":"sold-individually","25":"shipping-taxable","26":"purchasable","27":"product-type-simple"},"translation":{"provider":"WPGlobus","version":"3.0.2","language":"en","enabled_languages":["fr","en"],"languages":{"fr":{"title":true,"content":true,"excerpt":true},"en":{"title":false,"content":false,"excerpt":false}}},"jetpack-related-posts":[],"jetpack_sharing_enabled":true,"_links":{"self":[{"href":"https:\/\/www.altisfain.com\/en\/wp-json\/wp\/v2\/product\/2294","targetHints":{"allow":["GET"]}}],"collection":[{"href":"https:\/\/www.altisfain.com\/en\/wp-json\/wp\/v2\/product"}],"about":[{"href":"https:\/\/www.altisfain.com\/en\/wp-json\/wp\/v2\/types\/product"}],"replies":[{"embeddable":true,"href":"https:\/\/www.altisfain.com\/en\/wp-json\/wp\/v2\/comments?post=2294"}],"wp:featuredmedia":[{"embeddable":true,"href":"https:\/\/www.altisfain.com\/en\/wp-json\/wp\/v2\/media\/2804"}],"wp:attachment":[{"href":"https:\/\/www.altisfain.com\/en\/wp-json\/wp\/v2\/media?parent=2294"}],"wp:term":[{"taxonomy":"product_brand","embeddable":true,"href":"https:\/\/www.altisfain.com\/en\/wp-json\/wp\/v2\/product_brand?post=2294"},{"taxonomy":"product_cat","embeddable":true,"href":"https:\/\/www.altisfain.com\/en\/wp-json\/wp\/v2\/product_cat?post=2294"},{"taxonomy":"product_tag","embeddable":true,"href":"https:\/\/www.altisfain.com\/en\/wp-json\/wp\/v2\/product_tag?post=2294"}],"curies":[{"name":"wp","href":"https:\/\/api.w.org\/{rel}","templated":true}]}}