{"id":2252,"date":"2019-02-07T19:59:28","date_gmt":"2019-02-07T18:59:28","guid":{"rendered":"http:\/\/www.altisfain.com\/?post_type=product&#038;p=2252"},"modified":"2024-09-23T21:11:18","modified_gmt":"2024-09-23T19:11:18","slug":"boucles-doreilles-conte-les-fiances-feuille-tilleul","status":"publish","type":"product","link":"https:\/\/www.altisfain.com\/en\/boutique\/conte\/boucles-doreilles-conte-les-fiances-feuille-tilleul\/","title":{"rendered":"Boucles d&#8217;oreilles Conte &#8220;Les Fianc\u00e9s&#8221; feuille tilleul"},"content":{"rendered":"<p style=\"text-align: center;\">&#8220;La vie ressemble \u00e0 un conte ; ce qui importe, ce n&#8217;est pas sa longueur, mais sa valeur.&#8221;<br \/>\nS\u00e9n\u00e8que.<\/p>\n<p style=\"text-align: center;\">\n&#8220;Les Fianc\u00e9s&#8221; est un conte d&#8217; Andersen.<br \/>\nLe Tilleul est un arbre protecteur, symbole d&#8217;amiti\u00e9 et de fid\u00e9lit\u00e9 mais aussi d&#8217;amour conjugal.<\/p>\n<p style=\"text-align: center;\"><strong>Boucles d&#8217;oreilles elfiques inox et attaches am\u00e9ricaines 925.<\/strong><br \/>\n<strong>Feuille de tilleul martel\u00e9e main et fils inox martel\u00e9s soud\u00e9s argent.<\/strong><br \/>\n<strong>Entrelacs travaill\u00e9s avec 4 points de soudure.<\/strong><br \/>\n<strong>Dimension de la feuille: 3 cm par 2,5 cm.<\/strong><br \/>\n<strong>Longueur totale de la boucle d&#8217;oreille: 6,5 cm.<\/strong><br \/>\n<strong>Attaches argent 925.<\/strong><br \/>\n<strong>Livr\u00e9es dans leur \u00e9crin.<\/strong><\/p>\n<p style=\"text-align: center;\"><strong>Boucles d&#8217;oreilles infiniment f\u00e9eriques et elfiques!!<\/strong><\/p>\n<p style=\"text-align: center;\"><strong>Peut \u00eatre r\u00e9alis\u00e9es en laiton verni satin haute r\u00e9sistance.<\/strong><\/p>\n","protected":false},"excerpt":{"rendered":"<p style=\"text-align: center;\"><strong>Boucles d&#8217;oreilles inox feuilles de tilleul et entrelacs, attaches argent 925.<\/strong><\/p>\n","protected":false},"featured_media":2255,"comment_status":"open","ping_status":"closed","template":"","meta":[],"product_brand":[],"product_cat":[29],"product_tag":[34],"class_list":{"0":"post-2252","1":"product","2":"type-product","3":"status-publish","4":"has-post-thumbnail","6":"product_cat-conte","7":"product_tag-boucles-oreilles","8":"pa_ambiance-bucolique","9":"pa_ambiance-celtique","10":"pa_ambiance-elfique","11":"pa_ambiance-feerique","12":"pa_ambiance-vegetal","13":"pa_feuille-tilleul","14":"pa_matiere-argent-925","15":"pa_matiere-inox","16":"pa_matiere-laiton","18":"first","19":"instock","20":"sold-individually","21":"shipping-taxable","22":"purchasable","23":"product-type-variable"},"translation":{"provider":"WPGlobus","version":"3.0.2","language":"en","enabled_languages":["fr","en"],"languages":{"fr":{"title":true,"content":true,"excerpt":true},"en":{"title":false,"content":false,"excerpt":false}}},"jetpack-related-posts":[],"jetpack_sharing_enabled":true,"_links":{"self":[{"href":"https:\/\/www.altisfain.com\/en\/wp-json\/wp\/v2\/product\/2252","targetHints":{"allow":["GET"]}}],"collection":[{"href":"https:\/\/www.altisfain.com\/en\/wp-json\/wp\/v2\/product"}],"about":[{"href":"https:\/\/www.altisfain.com\/en\/wp-json\/wp\/v2\/types\/product"}],"replies":[{"embeddable":true,"href":"https:\/\/www.altisfain.com\/en\/wp-json\/wp\/v2\/comments?post=2252"}],"wp:featuredmedia":[{"embeddable":true,"href":"https:\/\/www.altisfain.com\/en\/wp-json\/wp\/v2\/media\/2255"}],"wp:attachment":[{"href":"https:\/\/www.altisfain.com\/en\/wp-json\/wp\/v2\/media?parent=2252"}],"wp:term":[{"taxonomy":"product_brand","embeddable":true,"href":"https:\/\/www.altisfain.com\/en\/wp-json\/wp\/v2\/product_brand?post=2252"},{"taxonomy":"product_cat","embeddable":true,"href":"https:\/\/www.altisfain.com\/en\/wp-json\/wp\/v2\/product_cat?post=2252"},{"taxonomy":"product_tag","embeddable":true,"href":"https:\/\/www.altisfain.com\/en\/wp-json\/wp\/v2\/product_tag?post=2252"}],"curies":[{"name":"wp","href":"https:\/\/api.w.org\/{rel}","templated":true}]}}