{"id":2022,"date":"2019-02-01T07:22:09","date_gmt":"2019-02-01T06:22:09","guid":{"rendered":"http:\/\/www.altisfain.com\/?post_type=product&#038;p=2022"},"modified":"2019-02-22T09:18:51","modified_gmt":"2019-02-22T08:18:51","slug":"collier-inox-legendes-2-palmettes","status":"publish","type":"product","link":"https:\/\/www.altisfain.com\/en\/boutique\/legendes\/collier-inox-legendes-2-palmettes\/","title":{"rendered":"Collier inox L\u00e9gendes 2 Palmettes"},"content":{"rendered":"<p style=\"text-align: center;\">&#8220;L&#8217;histoire est du vrai qui se d\u00e9forme, la l\u00e9gende du faux qui s&#8217;incarne.&#8221;<br \/>\nJean Cocteau.<\/p>\n<p style=\"text-align: center;\"><strong>Collier f\u00e9erique elfique en inox.<br \/>\nDeux feuilles de palmette martel\u00e9es main, travail de ciselure et soud\u00e9es sur deux fils inox martel\u00e9s.<br \/>\nCollier articul\u00e9 et attache pendentif, se termine par une cha\u00eenette de rallonge avec petite feuille de palmette.<br \/>\nInox 304L type alimentaire, ne noircit pas et ne provoque pas d&#8217;allergies.<br \/>\nDimension de la grande feuille de palmette: 4,8 cm par 3,7 cm.<br \/>\nDimension de la petite feuille de palmette: 3,4 cm par 2,7 cm.<br \/>\n<\/strong><\/p>\n<p style=\"text-align: center;\"><strong>Collier infiniment elfique et onirique!!<\/strong><\/p>\n","protected":false},"excerpt":{"rendered":"<p style=\"text-align: center;\"><strong>Collier elfique deux feuilles de palmette, esprit f\u00e9\u00e9rique et onirique.<\/strong><\/p>\n","protected":false},"featured_media":2023,"comment_status":"open","ping_status":"closed","template":"","meta":[],"product_brand":[],"product_cat":[126],"product_tag":[31],"class_list":{"0":"post-2022","1":"product","2":"type-product","3":"status-publish","4":"has-post-thumbnail","6":"product_cat-legendes","7":"product_tag-collier","8":"pa_ambiance-celtique","9":"pa_ambiance-elfique","10":"pa_ambiance-feerique","11":"pa_feuille-palmette","12":"pa_matiere-inox","13":"pa_matiere-laiton","15":"first","16":"instock","17":"shipping-taxable","18":"purchasable","19":"product-type-variable"},"translation":{"provider":"WPGlobus","version":"3.0.2","language":"en","enabled_languages":["fr","en"],"languages":{"fr":{"title":true,"content":true,"excerpt":true},"en":{"title":false,"content":false,"excerpt":false}}},"jetpack-related-posts":[],"jetpack_sharing_enabled":true,"_links":{"self":[{"href":"https:\/\/www.altisfain.com\/en\/wp-json\/wp\/v2\/product\/2022","targetHints":{"allow":["GET"]}}],"collection":[{"href":"https:\/\/www.altisfain.com\/en\/wp-json\/wp\/v2\/product"}],"about":[{"href":"https:\/\/www.altisfain.com\/en\/wp-json\/wp\/v2\/types\/product"}],"replies":[{"embeddable":true,"href":"https:\/\/www.altisfain.com\/en\/wp-json\/wp\/v2\/comments?post=2022"}],"wp:featuredmedia":[{"embeddable":true,"href":"https:\/\/www.altisfain.com\/en\/wp-json\/wp\/v2\/media\/2023"}],"wp:attachment":[{"href":"https:\/\/www.altisfain.com\/en\/wp-json\/wp\/v2\/media?parent=2022"}],"wp:term":[{"taxonomy":"product_brand","embeddable":true,"href":"https:\/\/www.altisfain.com\/en\/wp-json\/wp\/v2\/product_brand?post=2022"},{"taxonomy":"product_cat","embeddable":true,"href":"https:\/\/www.altisfain.com\/en\/wp-json\/wp\/v2\/product_cat?post=2022"},{"taxonomy":"product_tag","embeddable":true,"href":"https:\/\/www.altisfain.com\/en\/wp-json\/wp\/v2\/product_tag?post=2022"}],"curies":[{"name":"wp","href":"https:\/\/api.w.org\/{rel}","templated":true}]}}