{"id":1989,"date":"2019-01-29T20:44:08","date_gmt":"2019-01-29T19:44:08","guid":{"rendered":"http:\/\/www.altisfain.com\/?post_type=product&#038;p=1989"},"modified":"2019-02-22T09:19:09","modified_gmt":"2019-02-22T08:19:09","slug":"bague-inox-conte-la-fee-au-sureau-feuille-ginkgo-biloba","status":"publish","type":"product","link":"https:\/\/www.altisfain.com\/en\/boutique\/conte\/bague-inox-conte-la-fee-au-sureau-feuille-ginkgo-biloba\/","title":{"rendered":"Bague Conte &#8220;La F\u00e9e au Sureau&#8221; feuille ginkgo biloba"},"content":{"rendered":"<p style=\"text-align: center;\">&#8220;La vie ressemble \u00e0 un conte ; ce qui importe, ce n&#8217;est pas sa longueur, mais sa valeur.&#8221;<br \/>\nS\u00e9n\u00e8que.<\/p>\n<p style=\"text-align: center;\">&#8220;La F\u00e9e au Sureau&#8221; est un conte d&#8217;Andersen.<\/p>\n<p style=\"text-align: center;\"><strong>Bague elfique monture inox, monture rectangulaire martel\u00e9e, tr\u00e8s \u00e9troite, surmont\u00e9e de deux feuilles de ginkgo biloba de dimensions diff\u00e9rentes.<\/strong><br \/>\n<strong>Anneau r\u00e9glable, soud\u00e9 sur la monture rectangulaire martel\u00e9e et dentel\u00e9e.<\/strong><br \/>\n<strong>Dimension monture: 3 cm par 1 cm.<\/strong><br \/>\n<strong>Dimension des feuilles: 2 cm par 2 cm pour la grande feuille et 1,5 cm par 1,5 cm pour la petite feuille.<\/strong><br \/>\n<strong>Longueur totale de la monture: 3 cm par 1,8 cm.<\/strong><br \/>\n<strong>Dimension anneau: 0,5 cm de large.<\/strong><\/p>\n<p style=\"text-align: center;\"><strong>Bague livr\u00e9e dans son \u00e9crin.<\/strong><\/p>\n<p style=\"text-align: center;\"><strong>Bague infiniment f\u00e9erique et elfique!!<\/strong><\/p>\n<p style=\"text-align: center;\"><strong>Peut \u00eatre r\u00e9alis\u00e9e en laiton verni satin haute r\u00e9sistance.<\/strong><\/p>\n","protected":false},"excerpt":{"rendered":"<p style=\"text-align: center;\"><strong>Bague inox elfique feuilles de ginkgo biloba, anneau r\u00e9glable.<br \/>\n<\/strong><\/p>\n","protected":false},"featured_media":1990,"comment_status":"open","ping_status":"closed","template":"","meta":[],"product_brand":[],"product_cat":[29],"product_tag":[32],"class_list":{"0":"post-1989","1":"product","2":"type-product","3":"status-publish","4":"has-post-thumbnail","6":"product_cat-conte","7":"product_tag-bague","8":"pa_ambiance-bucolique","9":"pa_ambiance-celtique","10":"pa_ambiance-elfique","11":"pa_ambiance-feerique","12":"pa_ambiance-vegetal","13":"pa_feuille-ginkgo-biloba","14":"pa_feuille-palmette","15":"pa_matiere-argent-925","16":"pa_matiere-inox","17":"pa_matiere-laiton","19":"first","20":"instock","21":"featured","22":"sold-individually","23":"shipping-taxable","24":"purchasable","25":"product-type-variable"},"translation":{"provider":"WPGlobus","version":"3.0.2","language":"en","enabled_languages":["fr","en"],"languages":{"fr":{"title":true,"content":true,"excerpt":true},"en":{"title":false,"content":false,"excerpt":false}}},"jetpack-related-posts":[],"jetpack_sharing_enabled":true,"_links":{"self":[{"href":"https:\/\/www.altisfain.com\/en\/wp-json\/wp\/v2\/product\/1989","targetHints":{"allow":["GET"]}}],"collection":[{"href":"https:\/\/www.altisfain.com\/en\/wp-json\/wp\/v2\/product"}],"about":[{"href":"https:\/\/www.altisfain.com\/en\/wp-json\/wp\/v2\/types\/product"}],"replies":[{"embeddable":true,"href":"https:\/\/www.altisfain.com\/en\/wp-json\/wp\/v2\/comments?post=1989"}],"wp:featuredmedia":[{"embeddable":true,"href":"https:\/\/www.altisfain.com\/en\/wp-json\/wp\/v2\/media\/1990"}],"wp:attachment":[{"href":"https:\/\/www.altisfain.com\/en\/wp-json\/wp\/v2\/media?parent=1989"}],"wp:term":[{"taxonomy":"product_brand","embeddable":true,"href":"https:\/\/www.altisfain.com\/en\/wp-json\/wp\/v2\/product_brand?post=1989"},{"taxonomy":"product_cat","embeddable":true,"href":"https:\/\/www.altisfain.com\/en\/wp-json\/wp\/v2\/product_cat?post=1989"},{"taxonomy":"product_tag","embeddable":true,"href":"https:\/\/www.altisfain.com\/en\/wp-json\/wp\/v2\/product_tag?post=1989"}],"curies":[{"name":"wp","href":"https:\/\/api.w.org\/{rel}","templated":true}]}}