{"id":1954,"date":"2019-01-23T17:22:03","date_gmt":"2019-01-23T16:22:03","guid":{"rendered":"http:\/\/www.altisfain.com\/?post_type=product&#038;p=1954"},"modified":"2026-01-05T20:50:24","modified_gmt":"2026-01-05T19:50:24","slug":"boucles-doreilles-conte-l-etoile-et-le-bouleau-feuille-bouleau","status":"publish","type":"product","link":"https:\/\/www.altisfain.com\/en\/boutique\/conte\/boucles-doreilles-conte-l-etoile-et-le-bouleau-feuille-bouleau\/","title":{"rendered":"Boucles d&#8217;oreilles Conte &#8220;L&#8217; Etoile et le Bouleau&#8221; feuille bouleau"},"content":{"rendered":"<p style=\"text-align: center;\">&#8220;La vie ressemble \u00e0 un conte ; ce qui importe, ce n&#8217;est pas sa longueur, mais sa valeur.&#8221;<br \/>\nS\u00e9n\u00e8que.<\/p>\n<p style=\"text-align: center;\">\u00ab L\u2019 \u00c9toile et le Bouleau \u00bb est un conte finlandais de Zacharias Top\u00e9lius.<br \/>\nLa feuille de bouleau est symbole de de puret\u00e9, de douceur et de d\u00e9licatesse.<\/p>\n<p style=\"text-align: center;\"><b> Boucles d&#8217;oreilles inox et attaches am\u00e9ricaines 925.<br \/>\nFeuille de bouleau martel\u00e9e main et fils inox martel\u00e9s soud\u00e9s argent.<br \/>\nEntrelacs travaill\u00e9s avec 4 points de soudure.<br \/>\nDimension de la feuille: 2,5 cm par 2 cm.<br \/>\nLongueur totale de la boucle d&#8217;oreille: 6,5 cm.<br \/>\nAttaches argent 925.<br \/>\nLivr\u00e9es dans leur \u00e9crin.<\/b><\/p>\n<p style=\"text-align: center;\"><strong>Boucles d&#8217;oreilles infiniment f\u00e9eriques et elfiques!!<\/strong><\/p>\n<p style=\"text-align: center;\"><strong>Peut \u00eatre r\u00e9alis\u00e9es en laiton verni satin haute r\u00e9sistance.<\/strong><\/p>\n","protected":false},"excerpt":{"rendered":"<p style=\"text-align: center;\"><strong>Boucles d&#8217;oreilles inox feuilles de bouleau et entrelacs, attaches argent 925.<\/strong><\/p>\n","protected":false},"featured_media":1955,"comment_status":"open","ping_status":"closed","template":"","meta":[],"product_brand":[],"product_cat":[29],"product_tag":[34],"class_list":{"0":"post-1954","1":"product","2":"type-product","3":"status-publish","4":"has-post-thumbnail","6":"product_cat-conte","7":"product_tag-boucles-oreilles","8":"pa_ambiance-bucolique","9":"pa_ambiance-celtique","10":"pa_ambiance-elfique","11":"pa_ambiance-feerique","12":"pa_ambiance-vegetal","13":"pa_feuille-bouleau","14":"pa_matiere-argent-925","15":"pa_matiere-inox","16":"pa_matiere-laiton","18":"first","19":"instock","20":"sold-individually","21":"shipping-taxable","22":"purchasable","23":"product-type-variable"},"translation":{"provider":"WPGlobus","version":"3.0.2","language":"en","enabled_languages":["fr","en"],"languages":{"fr":{"title":true,"content":true,"excerpt":true},"en":{"title":false,"content":false,"excerpt":false}}},"jetpack-related-posts":[],"jetpack_sharing_enabled":true,"_links":{"self":[{"href":"https:\/\/www.altisfain.com\/en\/wp-json\/wp\/v2\/product\/1954","targetHints":{"allow":["GET"]}}],"collection":[{"href":"https:\/\/www.altisfain.com\/en\/wp-json\/wp\/v2\/product"}],"about":[{"href":"https:\/\/www.altisfain.com\/en\/wp-json\/wp\/v2\/types\/product"}],"replies":[{"embeddable":true,"href":"https:\/\/www.altisfain.com\/en\/wp-json\/wp\/v2\/comments?post=1954"}],"wp:featuredmedia":[{"embeddable":true,"href":"https:\/\/www.altisfain.com\/en\/wp-json\/wp\/v2\/media\/1955"}],"wp:attachment":[{"href":"https:\/\/www.altisfain.com\/en\/wp-json\/wp\/v2\/media?parent=1954"}],"wp:term":[{"taxonomy":"product_brand","embeddable":true,"href":"https:\/\/www.altisfain.com\/en\/wp-json\/wp\/v2\/product_brand?post=1954"},{"taxonomy":"product_cat","embeddable":true,"href":"https:\/\/www.altisfain.com\/en\/wp-json\/wp\/v2\/product_cat?post=1954"},{"taxonomy":"product_tag","embeddable":true,"href":"https:\/\/www.altisfain.com\/en\/wp-json\/wp\/v2\/product_tag?post=1954"}],"curies":[{"name":"wp","href":"https:\/\/api.w.org\/{rel}","templated":true}]}}