{"id":1934,"date":"2019-01-15T13:03:30","date_gmt":"2019-01-15T12:03:30","guid":{"rendered":"http:\/\/www.altisfain.com\/?post_type=product&#038;p=1934"},"modified":"2019-10-19T15:00:24","modified_gmt":"2019-10-19T13:00:24","slug":"collier-inox-arcane-letoile","status":"publish","type":"product","link":"https:\/\/www.altisfain.com\/en\/boutique\/arcane\/collier-inox-arcane-letoile\/","title":{"rendered":"Collier inox &#8220;Arcane: L&#8217;\u00c9toile&#8221;"},"content":{"rendered":"<p style=\"text-align: center;\">&#8220;Chaque chose est une apparence. Et derri\u00e8re chaque apparence se cachent ses arcanes: son essence r\u00e9elle, sa v\u00e9rit\u00e9. La d\u00e9couvrir c&#8217;est la connaissance du monde. Le pouvoir.&#8221;<br \/>\nMaxime Chattam.<\/p>\n<p style=\"text-align: center;\">&#8220;L\u2019\u00c9toile&#8221; est symbole d\u2019opportunit\u00e9s, de d\u00e9couvertes, de nouveaut\u00e9s et cela dans tous les domaines de notre vie. Elle repr\u00e9sente une \u00e9tape o\u00f9 l&#8217;on trouve sa place pour agir dans le monde pour l&#8217;embellir et le nourrir \u00e0 partir d&#8217;un lieu que l&#8217;on fait sien. Symboliquement, elle est le guide spirituel que nous portons en nous, reli\u00e9 aux forces les plus profondes de l&#8217;Univers. C&#8217;est l&#8217;inconnu de nous-m\u00eames dans lequel nous pouvons avoir foi: notre &#8220;bonne \u00e9toile&#8221;.<\/p>\n<p style=\"text-align: center;\"><strong>Collier infiniment elfique et mystique!<br \/>\nCollier inox, soud\u00e9 argent en 22 points, articul\u00e9.<br \/>\nMartelage de huit fils d&#8217;inox entrem\u00eal\u00e9s pour un un effet de collerette plongeant, presque \u00e9lisab\u00e9thain.<br \/>\nTour de cou articul\u00e9, termin\u00e9 par une chainette de rallonge qui permet de jouer sur la longueur du collier et de s&#8217;adapter \u00e0 toutes les tailles et morphologies!<br \/>\nJeu de volutes martel\u00e9es et polies.<br \/>\n<\/strong><\/p>\n<p style=\"text-align: center;\"><strong>Collier pi\u00e8ce unique, infiniment elfique!!<\/strong><\/p>\n<hr \/>\n<p style=\"text-align: center;\">&#8220;Everything is an appearance And behind each appearance hides its secrets&#8230;. Its real essence, its truth is discovered the knowledge of the world The Power&#8221;<br \/>\nMaxime Chattam.<\/p>\n<p style=\"text-align: center;\">&#8220;The Star&#8221; is a symbol of opportunities, discoveries, innovations and this in all areas of our lives.<\/p>\n<p><strong>Collier infinitely elven and mystical!<\/strong><br \/>\n<strong>Stainless steel necklace, silver soldered into 22 points, articulate.<\/strong><br \/>\n<strong>Hammering eight stainless son intertwined for a collar effect plunging almost Elizabethan.<\/strong><br \/>\n<strong>choker articulated, terminated by a chain extension that allows playing on the length of the collar and fit all sizes and morphologies!<\/strong><br \/>\n<strong>Game hammered and polished scrolls.<\/strong><\/p>\n<p><strong>Very Victorian necklace &#8230; with an elven effect tip!<\/strong><\/p>\n","protected":false},"excerpt":{"rendered":"<p style=\"text-align: center;\"><strong>Collier inox entrelacs, esprit mystique et elfique.<\/strong><\/p>\n<hr \/>\n<p style=\"text-align: center;\"><strong><span class=\"tlid-translation translation\" lang=\"en\"><span class=\"\" title=\"\">Stainless steel interlaced necklace, mystic and elven spirit.<\/span><\/span><\/strong><\/p>\n","protected":false},"featured_media":1935,"comment_status":"open","ping_status":"closed","template":"","meta":{"jetpack_publicize_message":"","jetpack_publicize_feature_enabled":true,"jetpack_social_post_already_shared":false,"jetpack_social_options":{"image_generator_settings":{"template":"highway","default_image_id":0,"font":"","enabled":false},"version":2}},"product_brand":[],"product_cat":[16],"product_tag":[31],"class_list":{"0":"post-1934","1":"product","2":"type-product","3":"status-publish","4":"has-post-thumbnail","6":"product_cat-arcane","7":"product_tag-collier","8":"pa_ambiance-baroque","9":"pa_ambiance-celtique","10":"pa_ambiance-elfique","11":"pa_ambiance-feerique","12":"pa_ambiance-mystique","13":"pa_ambiance-victorien","14":"pa_matiere-inox","16":"first","17":"instock","18":"sold-individually","19":"shipping-taxable","20":"purchasable","21":"product-type-simple"},"translation":{"provider":"WPGlobus","version":"3.0.2","language":"en","enabled_languages":["fr","en"],"languages":{"fr":{"title":true,"content":true,"excerpt":true},"en":{"title":false,"content":false,"excerpt":false}}},"jetpack_publicize_connections":[],"jetpack-related-posts":[],"jetpack_sharing_enabled":true,"jetpack_likes_enabled":true,"_links":{"self":[{"href":"https:\/\/www.altisfain.com\/en\/wp-json\/wp\/v2\/product\/1934","targetHints":{"allow":["GET"]}}],"collection":[{"href":"https:\/\/www.altisfain.com\/en\/wp-json\/wp\/v2\/product"}],"about":[{"href":"https:\/\/www.altisfain.com\/en\/wp-json\/wp\/v2\/types\/product"}],"replies":[{"embeddable":true,"href":"https:\/\/www.altisfain.com\/en\/wp-json\/wp\/v2\/comments?post=1934"}],"wp:featuredmedia":[{"embeddable":true,"href":"https:\/\/www.altisfain.com\/en\/wp-json\/wp\/v2\/media\/1935"}],"wp:attachment":[{"href":"https:\/\/www.altisfain.com\/en\/wp-json\/wp\/v2\/media?parent=1934"}],"wp:term":[{"taxonomy":"product_brand","embeddable":true,"href":"https:\/\/www.altisfain.com\/en\/wp-json\/wp\/v2\/product_brand?post=1934"},{"taxonomy":"product_cat","embeddable":true,"href":"https:\/\/www.altisfain.com\/en\/wp-json\/wp\/v2\/product_cat?post=1934"},{"taxonomy":"product_tag","embeddable":true,"href":"https:\/\/www.altisfain.com\/en\/wp-json\/wp\/v2\/product_tag?post=1934"}],"curies":[{"name":"wp","href":"https:\/\/api.w.org\/{rel}","templated":true}]}}