{"id":1930,"date":"2019-01-15T12:36:11","date_gmt":"2019-01-15T11:36:11","guid":{"rendered":"http:\/\/www.altisfain.com\/?post_type=product&#038;p=1930"},"modified":"2023-01-05T11:24:46","modified_gmt":"2023-01-05T10:24:46","slug":"collier-inox-arcane-la-temperance","status":"publish","type":"product","link":"https:\/\/www.altisfain.com\/en\/boutique\/arcane\/collier-inox-arcane-la-temperance\/","title":{"rendered":"Collier inox &#8220;Arcane: La Temp\u00e9rance&#8221;"},"content":{"rendered":"<p style=\"text-align: center;\">&#8220;Chaque chose est une apparence. Et derri\u00e8re chaque apparence se cachent ses arcanes: son essence r\u00e9elle, sa v\u00e9rit\u00e9. La d\u00e9couvrir c&#8217;est la connaissance du monde. Le pouvoir.&#8221;<br \/>\nMaxime Chattam.<\/p>\n<p style=\"text-align: center;\">&#8220;La Temp\u00e9rance&#8221; symbolise la carte du s\u00e9rieux, de l\u2019observation, de la patience, du temps qu\u2019il faut aux choses pour se transformer. Cette carte parle de paix et d\u2019harmonie, de tranquillit\u00e9 et de repos. C\u2019est l\u2019arcane de l\u2019harmonie, de la coop\u00e9ration, de la sociabilit\u00e9.<\/p>\n<p style=\"text-align: center;\"><strong>Collier inox, soud\u00e9 argent en 12 points, articul\u00e9 et attache pendentif.<br \/>\nChainette de rallonge termin\u00e9e par un entrelacs permet de jouer sur la longueur du collier.<br \/>\nCollier plongeant repr\u00e9sentant les liens des jeux amoureux, et jeu d&#8217;entrelacs qui se m\u00ealent et se croisent.<br \/>\n<\/strong><\/p>\n<p style=\"text-align: center;\"><strong>Collier infiniment elfique!!<\/strong><\/p>\n","protected":false},"excerpt":{"rendered":"<p style=\"text-align: center;\"><strong>Collier inox entrelacs, esprit mystique et elfique.<\/strong><\/p>\n","protected":false},"featured_media":1931,"comment_status":"open","ping_status":"closed","template":"","meta":{"jetpack_publicize_message":"","jetpack_publicize_feature_enabled":true,"jetpack_social_post_already_shared":false,"jetpack_social_options":{"image_generator_settings":{"template":"highway","default_image_id":0,"font":"","enabled":false},"version":2}},"product_brand":[],"product_cat":[16],"product_tag":[31],"class_list":{"0":"post-1930","1":"product","2":"type-product","3":"status-publish","4":"has-post-thumbnail","6":"product_cat-arcane","7":"product_tag-collier","8":"product_shipping_class-colissimo-france-et-assurance","9":"pa_ambiance-baroque","10":"pa_ambiance-celtique","11":"pa_ambiance-elfique","12":"pa_ambiance-feerique","13":"pa_ambiance-mystique","14":"pa_ambiance-victorien","15":"pa_matiere-inox","17":"first","18":"instock","19":"sold-individually","20":"shipping-taxable","21":"purchasable","22":"product-type-simple"},"translation":{"provider":"WPGlobus","version":"3.0.2","language":"en","enabled_languages":["fr","en"],"languages":{"fr":{"title":true,"content":true,"excerpt":true},"en":{"title":false,"content":false,"excerpt":false}}},"jetpack_publicize_connections":[],"jetpack-related-posts":[],"jetpack_sharing_enabled":true,"jetpack_likes_enabled":true,"_links":{"self":[{"href":"https:\/\/www.altisfain.com\/en\/wp-json\/wp\/v2\/product\/1930","targetHints":{"allow":["GET"]}}],"collection":[{"href":"https:\/\/www.altisfain.com\/en\/wp-json\/wp\/v2\/product"}],"about":[{"href":"https:\/\/www.altisfain.com\/en\/wp-json\/wp\/v2\/types\/product"}],"replies":[{"embeddable":true,"href":"https:\/\/www.altisfain.com\/en\/wp-json\/wp\/v2\/comments?post=1930"}],"wp:featuredmedia":[{"embeddable":true,"href":"https:\/\/www.altisfain.com\/en\/wp-json\/wp\/v2\/media\/1931"}],"wp:attachment":[{"href":"https:\/\/www.altisfain.com\/en\/wp-json\/wp\/v2\/media?parent=1930"}],"wp:term":[{"taxonomy":"product_brand","embeddable":true,"href":"https:\/\/www.altisfain.com\/en\/wp-json\/wp\/v2\/product_brand?post=1930"},{"taxonomy":"product_cat","embeddable":true,"href":"https:\/\/www.altisfain.com\/en\/wp-json\/wp\/v2\/product_cat?post=1930"},{"taxonomy":"product_tag","embeddable":true,"href":"https:\/\/www.altisfain.com\/en\/wp-json\/wp\/v2\/product_tag?post=1930"}],"curies":[{"name":"wp","href":"https:\/\/api.w.org\/{rel}","templated":true}]}}