{"id":1769,"date":"2018-09-25T17:22:20","date_gmt":"2018-09-25T15:22:20","guid":{"rendered":"http:\/\/www.altisfain.com\/?post_type=product&#038;p=1769"},"modified":"2018-09-25T17:29:48","modified_gmt":"2018-09-25T15:29:48","slug":"collier-conte-laiton-la-petite-sirene-feuilles-palmette","status":"publish","type":"product","link":"https:\/\/www.altisfain.com\/en\/boutique\/conte\/collier-conte-laiton-la-petite-sirene-feuilles-palmette\/","title":{"rendered":"Collier Conte laiton &#8220;La Petite Sir\u00e8ne&#8221; feuilles palmette"},"content":{"rendered":"<p style=\"text-align: center;\">&#8220;La vie ressemble \u00e0 un conte ; ce qui importe, ce n&#8217;est pas sa longueur, mais sa valeur.&#8221;<br \/>\nS\u00e9n\u00e8que.<\/p>\n<p style=\"text-align: center;\">&#8220;La Petite Sir\u00e8ne&#8221; est un conte d&#8217;Andersen.<\/p>\n<p style=\"text-align: center;\"><strong>Collier laiton bross\u00e9 et verni satin.<br \/>\nTorque asym\u00e9trique mall\u00e9able, s&#8217;adaptant \u00e0 toutes les anatomies.<br \/>\nTorque de 40 cm environ.<br \/>\nM\u00e9tal inox premier titre, garanti sans nickel.<br \/>\nForme serpent, fils martel\u00e9s termin\u00e9s par une s\u00e9rie d&#8217;entrelacs soud\u00e9s argent qui entourent quatre branches de feuilles de palmettes martel\u00e9es main et form\u00e9es \u00e0 l&#8217;enclume.<br \/>\nSoudure argent en 18 points.<br \/>\nDimension des feuilles de palmette: 2,5 cm par 2,5 cm.<br \/>\n<\/strong><\/p>\n<p style=\"text-align: center;\"><b>Collier \u00e9perdument elfique!!<\/b><\/p>\n<hr \/>\n<p style=\"text-align: center;\">&#8220;Life resembles a tale, what matters is not its length, but its value.&#8221;<br \/>\nSeneca.<\/p>\n<p style=\"text-align: center;\">&#8220;The Little Mermaid&#8221; is an Andersen tale.<\/p>\n<p style=\"text-align: center;\"><strong>Brushed brass necklace and varnished satin.<\/strong><br \/>\n<strong>Malleable asymmetrical torus, adapting to all anatomies.<\/strong><br \/>\n<strong>Torque about 40 cm.<\/strong><br \/>\n<strong>Stainless steel first title, guaranteed nickel free.<\/strong><br \/>\n<strong>Snake-shaped, hammered threads terminated by a series of silver-welded interlacings that surround four branches of hand-hammered palm leaves and formed at the anvil.<\/strong><br \/>\n<strong>Silver soldering in 15 points.<\/strong><br \/>\n<strong>Palm leaves size: 2.5 cm by 2.5 cm.<\/strong><\/p>\n<p style=\"text-align: center;\"><strong>Necklace desperately Elvish !!<\/strong><\/p>\n","protected":false},"excerpt":{"rendered":"<p style=\"text-align: center;\"><strong>Collier torque laiton bross\u00e9 vernis satin asym\u00e9trique avec quatre feuilles de palmette et entrelacs, esprit elfique et f\u00e9\u00e9rique.<\/strong><\/p>\n<hr \/>\n<p style=\"text-align: center;\"><strong><span id=\"result_box\" class=\"\" lang=\"en\"><span class=\"\">Torque necklace brass brushed asymmetric satin varnish with four palm leaves and tracery, elven and fairy spirit.<\/span><\/span><\/strong><\/p>\n","protected":false},"featured_media":1770,"comment_status":"open","ping_status":"closed","template":"","meta":[],"product_brand":[],"product_cat":[29],"product_tag":[31,36],"class_list":{"0":"post-1769","1":"product","2":"type-product","3":"status-publish","4":"has-post-thumbnail","6":"product_cat-conte","7":"product_tag-collier","8":"product_tag-torque","9":"pa_ambiance-bucolique","10":"pa_ambiance-celtique","11":"pa_ambiance-elfique","12":"pa_ambiance-feerique","13":"pa_ambiance-vegetal","14":"pa_feuille-palmette","15":"pa_matiere-inox","17":"first","18":"instock","19":"featured","20":"sold-individually","21":"shipping-taxable","22":"purchasable","23":"product-type-simple"},"translation":{"provider":"WPGlobus","version":"3.0.2","language":"en","enabled_languages":["fr","en"],"languages":{"fr":{"title":true,"content":true,"excerpt":true},"en":{"title":false,"content":false,"excerpt":false}}},"jetpack-related-posts":[],"jetpack_sharing_enabled":true,"_links":{"self":[{"href":"https:\/\/www.altisfain.com\/en\/wp-json\/wp\/v2\/product\/1769","targetHints":{"allow":["GET"]}}],"collection":[{"href":"https:\/\/www.altisfain.com\/en\/wp-json\/wp\/v2\/product"}],"about":[{"href":"https:\/\/www.altisfain.com\/en\/wp-json\/wp\/v2\/types\/product"}],"replies":[{"embeddable":true,"href":"https:\/\/www.altisfain.com\/en\/wp-json\/wp\/v2\/comments?post=1769"}],"wp:featuredmedia":[{"embeddable":true,"href":"https:\/\/www.altisfain.com\/en\/wp-json\/wp\/v2\/media\/1770"}],"wp:attachment":[{"href":"https:\/\/www.altisfain.com\/en\/wp-json\/wp\/v2\/media?parent=1769"}],"wp:term":[{"taxonomy":"product_brand","embeddable":true,"href":"https:\/\/www.altisfain.com\/en\/wp-json\/wp\/v2\/product_brand?post=1769"},{"taxonomy":"product_cat","embeddable":true,"href":"https:\/\/www.altisfain.com\/en\/wp-json\/wp\/v2\/product_cat?post=1769"},{"taxonomy":"product_tag","embeddable":true,"href":"https:\/\/www.altisfain.com\/en\/wp-json\/wp\/v2\/product_tag?post=1769"}],"curies":[{"name":"wp","href":"https:\/\/api.w.org\/{rel}","templated":true}]}}