{"id":1757,"date":"2018-09-24T16:32:01","date_gmt":"2018-09-24T14:32:01","guid":{"rendered":"http:\/\/www.altisfain.com\/?post_type=product&#038;p=1757"},"modified":"2023-01-05T11:25:13","modified_gmt":"2023-01-05T10:25:13","slug":"collier-conte-laiton-cendrillon-feuille-lierre-hedera","status":"publish","type":"product","link":"https:\/\/www.altisfain.com\/en\/boutique\/conte\/collier-conte-laiton-cendrillon-feuille-lierre-hedera\/","title":{"rendered":"Collier Conte laiton &#8220;Cendrillon&#8221; feuille lierre hedera"},"content":{"rendered":"<p style=\"text-align: center;\">&#8220;La vie ressemble \u00e0 un conte ; ce qui importe, ce n&#8217;est pas sa longueur, mais sa valeur.&#8221;<br \/>\nS\u00e9n\u00e8que.<\/p>\n<p style=\"text-align: center;\">&#8220;Cendrillon&#8221; est un conte de Charles Perrault.<\/p>\n<p style=\"text-align: center;\"><strong>Collier articul\u00e9 laiton vernis satin haute r\u00e9sistance.<br \/>\nM\u00e9tal laiton premier titre, garanti sans nickel.<br \/>\nEsprit rivi\u00e8re, travail en entrelacs sur fils martel\u00e9s et soud\u00e9s argent.<br \/>\nOnze fils laiton, 18 points de soudure argent.<br \/>\nDeux feuilles de hederas ou lierre martel\u00e9es main et form\u00e9es \u00e0 l&#8217;enclume terminent l&#8217;ensemble.<br \/>\nUne cha\u00eenette de rallonge permet de jouer sur la longueur du collier, termin\u00e9e par une petite feuille de lierre.<br \/>\nDimension des feuilles de lierre: 2,5 cm par 2 cm.<br \/>\n<\/strong><\/p>\n<p style=\"text-align: center;\"><b>Collier \u00e9perdument elfique!!<\/b><\/p>\n","protected":false},"excerpt":{"rendered":"<p style=\"text-align: center;\"><strong>Collier articul\u00e9 laiton bross\u00e9 vernis satin asym\u00e9trique avec deux feuilles de lierre hedera et entrelacs, esprit elfique et f\u00e9\u00e9rique.<\/strong><\/p>\n","protected":false},"featured_media":1758,"comment_status":"open","ping_status":"closed","template":"","meta":[],"product_brand":[],"product_cat":[29],"product_tag":[31],"class_list":{"0":"post-1757","1":"product","2":"type-product","3":"status-publish","4":"has-post-thumbnail","6":"product_cat-conte","7":"product_tag-collier","8":"pa_ambiance-bucolique","9":"pa_ambiance-celtique","10":"pa_ambiance-elfique","11":"pa_ambiance-feerique","12":"pa_ambiance-vegetal","13":"pa_feuille-hedera","14":"pa_feuille-lierre","15":"pa_matiere-inox","17":"first","18":"instock","19":"featured","20":"sold-individually","21":"shipping-taxable","22":"purchasable","23":"product-type-simple"},"translation":{"provider":"WPGlobus","version":"3.0.2","language":"en","enabled_languages":["fr","en"],"languages":{"fr":{"title":true,"content":true,"excerpt":true},"en":{"title":false,"content":false,"excerpt":false}}},"jetpack-related-posts":[],"jetpack_sharing_enabled":true,"_links":{"self":[{"href":"https:\/\/www.altisfain.com\/en\/wp-json\/wp\/v2\/product\/1757","targetHints":{"allow":["GET"]}}],"collection":[{"href":"https:\/\/www.altisfain.com\/en\/wp-json\/wp\/v2\/product"}],"about":[{"href":"https:\/\/www.altisfain.com\/en\/wp-json\/wp\/v2\/types\/product"}],"replies":[{"embeddable":true,"href":"https:\/\/www.altisfain.com\/en\/wp-json\/wp\/v2\/comments?post=1757"}],"wp:featuredmedia":[{"embeddable":true,"href":"https:\/\/www.altisfain.com\/en\/wp-json\/wp\/v2\/media\/1758"}],"wp:attachment":[{"href":"https:\/\/www.altisfain.com\/en\/wp-json\/wp\/v2\/media?parent=1757"}],"wp:term":[{"taxonomy":"product_brand","embeddable":true,"href":"https:\/\/www.altisfain.com\/en\/wp-json\/wp\/v2\/product_brand?post=1757"},{"taxonomy":"product_cat","embeddable":true,"href":"https:\/\/www.altisfain.com\/en\/wp-json\/wp\/v2\/product_cat?post=1757"},{"taxonomy":"product_tag","embeddable":true,"href":"https:\/\/www.altisfain.com\/en\/wp-json\/wp\/v2\/product_tag?post=1757"}],"curies":[{"name":"wp","href":"https:\/\/api.w.org\/{rel}","templated":true}]}}