{"id":1743,"date":"2018-09-20T13:36:33","date_gmt":"2018-09-20T11:36:33","guid":{"rendered":"http:\/\/www.altisfain.com\/?post_type=product&#038;p=1743"},"modified":"2019-03-01T20:25:45","modified_gmt":"2019-03-01T19:25:45","slug":"bracelet-inox-les-peches-capitaux-l-envie-aventurine","status":"publish","type":"product","link":"https:\/\/www.altisfain.com\/en\/boutique\/peches-capitaux\/bracelet-inox-les-peches-capitaux-l-envie-aventurine\/","title":{"rendered":"Bracelet inox &#8220;Les P\u00e9ch\u00e9s Capitaux: l&#8217; Envie&#8221; Aventurine"},"content":{"rendered":"<p style=\"text-align: center;\">&#8220;J&#8217;imagine que ce qui est vraiment tragique pour les pauvres, c&#8217;est de ne rien pouvoir s&#8217;offrir que de l&#8217;abn\u00e9gation. Les beaux p\u00e9ch\u00e9s comme les beaux objets sont le privil\u00e8ge des riches.&#8221;<br \/>\nOscar Wilde.<\/p>\n<p style=\"text-align: center;\">Dans la religion catholique, les p\u00e9ch\u00e9s capitaux correspondent aux p\u00e9ch\u00e9s dont d\u00e9coulent tous les autres. Ainsi, le mot capital n&#8217;est pas en rapport avec la gravit\u00e9 (par exemple, le meurtre n\u2019y figure pas ; le blasph\u00e8me non plus). Il vient du latin caput (\u00ab t\u00eate \u00bb), par comparaison \u00e0 cette partie du corps qui dirige l\u2019ensemble : le p\u00e9ch\u00e9 capital conduit \u00e0 d\u2019autres p\u00e9ch\u00e9s.<br \/>\n&#8220;L&#8217; Envie&#8221; est l&#8217;un d&#8217;entre eux.<\/p>\n<p style=\"text-align: center;\"><strong>Bracelet esclave inox fils, entrelacs soud\u00e9s argent, martel\u00e9s.<\/strong><br \/>\n<strong>M\u00e9tal mall\u00e9able qui permet de serrer et desserrer les bras du bracelet pour s&#8217;adapter au poignet.<\/strong><br \/>\n<strong>Une Aventurine vert tendre cabochon ovale en serti griffe se trouve au centre des volutes.<\/strong><br \/>\n<strong>La couleur verte du cabochon symbolise l&#8217; Envie .<\/strong><\/p>\n<p style=\"text-align: center;\"><strong>Dimension du cabochon: 18 mm par 13 mm.<\/strong><br \/>\n<strong>Bracelet pour poignet de 14 \u00e0 17 cm.<\/strong><br \/>\n<strong>Largueur du bracelet: 4 cm maximum sur le dessus du poignet.<\/strong><\/p>\n<p style=\"text-align: center;\"><strong>Pi\u00e8ce unique!<\/strong><\/p>\n<p>&nbsp;<\/p>\n<p>&nbsp;<\/p>\n","protected":false},"excerpt":{"rendered":"<p style=\"text-align: center;\"><strong>Bracelet\u00a0 inox type esclave entrelacs et serti Aventurine vert tendre, inspir\u00e9 des couleurs des P\u00e9ch\u00e9s Capitaux au Moyen \u00c2ge. Ambiance elfique et mystique.<\/strong><\/p>\n<p>&nbsp;<\/p>\n","protected":false},"featured_media":1744,"comment_status":"open","ping_status":"closed","template":"","meta":[],"product_brand":[],"product_cat":[23],"product_tag":[33],"class_list":{"0":"post-1743","1":"product","2":"type-product","3":"status-publish","4":"has-post-thumbnail","6":"product_cat-peches-capitaux","7":"product_tag-bracelet","8":"pa_ambiance-baroque","9":"pa_ambiance-elfique","10":"pa_ambiance-feerique","11":"pa_ambiance-mystique","12":"pa_ambiance-victorien","13":"pa_matiere-inox","14":"pa_ornement-aventurine","15":"pa_ornement-pierre-semi","16":"pa_ornement-pierre-verte","18":"first","19":"instock","20":"featured","21":"sold-individually","22":"shipping-taxable","23":"purchasable","24":"product-type-simple"},"translation":{"provider":"WPGlobus","version":"3.0.2","language":"en","enabled_languages":["fr","en"],"languages":{"fr":{"title":true,"content":true,"excerpt":true},"en":{"title":false,"content":false,"excerpt":false}}},"jetpack-related-posts":[],"jetpack_sharing_enabled":true,"_links":{"self":[{"href":"https:\/\/www.altisfain.com\/en\/wp-json\/wp\/v2\/product\/1743","targetHints":{"allow":["GET"]}}],"collection":[{"href":"https:\/\/www.altisfain.com\/en\/wp-json\/wp\/v2\/product"}],"about":[{"href":"https:\/\/www.altisfain.com\/en\/wp-json\/wp\/v2\/types\/product"}],"replies":[{"embeddable":true,"href":"https:\/\/www.altisfain.com\/en\/wp-json\/wp\/v2\/comments?post=1743"}],"wp:featuredmedia":[{"embeddable":true,"href":"https:\/\/www.altisfain.com\/en\/wp-json\/wp\/v2\/media\/1744"}],"wp:attachment":[{"href":"https:\/\/www.altisfain.com\/en\/wp-json\/wp\/v2\/media?parent=1743"}],"wp:term":[{"taxonomy":"product_brand","embeddable":true,"href":"https:\/\/www.altisfain.com\/en\/wp-json\/wp\/v2\/product_brand?post=1743"},{"taxonomy":"product_cat","embeddable":true,"href":"https:\/\/www.altisfain.com\/en\/wp-json\/wp\/v2\/product_cat?post=1743"},{"taxonomy":"product_tag","embeddable":true,"href":"https:\/\/www.altisfain.com\/en\/wp-json\/wp\/v2\/product_tag?post=1743"}],"curies":[{"name":"wp","href":"https:\/\/api.w.org\/{rel}","templated":true}]}}