{"id":1728,"date":"2018-09-13T17:55:24","date_gmt":"2018-09-13T15:55:24","guid":{"rendered":"http:\/\/www.altisfain.com\/?post_type=product&#038;p=1728"},"modified":"2024-06-15T17:07:06","modified_gmt":"2024-06-15T15:07:06","slug":"collier-inox-les-diaboliques-titania-labradorite-bleue-verte","status":"publish","type":"product","link":"https:\/\/www.altisfain.com\/en\/boutique\/prix-doux\/collier-inox-les-diaboliques-titania-labradorite-bleue-verte\/","title":{"rendered":"Collier inox &#8220;Les Diaboliques: Titania&#8221; Labradorite bleue verte"},"content":{"rendered":"<p style=\"text-align: center;\">&#8220;Le mot na\u00eff et \u00e9tonn\u00e9 de la Borgh\u00e8se, quand on lui demanda comment elle avait bien pu poser nue devant Canova: \u00abmais l&#8217;atelier \u00e9tait chaud! il y avait un po\u00eale!\u00bb&#8221;<br \/>\nLes Diaboliques, Barbey d&#8217;Aurevilly.<\/p>\n<p style=\"text-align: center;\">Collection inspir\u00e9e de femmes, fictives ou historiques qui, \u00e0 tord ou \u00e0 raison, ont suscit\u00e9 accusations et calomnies et marqu\u00e9 l&#8217;Histoire ou les histoires par leur personnalit\u00e9 sulfureuse&#8230;..<\/p>\n<p style=\"text-align: center;\">Titania appara\u00eet dans <strong>Le Songe d\u2019une nuit<\/strong> d\u2019\u00e9t\u00e9 de Shakespeare, \u00e0 la fin du XVI<sup>e<\/sup> si\u00e8cle. Le nom de cette f\u00e9e indique d\u00e9j\u00e0 qu\u2019elle a de l\u2019orgueil \u00e0 revendre. Il est tir\u00e9 des <strong>M\u00e9tamorphoses<\/strong> d\u2019Ovide et signifie \u00ab\u00a0fille de Titan\u00a0\u00bb. Titania se d\u00e9place en volant et poss\u00e8de une escorte rapproch\u00e9e compos\u00e9e de petits \u00eatres, hommes et femmes confondus. Elle est mari\u00e9e \u00e0 Ob\u00e9ron, le roi des f\u00e9es, un couple ardant qui ne cessent de se reprochert leurs infid\u00e9lit\u00e9s avec des \u00eatres humains. Ces infid\u00e9lit\u00e9s sont graves car en d\u00e9sirant des mortels, les f\u00e9es ont transgress\u00e9 le principe de s\u00e9paration des esp\u00e8ces et cr\u00e9\u00e9 le chaos dans la nature.\u00a0 Si Ob\u00e9ron est un personnage aux pulsions sadiques, Titania est une f\u00e9e rebelle qui d\u00e9couvre dans son d\u00e9sir pour un mortel \u00e0 t\u00eate d&#8217;\u00e2ne l\u2019attrait inqui\u00e9tant du monstrueux. Ainsi Titania et Ob\u00e9ron d\u00e9mystifient le d\u00e9sir, en lui \u00f4tant son aura magique. Ils r\u00e9v\u00e8lent en effet son pouvoir morbide, ses artifices et sa potentielle perversit\u00e9.<\/p>\n<p style=\"text-align: center;\"><b>Collier inox entrelacs articul\u00e9.<br \/>\nUn pendentif serti griffe forme feuille Labradorite bleue verte termine l&#8217;ensemble. Cabochon de Labradorite de tr\u00e8s belle qualit\u00e9, jeu d&#8217;entrelacs esprit celtique . <\/b><b>Le b\u00e9li\u00e8re forme une s\u00e9rie de fils entrelac\u00e9s et soud\u00e9s. <\/b><b>Une chaine inox et chainette de rallonge permet de fermer le collier \u00e0 l&#8217;arri\u00e8re du cou. Le tour de cou est orn\u00e9 de petits entrelacs serpentant.<br \/>\nDimension du collier: 9,2 cm de large maximum en incluant le pendentif et 14,5 cm de long entre chaque extr\u00e9mit\u00e9. Le tour de cou est de 40 cm \u00e0 environ 48 cm avec extension de chaine.<br \/>\nDimension du cabochon: 4,6 cm par 2,6 cm.<br \/>\n<\/b><\/p>\n<p style=\"text-align: center;\"><strong>Dimension du pendentif: 8 cm par 3,8 cm.<\/strong><\/p>\n<p style=\"text-align: center;\"><b>Style antique et onirique, pi\u00e8ce unique!!<\/b><\/p>\n<hr \/>\n<p style=\"text-align: center;\">&#8220;The word naive and amazed at the Borghese, when asked how she could well pose nude in front of Canova,&#8221; but the studio was hot there was a stove! &#8220;&#8221;<br \/>\nDiabolique, Barbey d&#8217;Aurevilly.<\/p>\n<p style=\"text-align: center;\">Collection inspired by women, fictional or historical, rightly or wrongly, have sucit\u00e9 accusations and slander and marked history or stories by their sulfurous personality &#8230;..<\/p>\n<p style=\"text-align: center;\">Titania appears in Shakespeare&#8217;s The Dream of a Summer Night at the end of the 16th century. The name of this fairy already indicates that she has pride to resell. It is derived from Ovid&#8217;s Metamorphoses and means &#8220;Titan&#8217;s daughter&#8221;. Titania moves by flying and has a close escort composed of small beings, men and women confused. She is married to Oberon, the king of the fairies, an ardent couple who constantly reproach themselves for their infidelities with human beings. These infidelities are serious because in desiring mortals, the fairies have transgressed the principle of separation of species and created chaos in nature. If Oberon is a character with sadistic impulses, Titania is a rebellious fairy who discovers in her desire for a mortal with a donkey&#8217;s head the ominous attraction of the monstrous. Thus Titania and Oberon demystify the desire, taking away its magical aura. They reveal indeed its morbid power, its artifices and its potential perversity.<\/p>\n<p><strong>Stainless steel articulated necklace.<\/strong><br \/>\n<strong>A pendant set with claw form leaf Labradorite blue green finish the set. Labradorite cabochon of very good quality, intertwined Celtic spirit. The bail forms a series of interlaced and welded threads. A stainless steel chain and chain extension allows to close the necklace at the back of the neck. The choker is adorned with small serpentine tracery.<\/strong><br \/>\n<strong>Necklace size: 9.2 cm wide including the pendant and 14.5 cm long between each end. The choker is 40 cm to about 48 cm with chain extension.<\/strong><br \/>\n<strong>Dimension of the cabochon: 4,6 cm by 2,6 cm.<\/strong><\/p>\n<p><strong>Size of the pendant: 8 cm by 3.8 cm.<\/strong><\/p>\n<p><strong>Celtic and dreamlike style, unique piece !!<\/strong><\/p>\n","protected":false},"excerpt":{"rendered":"<p style=\"text-align: center;\"><strong>Collier inox , forme plongeant, entrelacs et pendentif serti feuille Labradorite bleue verte, esprit celtique et onirique.<\/strong><\/p>\n<hr \/>\n<p style=\"text-align: center;\"><strong><span class=\"tlid-translation translation\" lang=\"en\"><span class=\"\" title=\"\">Stainless steel necklace, plunging shape, interlacing and pendant set leaf Labradorite blue green, Celtic spirit and dreamlike.<\/span><\/span><\/strong><\/p>\n","protected":false},"featured_media":5927,"comment_status":"open","ping_status":"closed","template":"","meta":[],"product_brand":[],"product_cat":[221,15],"product_tag":[31],"class_list":{"0":"post-1728","1":"product","2":"type-product","3":"status-publish","4":"has-post-thumbnail","6":"product_cat-prix-doux","7":"product_cat-diaboliques","8":"product_tag-collier","9":"pa_ambiance-antique","10":"pa_ambiance-baroque","11":"pa_ambiance-celtique","12":"pa_ambiance-elfique","13":"pa_ambiance-feerique","14":"pa_ambiance-historique","15":"pa_ambiance-victorien","16":"pa_matiere-inox","17":"pa_ornement-labradorite-bleue","18":"pa_ornement-labradorite-verte","19":"pa_ornement-pierre-semi","21":"first","22":"instock","23":"sale","24":"featured","25":"sold-individually","26":"shipping-taxable","27":"purchasable","28":"product-type-simple"},"translation":{"provider":"WPGlobus","version":"3.0.2","language":"en","enabled_languages":["fr","en"],"languages":{"fr":{"title":true,"content":true,"excerpt":true},"en":{"title":false,"content":false,"excerpt":false}}},"jetpack-related-posts":[],"jetpack_sharing_enabled":true,"_links":{"self":[{"href":"https:\/\/www.altisfain.com\/en\/wp-json\/wp\/v2\/product\/1728","targetHints":{"allow":["GET"]}}],"collection":[{"href":"https:\/\/www.altisfain.com\/en\/wp-json\/wp\/v2\/product"}],"about":[{"href":"https:\/\/www.altisfain.com\/en\/wp-json\/wp\/v2\/types\/product"}],"replies":[{"embeddable":true,"href":"https:\/\/www.altisfain.com\/en\/wp-json\/wp\/v2\/comments?post=1728"}],"wp:featuredmedia":[{"embeddable":true,"href":"https:\/\/www.altisfain.com\/en\/wp-json\/wp\/v2\/media\/5927"}],"wp:attachment":[{"href":"https:\/\/www.altisfain.com\/en\/wp-json\/wp\/v2\/media?parent=1728"}],"wp:term":[{"taxonomy":"product_brand","embeddable":true,"href":"https:\/\/www.altisfain.com\/en\/wp-json\/wp\/v2\/product_brand?post=1728"},{"taxonomy":"product_cat","embeddable":true,"href":"https:\/\/www.altisfain.com\/en\/wp-json\/wp\/v2\/product_cat?post=1728"},{"taxonomy":"product_tag","embeddable":true,"href":"https:\/\/www.altisfain.com\/en\/wp-json\/wp\/v2\/product_tag?post=1728"}],"curies":[{"name":"wp","href":"https:\/\/api.w.org\/{rel}","templated":true}]}}