{"id":1535,"date":"2018-06-13T16:10:39","date_gmt":"2018-06-13T14:10:39","guid":{"rendered":"http:\/\/www.altisfain.com\/?post_type=product&#038;p=1535"},"modified":"2023-01-06T21:54:07","modified_gmt":"2023-01-06T20:54:07","slug":"bracelet-psylle-ginkgo","status":"publish","type":"product","link":"https:\/\/www.altisfain.com\/en\/boutique\/psylle\/bracelet-psylle-ginkgo\/","title":{"rendered":"Bracelet Psylle Ginkgo inox ou laiton"},"content":{"rendered":"<p style=\"text-align: center;\">Les Psylles sont le nom d&#8217;un peuple de Cyr\u00e9na\u00efque qui avait la r\u00e9putation de gu\u00e9rir les morsures de serpent et d&#8217;\u00eatre immunis\u00e9 contre elles. Ils d\u00e9signent \u00e9galement les charmeurs de serpents!<\/p>\n<p style=\"text-align: center;\"><strong>Bracelet inox, feuille de ginkgo biloba martel\u00e9e, tour de poignet modulable.<br \/>\nDimension de la feuille: 3 cm par 2,7 cm.<br \/>\nSe porte sur le poignet en le resserrant ou sur le milieu de l&#8217;avant-bras dans un esprit celte et f\u00e9erique.<br \/>\nInox type alimentaire, ne noircit pas et ne provoque pas d&#8217;allergies cutan\u00e9es.<br \/>\nBracelet livr\u00e9 dans son \u00e9crin.<\/strong><\/p>\n<p style=\"text-align: center;\"><strong>Bracelet infiniment elfique et esprit m\u00e9di\u00e9val!! <\/strong><\/p>\n<p style=\"text-align: center;\"><strong>Peut \u00eatre r\u00e9alis\u00e9 en laiton verni satin haute r\u00e9sistance.<\/strong><\/p>\n<hr \/>\n<p style=\"text-align: center;\"><span class=\"tlid-translation translation\" lang=\"en\"><span class=\"\" title=\"\">The Psylles are the name of a people of Cyrenaica who had the reputation of healing snake bites and being immune to them.<\/span> <span title=\"\">They also designate snake charmers!<\/span><\/span><\/p>\n<p><strong><span title=\"\">Stainless steel bracelet, ginkgo leaf biloba hammered, adjustable wrist.<\/span><\/strong><br \/>\n<strong><span title=\"\">Size of the leaf: 3 cm by 2.7 cm.<\/span><\/strong><br \/>\n<strong><span title=\"\">It is worn on the wrist by tightening it or on the middle of the forearm in a celtic and fairy spirit.<\/span><\/strong><br \/>\n<strong><span title=\"\">Inox type food, does not blacken and does not cause skin allergies.<\/span><\/strong><br \/>\n<strong><span title=\"\">Bracelet delivered in its case.<\/span><\/strong><\/p>\n<p><strong><span title=\"\">Ultimate Elven Bracelet and Medieval Spirit !!<\/span><\/strong><\/p>\n<p><strong><span title=\"\">Can be made of high resistance satin varnished brass.<\/span><\/strong><\/p>\n<div class=\"tlid-result-transliteration-container result-transliteration-container transliteration-container\">\n<div class=\"tlid-transliteration-content transliteration-content full\"><\/div>\n<\/div>\n","protected":false},"excerpt":{"rendered":"<p style=\"text-align: center;\"><strong>Bracelet inox r\u00e9glable feuille de Ginkgo Biloba.<\/strong><\/p>\n<p style=\"text-align: center;\"><strong>Infiniment elfique et esprit Art Nouveau.<\/strong><\/p>\n<hr \/>\n<div class=\"text-wrap tlid-copy-target\" style=\"text-align: center;\">\n<p><span class=\"tlid-translation translation\" lang=\"en\"><strong><span class=\"\" title=\"\">Adjustable stainless steel Ginkgo Biloba leaf bracelet.<\/span><\/strong><\/span><\/p>\n<p><strong><span title=\"\">Infinitely elven and Art Nouveau spirit.<\/span><\/strong><\/p>\n<\/div>\n<div class=\"tlid-result-transliteration-container result-transliteration-container transliteration-container\">\n<div class=\"tlid-transliteration-content transliteration-content full\"><\/div>\n<\/div>\n","protected":false},"featured_media":1536,"comment_status":"open","ping_status":"closed","template":"","meta":[],"product_brand":[],"product_cat":[26],"product_tag":[33],"class_list":{"0":"post-1535","1":"product","2":"type-product","3":"status-publish","4":"has-post-thumbnail","6":"product_cat-psylle","7":"product_tag-bracelet","8":"pa_ambiance-art-nouveau","9":"pa_ambiance-celtique","10":"pa_ambiance-elfique","11":"pa_ambiance-feerique","12":"pa_ambiance-medieval","13":"pa_ambiance-vegetal","14":"pa_feuille-ginkgo-biloba","15":"pa_matiere-inox","16":"pa_matiere-laiton","18":"first","19":"instock","20":"featured","21":"sold-individually","22":"shipping-taxable","23":"purchasable","24":"product-type-variable"},"translation":{"provider":"WPGlobus","version":"3.0.2","language":"en","enabled_languages":["fr","en"],"languages":{"fr":{"title":true,"content":true,"excerpt":true},"en":{"title":false,"content":false,"excerpt":false}}},"jetpack-related-posts":[],"jetpack_sharing_enabled":true,"_links":{"self":[{"href":"https:\/\/www.altisfain.com\/en\/wp-json\/wp\/v2\/product\/1535","targetHints":{"allow":["GET"]}}],"collection":[{"href":"https:\/\/www.altisfain.com\/en\/wp-json\/wp\/v2\/product"}],"about":[{"href":"https:\/\/www.altisfain.com\/en\/wp-json\/wp\/v2\/types\/product"}],"replies":[{"embeddable":true,"href":"https:\/\/www.altisfain.com\/en\/wp-json\/wp\/v2\/comments?post=1535"}],"wp:featuredmedia":[{"embeddable":true,"href":"https:\/\/www.altisfain.com\/en\/wp-json\/wp\/v2\/media\/1536"}],"wp:attachment":[{"href":"https:\/\/www.altisfain.com\/en\/wp-json\/wp\/v2\/media?parent=1535"}],"wp:term":[{"taxonomy":"product_brand","embeddable":true,"href":"https:\/\/www.altisfain.com\/en\/wp-json\/wp\/v2\/product_brand?post=1535"},{"taxonomy":"product_cat","embeddable":true,"href":"https:\/\/www.altisfain.com\/en\/wp-json\/wp\/v2\/product_cat?post=1535"},{"taxonomy":"product_tag","embeddable":true,"href":"https:\/\/www.altisfain.com\/en\/wp-json\/wp\/v2\/product_tag?post=1535"}],"curies":[{"name":"wp","href":"https:\/\/api.w.org\/{rel}","templated":true}]}}