{"id":1514,"date":"2018-06-12T11:25:19","date_gmt":"2018-06-12T09:25:19","guid":{"rendered":"http:\/\/www.altisfain.com\/?post_type=product&#038;p=1514"},"modified":"2018-06-12T11:29:55","modified_gmt":"2018-06-12T09:29:55","slug":"tour-doreille-conte-les-lumieres-orme","status":"publish","type":"product","link":"https:\/\/www.altisfain.com\/en\/boutique\/conte\/tour-doreille-conte-les-lumieres-orme\/","title":{"rendered":"Tour d&#8217;oreille Conte &#8220;Les Lumi\u00e8res&#8221; orme"},"content":{"rendered":"<p style=\"text-align: center;\">&#8220;La vie ressemble \u00e0 un conte ; ce qui importe, ce n&#8217;est pas sa longueur, mais sa valeur.&#8221;<br \/>\nS\u00e9n\u00e8que.<\/p>\n<p style=\"text-align: center;\">&#8220;Les Lumi\u00e8res&#8221; est un conte d&#8217; Andersen .<\/p>\n<p style=\"text-align: center;\"><b>Tour d&#8217;oreille droite inox, feuille d&#8217;orme martel\u00e9es main, soud\u00e9es argent sur un fil inox qui enveloppe l&#8217;oreille et descendent sur la maxillaire.<br \/>\nRetour sur le lobe avec une petite feuille d&#8217;orme.<br \/>\nM\u00e9tal recuit, mall\u00e9able, s&#8217;adapte \u00e0 chaque anatomie!<br \/>\nPeut \u00eatre r\u00e9alis\u00e9 pour oreille gauche sur demande lors de la commande.<br \/>\nDimension feuille: 3 cm par 2 cm, 2 cm par 1 cm.<\/b><\/p>\n<p style=\"text-align: center;\"><strong>Peut \u00eatre r\u00e9alis\u00e9 pour oreille gauche.<\/strong><\/p>\n<p style=\"text-align: center;\"><strong>Tour d&#8217;oreille infiniment elfique!<\/strong><\/p>\n","protected":false},"excerpt":{"rendered":"<p style=\"text-align: center;\"><strong>Tour d&#8217;oreille feuilles d&#8217; orme, ambiance elfique et f\u00e9\u00e9rique!<\/strong><\/p>\n","protected":false},"featured_media":1515,"comment_status":"open","ping_status":"closed","template":"","meta":[],"product_brand":[],"product_cat":[29],"product_tag":[35],"class_list":{"0":"post-1514","1":"product","2":"type-product","3":"status-publish","4":"has-post-thumbnail","6":"product_cat-conte","7":"product_tag-tour-oreille","8":"pa_ambiance-art-nouveau","9":"pa_ambiance-celtique","10":"pa_ambiance-elfique","11":"pa_ambiance-feerique","12":"pa_ambiance-vegetal","13":"pa_feuille-orme","14":"pa_matiere-inox","16":"first","17":"instock","18":"sold-individually","19":"shipping-taxable","20":"purchasable","21":"product-type-simple"},"translation":{"provider":"WPGlobus","version":"3.0.2","language":"en","enabled_languages":["fr","en"],"languages":{"fr":{"title":true,"content":true,"excerpt":true},"en":{"title":false,"content":false,"excerpt":false}}},"jetpack-related-posts":[],"jetpack_sharing_enabled":true,"_links":{"self":[{"href":"https:\/\/www.altisfain.com\/en\/wp-json\/wp\/v2\/product\/1514","targetHints":{"allow":["GET"]}}],"collection":[{"href":"https:\/\/www.altisfain.com\/en\/wp-json\/wp\/v2\/product"}],"about":[{"href":"https:\/\/www.altisfain.com\/en\/wp-json\/wp\/v2\/types\/product"}],"replies":[{"embeddable":true,"href":"https:\/\/www.altisfain.com\/en\/wp-json\/wp\/v2\/comments?post=1514"}],"wp:featuredmedia":[{"embeddable":true,"href":"https:\/\/www.altisfain.com\/en\/wp-json\/wp\/v2\/media\/1515"}],"wp:attachment":[{"href":"https:\/\/www.altisfain.com\/en\/wp-json\/wp\/v2\/media?parent=1514"}],"wp:term":[{"taxonomy":"product_brand","embeddable":true,"href":"https:\/\/www.altisfain.com\/en\/wp-json\/wp\/v2\/product_brand?post=1514"},{"taxonomy":"product_cat","embeddable":true,"href":"https:\/\/www.altisfain.com\/en\/wp-json\/wp\/v2\/product_cat?post=1514"},{"taxonomy":"product_tag","embeddable":true,"href":"https:\/\/www.altisfain.com\/en\/wp-json\/wp\/v2\/product_tag?post=1514"}],"curies":[{"name":"wp","href":"https:\/\/api.w.org\/{rel}","templated":true}]}}