{"id":14,"date":"2018-02-12T10:53:00","date_gmt":"2018-02-12T09:53:00","guid":{"rendered":"http:\/\/www.altisfain.com\/?post_type=product&#038;p=14"},"modified":"2019-10-19T22:27:37","modified_gmt":"2019-10-19T20:27:37","slug":"test-de-bracelet","status":"publish","type":"product","link":"https:\/\/www.altisfain.com\/en\/boutique\/monsho\/test-de-bracelet\/","title":{"rendered":"Collier inox Monsh\u014d Orme"},"content":{"rendered":"<p style=\"text-align: center;\">Les Monsh\u014d sont les armoiries des familles japonaises.<br \/>\nIls consistent en un symbole souvent encercl\u00e9 ou de forme arrondie. Les dessins \u00e9taient souvent des versions stylis\u00e9es de th\u00e8mes ou objets japonais, souvent issus de la nature.<br \/>\nPresque tout dans la nature avait une symbolique, superstitieuse ou non, ce que influen\u00e7ait les familles dans le choix du motif embl\u00e8me de leur clan.<\/p>\n<p style=\"text-align: center;\">En raison de son genre hermaphrodite, l\u2019orme est le symbole de l\u2019hybride, du croisement.<\/p>\n<p style=\"text-align: center;\"><b> Pendentif circulaire mont\u00e9 sur une cha\u00eene maille serpent de 51 cm de long.<br \/>\nUne cha\u00eenette de rallonge termin\u00e9e par une feuille d&#8217;orme permet de jouer sur la longueur du collier.<br \/>\nLe pendentif est form\u00e9 de 2 feuilles d&#8217;orme martel\u00e9es main et soud\u00e9es sur deux branches.<br \/>\nQuatre brins inox entrelacent les feuilles et sortent du cercle en volutes.<br \/>\nDiam\u00e8tre du cercle: 5,6 cm.<br \/>\nDimension feuilles: 3,3 cm par 1,8 cm pour la grande feuille, 2,9 cm par 1,6 cm pour la plus petite.<br \/>\nB\u00e9li\u00e8re de pendentif int\u00e9gr\u00e9 au cercle.<\/b><\/p>\n<p style=\"text-align: center;\"><strong>Collier talisman, d&#8217;inspiration asiatique et elfique!<\/strong><\/p>\n<hr \/>\n<p style=\"text-align: center;\">The Monsh\u014d is the coat of Japanese families.<br \/>\nThey consist of a symbol often encircled or rounded. The drawings were often stylized versions of Japanese themes or objects, often derived from nature. Almost everything in nature had a symbolic, superstitious or not, what influenced families in choosing the emblem reason for their clan.<\/p>\n<p style=\"text-align: center;\">Because of its kind hermaphrodite, elm is the symbol of the hybrid crossover.<\/p>\n<p><strong>Circular pendant mounted on an articulated torque.<\/strong><br \/>\n<strong>An extension chain terminated by an elm leaf can play on the length of the necklace.<\/strong><br \/>\n<strong>The pendant consists of two elm leaves hand hammered and welded on two branches.<\/strong><br \/>\n<strong>Four stainless steel strands intertwine leaves and scrolls out of the circle.<\/strong><br \/>\n<strong>Circle diameter: 5.6 cm.<\/strong><br \/>\n<strong>Size leaves: 3.3 cm by 1.8 cm for the newsprint, 2.9 cm by 1.6 cm for the smallest.<\/strong><\/p>\n<p style=\"text-align: left;\"><strong>Pendant Bail integrated into the circle.<\/strong><\/p>\n","protected":false},"excerpt":{"rendered":"<p style=\"text-align: center;\"><strong>Collier inox pendentif, entrelacs et feuilles d&#8217;orme, d&#8217;inspiration asiatique et elfique.<\/strong><\/p>\n<hr \/>\n<p style=\"text-align: center;\"><strong><span class=\"tlid-translation translation\" lang=\"en\"><span title=\"\">Stainless steel necklace pendant, tracery and elm leaves, Asian and Elvish inspiration.<\/span><\/span><\/strong><\/p>\n","protected":false},"featured_media":512,"comment_status":"open","ping_status":"closed","template":"","meta":[],"product_brand":[],"product_cat":[25],"product_tag":[31],"class_list":{"0":"post-14","1":"product","2":"type-product","3":"status-publish","4":"has-post-thumbnail","6":"product_cat-monsho","7":"product_tag-collier","8":"pa_ambiance-asiatique","9":"pa_ambiance-elfique","10":"pa_ambiance-feerique","11":"pa_ambiance-vegetal","12":"pa_feuille-orme","13":"pa_matiere-inox","15":"first","16":"instock","17":"sold-individually","18":"shipping-taxable","19":"purchasable","20":"product-type-simple"},"translation":{"provider":"WPGlobus","version":"3.0.2","language":"en","enabled_languages":["fr","en"],"languages":{"fr":{"title":true,"content":true,"excerpt":true},"en":{"title":false,"content":false,"excerpt":false}}},"jetpack-related-posts":[],"jetpack_sharing_enabled":true,"_links":{"self":[{"href":"https:\/\/www.altisfain.com\/en\/wp-json\/wp\/v2\/product\/14","targetHints":{"allow":["GET"]}}],"collection":[{"href":"https:\/\/www.altisfain.com\/en\/wp-json\/wp\/v2\/product"}],"about":[{"href":"https:\/\/www.altisfain.com\/en\/wp-json\/wp\/v2\/types\/product"}],"replies":[{"embeddable":true,"href":"https:\/\/www.altisfain.com\/en\/wp-json\/wp\/v2\/comments?post=14"}],"wp:featuredmedia":[{"embeddable":true,"href":"https:\/\/www.altisfain.com\/en\/wp-json\/wp\/v2\/media\/512"}],"wp:attachment":[{"href":"https:\/\/www.altisfain.com\/en\/wp-json\/wp\/v2\/media?parent=14"}],"wp:term":[{"taxonomy":"product_brand","embeddable":true,"href":"https:\/\/www.altisfain.com\/en\/wp-json\/wp\/v2\/product_brand?post=14"},{"taxonomy":"product_cat","embeddable":true,"href":"https:\/\/www.altisfain.com\/en\/wp-json\/wp\/v2\/product_cat?post=14"},{"taxonomy":"product_tag","embeddable":true,"href":"https:\/\/www.altisfain.com\/en\/wp-json\/wp\/v2\/product_tag?post=14"}],"curies":[{"name":"wp","href":"https:\/\/api.w.org\/{rel}","templated":true}]}}