{"id":1285,"date":"2018-05-24T10:36:44","date_gmt":"2018-05-24T08:36:44","guid":{"rendered":"http:\/\/www.altisfain.com\/?post_type=product&#038;p=1285"},"modified":"2019-02-01T11:15:58","modified_gmt":"2019-02-01T10:15:58","slug":"boucles-doreilles-conte-la-pierre-philosophale-feuilles-lierre-hedera","status":"publish","type":"product","link":"https:\/\/www.altisfain.com\/en\/boutique\/conte\/boucles-doreilles-conte-la-pierre-philosophale-feuilles-lierre-hedera\/","title":{"rendered":"Boucles d&#8217;oreilles Conte &#8220;La Pierre Philosophale&#8221; feuilles lierre hedera"},"content":{"rendered":"<p style=\"text-align: center;\">&#8220;La vie ressemble \u00e0 un conte ; ce qui importe, ce n&#8217;est pas sa longueur, mais sa valeur.&#8221;<br \/>\nS\u00e9n\u00e8que.<\/p>\n<p style=\"text-align: center;\">&#8220;La Pierre Philosophale&#8221; est un conte d&#8217;Andersen.<\/p>\n<p style=\"text-align: center;\"><strong>Boucles d&#8217;oreilles inox, fil inox martel\u00e9 soud\u00e9 argent sur une feuille de lierre hedera martel\u00e9es martel\u00e9es et form\u00e9es \u00e0 l&#8217;enclume.<br \/>\nPolissage final. Inox 304L, type alimentaire, ne provoque pas d\u2019allergies, ne noircit pas.<br \/>\nPi\u00e8ce fait main, dimension feuille: 2,5 cm par 2,5 cm.<br \/>\nLongueur totale boucle: 5,7 cm.<br \/>\nAttaches am\u00e9ricaine argent 925. <\/strong><\/p>\n<p style=\"text-align: center;\"><strong>Livr\u00e9es dans leur \u00e9crin!<\/strong><\/p>\n<p style=\"text-align: center;\"><strong>Peut \u00eatre r\u00e9alis\u00e9es en laiton verni satin haute r\u00e9sistance.<\/strong><\/p>\n","protected":false},"excerpt":{"rendered":"<p style=\"text-align: center;\"><strong>Boucles d&#8217;oreilles avec feuilles de lierre hedera et entrelacs, attaches argent 925, inspiration elfique et f\u00e9\u00e9rique.<\/strong><\/p>\n","protected":false},"featured_media":1286,"comment_status":"open","ping_status":"closed","template":"","meta":[],"product_brand":[],"product_cat":[29],"product_tag":[34],"class_list":{"0":"post-1285","1":"product","2":"type-product","3":"status-publish","4":"has-post-thumbnail","6":"product_cat-conte","7":"product_tag-boucles-oreilles","8":"pa_ambiance-bucolique","9":"pa_ambiance-celtique","10":"pa_ambiance-elfique","11":"pa_ambiance-feerique","12":"pa_ambiance-vegetal","13":"pa_feuille-hedera","14":"pa_feuille-lierre","15":"pa_matiere-argent-925","16":"pa_matiere-inox","17":"pa_matiere-laiton","19":"first","20":"instock","21":"featured","22":"sold-individually","23":"shipping-taxable","24":"purchasable","25":"product-type-variable"},"translation":{"provider":"WPGlobus","version":"3.0.2","language":"en","enabled_languages":["fr","en"],"languages":{"fr":{"title":true,"content":true,"excerpt":true},"en":{"title":false,"content":false,"excerpt":false}}},"jetpack-related-posts":[],"jetpack_sharing_enabled":true,"_links":{"self":[{"href":"https:\/\/www.altisfain.com\/en\/wp-json\/wp\/v2\/product\/1285","targetHints":{"allow":["GET"]}}],"collection":[{"href":"https:\/\/www.altisfain.com\/en\/wp-json\/wp\/v2\/product"}],"about":[{"href":"https:\/\/www.altisfain.com\/en\/wp-json\/wp\/v2\/types\/product"}],"replies":[{"embeddable":true,"href":"https:\/\/www.altisfain.com\/en\/wp-json\/wp\/v2\/comments?post=1285"}],"wp:featuredmedia":[{"embeddable":true,"href":"https:\/\/www.altisfain.com\/en\/wp-json\/wp\/v2\/media\/1286"}],"wp:attachment":[{"href":"https:\/\/www.altisfain.com\/en\/wp-json\/wp\/v2\/media?parent=1285"}],"wp:term":[{"taxonomy":"product_brand","embeddable":true,"href":"https:\/\/www.altisfain.com\/en\/wp-json\/wp\/v2\/product_brand?post=1285"},{"taxonomy":"product_cat","embeddable":true,"href":"https:\/\/www.altisfain.com\/en\/wp-json\/wp\/v2\/product_cat?post=1285"},{"taxonomy":"product_tag","embeddable":true,"href":"https:\/\/www.altisfain.com\/en\/wp-json\/wp\/v2\/product_tag?post=1285"}],"curies":[{"name":"wp","href":"https:\/\/api.w.org\/{rel}","templated":true}]}}