{"id":1247,"date":"2018-05-18T17:43:39","date_gmt":"2018-05-18T15:43:39","guid":{"rendered":"http:\/\/www.altisfain.com\/?post_type=product&#038;p=1247"},"modified":"2019-02-01T13:53:19","modified_gmt":"2019-02-01T12:53:19","slug":"collier-conte-la-princesse-de-babylone-feuilles-palmette","status":"publish","type":"product","link":"https:\/\/www.altisfain.com\/en\/boutique\/conte\/collier-conte-la-princesse-de-babylone-feuilles-palmette\/","title":{"rendered":"Collier Conte &#8220;La Princesse de Babylone&#8221; feuilles palmette"},"content":{"rendered":"<p style=\"text-align: center;\">&#8220;La vie ressemble \u00e0 un conte ; ce qui importe, ce n&#8217;est pas sa longueur, mais sa valeur.&#8221;<br \/>\nS\u00e9n\u00e8que.<\/p>\n<p style=\"text-align: center;\">&#8220;La Princesse de Babylone&#8221; est un conte philosophique, \u00e9crit par Voltaire en 1768.<\/p>\n<p style=\"text-align: center;\"><strong>Collier inox torque asym\u00e9trique mall\u00e9able, s&#8217;adaptant \u00e0 toutes les anatomies.<\/strong><br \/>\n<strong>Torque de 40 cm environ.<\/strong><br \/>\n<strong>Forme serpent, fil martel\u00e9 termin\u00e9 par une s\u00e9rie d&#8217;entrelacs soud\u00e9s argent qui entourent deux branches de feuilles de palmette martel\u00e9es main et form\u00e9es \u00e0 l&#8217;enclume.<\/strong><br \/>\n<strong>Retour asym\u00e9trique sur feuille de palmette et entrelacs.<\/strong><br \/>\n<strong>Soudure argent en 15 points.<\/strong><br \/>\n<strong>Dimension des feuilles orme:2,5 cm par 2,5 cm.<\/strong><\/p>\n<p style=\"text-align: center;\"><b>Collier \u00e9perdument elfique!!<\/b><\/p>\n<p style=\"text-align: center;\"><strong>Peut \u00eatre r\u00e9alis\u00e9 en laiton verni satin haute r\u00e9sistance.<\/strong><\/p>\n","protected":false},"excerpt":{"rendered":"<p style=\"text-align: center;\"><strong>Collier torque inox asym\u00e9trique avec trois feuilles de palmette et entrelacs, inspiration elfique et f\u00e9\u00e9rique.<\/strong><\/p>\n","protected":false},"featured_media":1248,"comment_status":"open","ping_status":"closed","template":"","meta":[],"product_brand":[],"product_cat":[29],"product_tag":[31,36],"class_list":{"0":"post-1247","1":"product","2":"type-product","3":"status-publish","4":"has-post-thumbnail","6":"product_cat-conte","7":"product_tag-collier","8":"product_tag-torque","9":"pa_ambiance-bucolique","10":"pa_ambiance-celtique","11":"pa_ambiance-elfique","12":"pa_ambiance-feerique","13":"pa_ambiance-vegetal","14":"pa_feuille-palmette","15":"pa_matiere-inox","16":"pa_matiere-laiton","18":"first","19":"instock","20":"sold-individually","21":"shipping-taxable","22":"purchasable","23":"product-type-variable"},"translation":{"provider":"WPGlobus","version":"3.0.2","language":"en","enabled_languages":["fr","en"],"languages":{"fr":{"title":true,"content":true,"excerpt":true},"en":{"title":false,"content":false,"excerpt":false}}},"jetpack-related-posts":[],"jetpack_sharing_enabled":true,"_links":{"self":[{"href":"https:\/\/www.altisfain.com\/en\/wp-json\/wp\/v2\/product\/1247","targetHints":{"allow":["GET"]}}],"collection":[{"href":"https:\/\/www.altisfain.com\/en\/wp-json\/wp\/v2\/product"}],"about":[{"href":"https:\/\/www.altisfain.com\/en\/wp-json\/wp\/v2\/types\/product"}],"replies":[{"embeddable":true,"href":"https:\/\/www.altisfain.com\/en\/wp-json\/wp\/v2\/comments?post=1247"}],"wp:featuredmedia":[{"embeddable":true,"href":"https:\/\/www.altisfain.com\/en\/wp-json\/wp\/v2\/media\/1248"}],"wp:attachment":[{"href":"https:\/\/www.altisfain.com\/en\/wp-json\/wp\/v2\/media?parent=1247"}],"wp:term":[{"taxonomy":"product_brand","embeddable":true,"href":"https:\/\/www.altisfain.com\/en\/wp-json\/wp\/v2\/product_brand?post=1247"},{"taxonomy":"product_cat","embeddable":true,"href":"https:\/\/www.altisfain.com\/en\/wp-json\/wp\/v2\/product_cat?post=1247"},{"taxonomy":"product_tag","embeddable":true,"href":"https:\/\/www.altisfain.com\/en\/wp-json\/wp\/v2\/product_tag?post=1247"}],"curies":[{"name":"wp","href":"https:\/\/api.w.org\/{rel}","templated":true}]}}