{"id":1236,"date":"2018-05-15T18:34:21","date_gmt":"2018-05-15T16:34:21","guid":{"rendered":"http:\/\/www.altisfain.com\/?post_type=product&#038;p=1236"},"modified":"2018-11-23T22:39:07","modified_gmt":"2018-11-23T21:39:07","slug":"collier-inox-conte-le-patre-qui-vit-une-deesse-palmettes","status":"publish","type":"product","link":"https:\/\/www.altisfain.com\/en\/boutique\/conte\/collier-inox-conte-le-patre-qui-vit-une-deesse-palmettes\/","title":{"rendered":"Collier inox Conte &#8220;Le P\u00e2tre qui vit une D\u00e9esse&#8221; palmettes"},"content":{"rendered":"<p style=\"text-align: center;\">&#8220;La vie ressemble \u00e0 un conte ; ce qui importe, ce n&#8217;est pas sa longueur, mais sa valeur.&#8221;<br \/>\nS\u00e9n\u00e8que.<\/p>\n<p style=\"text-align: center;\">&#8220;Le P\u00e2tre qui vit une D\u00e9esse&#8221;&#8221; est un conte tir\u00e9 de l&#8217;Ancienne \u00c9gypte.<\/p>\n<p style=\"text-align: center;\"><b>Collier articul\u00e9 inox, esprit collerette ou berceau, travail en entrelacs sur fils martel\u00e9s et soud\u00e9s argent.<br \/>\nHuit fils inox, 18 points de soudure argent.<br \/>\nSix feuilles de palmettes martel\u00e9es main et form\u00e9es \u00e0 l&#8217;enclume terminent l&#8217;ensemble.<br \/>\nUne cha\u00eenette de rallonge permet de jouer sur la longueur du collier, termin\u00e9e par une petite feuille de palmettes.<br \/>\nDimension des feuilles de palmette: 2 cm par 2 cm et 2,7 cm par 3,3 cm.<\/b><\/p>\n<p style=\"text-align: center;\"><strong>Collier infiniment elfique et un brin pharaonique!<\/strong><\/p>\n","protected":false},"excerpt":{"rendered":"<p style=\"text-align: center;\"><strong>Collier forme plastron inox, jeux de feuilles palmettes \u00e0 l&#8217;inspiration elfique et \u00e9gyptienne.<br \/>\n<\/strong><\/p>\n","protected":false},"featured_media":1237,"comment_status":"open","ping_status":"closed","template":"","meta":{"jetpack_publicize_message":"","jetpack_publicize_feature_enabled":true,"jetpack_social_post_already_shared":false,"jetpack_social_options":{"image_generator_settings":{"template":"highway","default_image_id":0,"font":"","enabled":false},"version":2}},"product_brand":[],"product_cat":[29],"product_tag":[31],"class_list":{"0":"post-1236","1":"product","2":"type-product","3":"status-publish","4":"has-post-thumbnail","6":"product_cat-conte","7":"product_tag-collier","8":"pa_ambiance-art-nouveau","9":"pa_ambiance-celtique","10":"pa_ambiance-elfique","11":"pa_ambiance-feerique","12":"pa_ambiance-vegetal","13":"pa_feuille-palmette","14":"pa_matiere-inox","16":"first","17":"instock","18":"sold-individually","19":"shipping-taxable","20":"purchasable","21":"product-type-simple"},"translation":{"provider":"WPGlobus","version":"3.0.2","language":"en","enabled_languages":["fr","en"],"languages":{"fr":{"title":true,"content":true,"excerpt":true},"en":{"title":false,"content":false,"excerpt":false}}},"jetpack_publicize_connections":[],"jetpack-related-posts":[],"jetpack_sharing_enabled":true,"jetpack_likes_enabled":true,"_links":{"self":[{"href":"https:\/\/www.altisfain.com\/en\/wp-json\/wp\/v2\/product\/1236","targetHints":{"allow":["GET"]}}],"collection":[{"href":"https:\/\/www.altisfain.com\/en\/wp-json\/wp\/v2\/product"}],"about":[{"href":"https:\/\/www.altisfain.com\/en\/wp-json\/wp\/v2\/types\/product"}],"replies":[{"embeddable":true,"href":"https:\/\/www.altisfain.com\/en\/wp-json\/wp\/v2\/comments?post=1236"}],"wp:featuredmedia":[{"embeddable":true,"href":"https:\/\/www.altisfain.com\/en\/wp-json\/wp\/v2\/media\/1237"}],"wp:attachment":[{"href":"https:\/\/www.altisfain.com\/en\/wp-json\/wp\/v2\/media?parent=1236"}],"wp:term":[{"taxonomy":"product_brand","embeddable":true,"href":"https:\/\/www.altisfain.com\/en\/wp-json\/wp\/v2\/product_brand?post=1236"},{"taxonomy":"product_cat","embeddable":true,"href":"https:\/\/www.altisfain.com\/en\/wp-json\/wp\/v2\/product_cat?post=1236"},{"taxonomy":"product_tag","embeddable":true,"href":"https:\/\/www.altisfain.com\/en\/wp-json\/wp\/v2\/product_tag?post=1236"}],"curies":[{"name":"wp","href":"https:\/\/api.w.org\/{rel}","templated":true}]}}