{"id":1136,"date":"2018-03-28T18:55:28","date_gmt":"2018-03-28T16:55:28","guid":{"rendered":"http:\/\/www.altisfain.com\/?post_type=product&#038;p=1136"},"modified":"2020-07-06T21:21:09","modified_gmt":"2020-07-06T19:21:09","slug":"bracelet-conte-cendrillon-feuilles-lierre-hedera","status":"publish","type":"product","link":"https:\/\/www.altisfain.com\/en\/boutique\/conte\/bracelet-conte-cendrillon-feuilles-lierre-hedera\/","title":{"rendered":"Bracelet Conte &#8220;Cendrillon&#8221; feuilles Lierre Hedera"},"content":{"rendered":"<p style=\"text-align: center;\">&#8220;La vie ressemble \u00e0 un conte ; ce qui importe, ce n&#8217;est pas sa longueur, mais sa valeur.&#8221;<br \/>\nS\u00e9n\u00e8que.<\/p>\n<p style=\"text-align: center;\">&#8220;Cendrillon&#8221; est un conte de Charles Perrault.<\/p>\n<p style=\"text-align: center;\"><b>Bracelet inox modulable, se porte soit sur le coup de poignet, soit sur le milieu de l&#8217;avant-bras.<br \/>\nInox type alimentaire, mall\u00e9able, permettant de desserrer et resserrer \u00e0 volont\u00e9.<br \/>\nFeuilles de lierre hedera martel\u00e9es et fils inox travaill\u00e9s en entrelacs, martel\u00e9s et soud\u00e9s argent.<br \/>\nDimension des feuilles: 2,5 cm par 2 cm.<\/b><\/p>\n<p style=\"text-align: center;\"><strong>Bracelet \u00e9perdument elfique!!<\/strong><\/p>\n<p style=\"text-align: center;\"><strong>Peut \u00eatre r\u00e9alis\u00e9 en laiton verni satin haute r\u00e9sistance.<\/strong><\/p>\n","protected":false},"excerpt":{"rendered":"<p style=\"text-align: center;\"><strong>Bracelet inox r\u00e9glable avec deux feuilles de lierre hedera et entrelacs, tr\u00e8s elfique et f\u00e9\u00e9rique.<\/strong><\/p>\n","protected":false},"featured_media":1137,"comment_status":"open","ping_status":"closed","template":"","meta":[],"product_brand":[],"product_cat":[29],"product_tag":[33],"class_list":{"0":"post-1136","1":"product","2":"type-product","3":"status-publish","4":"has-post-thumbnail","6":"product_cat-conte","7":"product_tag-bracelet","8":"pa_ambiance-bucolique","9":"pa_ambiance-celtique","10":"pa_ambiance-elfique","11":"pa_ambiance-feerique","12":"pa_ambiance-vegetal","13":"pa_feuille-hedera","14":"pa_feuille-lierre","15":"pa_matiere-inox","16":"pa_matiere-laiton","18":"first","19":"instock","20":"sold-individually","21":"shipping-taxable","22":"purchasable","23":"product-type-variable"},"translation":{"provider":"WPGlobus","version":"3.0.2","language":"en","enabled_languages":["fr","en"],"languages":{"fr":{"title":true,"content":true,"excerpt":true},"en":{"title":false,"content":false,"excerpt":false}}},"jetpack-related-posts":[],"jetpack_sharing_enabled":true,"_links":{"self":[{"href":"https:\/\/www.altisfain.com\/en\/wp-json\/wp\/v2\/product\/1136","targetHints":{"allow":["GET"]}}],"collection":[{"href":"https:\/\/www.altisfain.com\/en\/wp-json\/wp\/v2\/product"}],"about":[{"href":"https:\/\/www.altisfain.com\/en\/wp-json\/wp\/v2\/types\/product"}],"replies":[{"embeddable":true,"href":"https:\/\/www.altisfain.com\/en\/wp-json\/wp\/v2\/comments?post=1136"}],"wp:featuredmedia":[{"embeddable":true,"href":"https:\/\/www.altisfain.com\/en\/wp-json\/wp\/v2\/media\/1137"}],"wp:attachment":[{"href":"https:\/\/www.altisfain.com\/en\/wp-json\/wp\/v2\/media?parent=1136"}],"wp:term":[{"taxonomy":"product_brand","embeddable":true,"href":"https:\/\/www.altisfain.com\/en\/wp-json\/wp\/v2\/product_brand?post=1136"},{"taxonomy":"product_cat","embeddable":true,"href":"https:\/\/www.altisfain.com\/en\/wp-json\/wp\/v2\/product_cat?post=1136"},{"taxonomy":"product_tag","embeddable":true,"href":"https:\/\/www.altisfain.com\/en\/wp-json\/wp\/v2\/product_tag?post=1136"}],"curies":[{"name":"wp","href":"https:\/\/api.w.org\/{rel}","templated":true}]}}