{"id":1069,"date":"2018-03-18T21:56:41","date_gmt":"2018-03-18T20:56:41","guid":{"rendered":"http:\/\/www.altisfain.com\/?post_type=product&#038;p=1069"},"modified":"2019-10-25T10:39:31","modified_gmt":"2019-10-25T08:39:31","slug":"tour-doreille-conte-la-butte-aux-elfes-lierre","status":"publish","type":"product","link":"https:\/\/www.altisfain.com\/en\/boutique\/conte\/tour-doreille-conte-la-butte-aux-elfes-lierre\/","title":{"rendered":"Tour d&#8217;oreille Conte &#8220;La Butte aux Elfes&#8221; lierre"},"content":{"rendered":"<p style=\"text-align: center;\">&#8220;La vie ressemble \u00e0 un conte ; ce qui importe, ce n&#8217;est pas sa longueur, mais sa valeur.&#8221;<br \/>\nS\u00e9n\u00e8que.<\/p>\n<p style=\"text-align: center;\">&#8220;La Butte aux Elfes&#8221; est un conte d&#8217; Andersen.<\/p>\n<p style=\"text-align: center;\"><b>Tour d&#8217;oreille droite inox, deux feuilles de lierres trilob\u00e9es martel\u00e9es main, soud\u00e9es argent sur un fil inox qui enveloppent l&#8217;oreille et descendent sur la maxillaire.<br \/>\nRetour sur le lobe.<br \/>\nM\u00e9tal recuit, mall\u00e9able, s&#8217;adapte \u00e0 chaque anatomie!<br \/>\nPeut \u00eatre r\u00e9alis\u00e9 pour oreille gauche sur demande lors de la commande.<br \/>\nDimension feuille: 3 cm par 2 cm.<\/b><\/p>\n<p style=\"text-align: center;\"><strong>Tour d&#8217;oreille infiniment elfique!<\/strong><\/p>\n<hr \/>\n<p><span class=\"tlid-translation translation\" lang=\"en\"><span class=\"\" title=\"\">&#8220;Life is like a tale, what matters is not its length, but its value.&#8221;<\/span><br \/>\n<span title=\"\">Seneca.<\/span><\/p>\n<p><span title=\"\">&#8220;The Butte to the Elves&#8221; is a tale of Andersen.<\/span><\/p>\n<p><strong><span title=\"\">Stainless steel straight ear cuff, two hand-hammered, three-lobed ivy leaves, silver-welded on a stainless steel wire that envelop the ear and descend to the maxilla.<\/span><\/strong><br \/>\n<strong><span title=\"\">Back on the lobe.<\/span><\/strong><br \/>\n<strong><span title=\"\">Metal annealed, malleable, adapts to every anatomy!<\/span><\/strong><br \/>\n<strong><span title=\"\">Can be made for left ear on request when ordering.<\/span><\/strong><br \/>\n<strong><span title=\"\">Sheet size: 3 cm by 2 cm.<\/span><\/strong><\/p>\n<p><strong><span title=\"\">An infinitely Elven earring!<\/span><\/strong><\/span><\/p>\n","protected":false},"excerpt":{"rendered":"<p style=\"text-align: center;\"><strong>Tour d&#8217;oreille feuilles de lierre, ambiance elfique et f\u00e9\u00e9rique!<\/strong><\/p>\n<hr \/>\n<p style=\"text-align: center;\"><strong><span class=\"tlid-translation translation\" lang=\"en\"><span class=\"\" title=\"\">Ivy leaf ear cuff, elven and fairy atmosphere!<\/span><\/span><\/strong><\/p>\n","protected":false},"featured_media":1070,"comment_status":"open","ping_status":"closed","template":"","meta":[],"product_brand":[],"product_cat":[29],"product_tag":[35],"class_list":{"0":"post-1069","1":"product","2":"type-product","3":"status-publish","4":"has-post-thumbnail","6":"product_cat-conte","7":"product_tag-tour-oreille","8":"pa_ambiance-art-nouveau","9":"pa_ambiance-celtique","10":"pa_ambiance-elfique","11":"pa_ambiance-feerique","12":"pa_ambiance-vegetal","13":"pa_feuille-lierre","14":"pa_matiere-inox","16":"first","17":"instock","18":"sold-individually","19":"shipping-taxable","20":"purchasable","21":"product-type-simple"},"translation":{"provider":"WPGlobus","version":"3.0.2","language":"en","enabled_languages":["fr","en"],"languages":{"fr":{"title":true,"content":true,"excerpt":true},"en":{"title":false,"content":false,"excerpt":false}}},"jetpack-related-posts":[],"jetpack_sharing_enabled":true,"_links":{"self":[{"href":"https:\/\/www.altisfain.com\/en\/wp-json\/wp\/v2\/product\/1069","targetHints":{"allow":["GET"]}}],"collection":[{"href":"https:\/\/www.altisfain.com\/en\/wp-json\/wp\/v2\/product"}],"about":[{"href":"https:\/\/www.altisfain.com\/en\/wp-json\/wp\/v2\/types\/product"}],"replies":[{"embeddable":true,"href":"https:\/\/www.altisfain.com\/en\/wp-json\/wp\/v2\/comments?post=1069"}],"wp:featuredmedia":[{"embeddable":true,"href":"https:\/\/www.altisfain.com\/en\/wp-json\/wp\/v2\/media\/1070"}],"wp:attachment":[{"href":"https:\/\/www.altisfain.com\/en\/wp-json\/wp\/v2\/media?parent=1069"}],"wp:term":[{"taxonomy":"product_brand","embeddable":true,"href":"https:\/\/www.altisfain.com\/en\/wp-json\/wp\/v2\/product_brand?post=1069"},{"taxonomy":"product_cat","embeddable":true,"href":"https:\/\/www.altisfain.com\/en\/wp-json\/wp\/v2\/product_cat?post=1069"},{"taxonomy":"product_tag","embeddable":true,"href":"https:\/\/www.altisfain.com\/en\/wp-json\/wp\/v2\/product_tag?post=1069"}],"curies":[{"name":"wp","href":"https:\/\/api.w.org\/{rel}","templated":true}]}}