{"id":1055,"date":"2018-03-16T11:11:35","date_gmt":"2018-03-16T10:11:35","guid":{"rendered":"http:\/\/www.altisfain.com\/?post_type=product&#038;p=1055"},"modified":"2023-01-05T11:27:21","modified_gmt":"2023-01-05T10:27:21","slug":"boucles-doreilles-inox-arcane-l-etoile","status":"publish","type":"product","link":"https:\/\/www.altisfain.com\/en\/boutique\/arcane\/boucles-doreilles-inox-arcane-l-etoile\/","title":{"rendered":"Boucles d&#8217;oreilles inox &#8220;Arcane: L&#8217; \u00c9toile&#8221;"},"content":{"rendered":"<p style=\"text-align: center;\">&#8220;Chaque chose est une apparence. Et derri\u00e8re chaque apparence se cachent ses arcanes: son essence r\u00e9elle, sa v\u00e9rit\u00e9. La d\u00e9couvrir c&#8217;est la connaissance du monde. Le pouvoir.&#8221;<br \/>\nMaxime Chattam.<\/p>\n<p style=\"text-align: center;\">&#8220;L\u2019\u00c9toile&#8221; est symbole d\u2019opportunit\u00e9s, de d\u00e9couvertes, de nouveaut\u00e9s et cela dans tous les domaines de notre vie.<\/p>\n<p style=\"text-align: center;\"><strong><b>Boucles d&#8217;oreilles inox, attaches am\u00e9ricaines argent 925.<br \/>\nJeu d&#8217;entrelacs martel\u00e9s et polis.<br \/>\nLongueur de boucles: 5 cm.<br \/>\nLargeur de boucles: entre 2 et 3 cm.<\/b><\/strong><\/p>\n<p style=\"text-align: center;\"><strong>Boucles d&#8217;oreilles infiniment elfiques!!<\/strong><\/p>\n<hr \/>\n<p style=\"text-align: center;\">&#8220;Everything is an appearance And behind each appearance hides its secrets&#8230;. Its real essence, its truth is discovered the knowledge of the world The Power&#8221;<br \/>\nMaxime Chattam.<\/p>\n<p style=\"text-align: center;\">&#8220;The Star&#8221; symbolizes opportunities, discoveries, innovations and this in all areas of our lives.<\/p>\n<p><strong>Pierced ears stainless steel, fasteners silver 925.<\/strong><br \/>\n<strong>Game tracery hammered and polished.<\/strong><br \/>\n<strong>Length loops: 7 cm.<\/strong><br \/>\n<strong>Width loops: between 2 and 3 cm.<\/strong><br \/>\n<strong>Delivered in their case.<\/strong><\/p>\n<p><strong>Mystical and elfic spirit earrings.<\/strong><\/p>\n","protected":false},"excerpt":{"rendered":"<p style=\"text-align: center;\"><strong>Boucles d&#8217;oreilles inox entrelacs, attaches argent 925, esprit mystique et elfique.<\/strong><\/p>\n<hr \/>\n<p style=\"text-align: center;\"><strong><span class=\"tlid-translation translation\" lang=\"en\"><span class=\"\" title=\"\">Stainless steel interlaced earrings, 925 silver ties, mystic and elven spirit.<\/span><\/span><\/strong><\/p>\n","protected":false},"featured_media":1056,"comment_status":"open","ping_status":"closed","template":"","meta":[],"product_brand":[],"product_cat":[16],"product_tag":[34],"class_list":{"0":"post-1055","1":"product","2":"type-product","3":"status-publish","4":"has-post-thumbnail","6":"product_cat-arcane","7":"product_tag-boucles-oreilles","8":"pa_ambiance-baroque","9":"pa_ambiance-celtique","10":"pa_ambiance-elfique","11":"pa_ambiance-feerique","12":"pa_ambiance-mystique","13":"pa_ambiance-victorien","14":"pa_matiere-argent-925","15":"pa_matiere-inox","17":"first","18":"instock","19":"sold-individually","20":"shipping-taxable","21":"purchasable","22":"product-type-simple"},"translation":{"provider":"WPGlobus","version":"3.0.2","language":"en","enabled_languages":["fr","en"],"languages":{"fr":{"title":true,"content":true,"excerpt":true},"en":{"title":false,"content":false,"excerpt":false}}},"jetpack-related-posts":[],"jetpack_sharing_enabled":true,"_links":{"self":[{"href":"https:\/\/www.altisfain.com\/en\/wp-json\/wp\/v2\/product\/1055","targetHints":{"allow":["GET"]}}],"collection":[{"href":"https:\/\/www.altisfain.com\/en\/wp-json\/wp\/v2\/product"}],"about":[{"href":"https:\/\/www.altisfain.com\/en\/wp-json\/wp\/v2\/types\/product"}],"replies":[{"embeddable":true,"href":"https:\/\/www.altisfain.com\/en\/wp-json\/wp\/v2\/comments?post=1055"}],"wp:featuredmedia":[{"embeddable":true,"href":"https:\/\/www.altisfain.com\/en\/wp-json\/wp\/v2\/media\/1056"}],"wp:attachment":[{"href":"https:\/\/www.altisfain.com\/en\/wp-json\/wp\/v2\/media?parent=1055"}],"wp:term":[{"taxonomy":"product_brand","embeddable":true,"href":"https:\/\/www.altisfain.com\/en\/wp-json\/wp\/v2\/product_brand?post=1055"},{"taxonomy":"product_cat","embeddable":true,"href":"https:\/\/www.altisfain.com\/en\/wp-json\/wp\/v2\/product_cat?post=1055"},{"taxonomy":"product_tag","embeddable":true,"href":"https:\/\/www.altisfain.com\/en\/wp-json\/wp\/v2\/product_tag?post=1055"}],"curies":[{"name":"wp","href":"https:\/\/api.w.org\/{rel}","templated":true}]}}