{"id":1052,"date":"2018-03-15T18:50:28","date_gmt":"2018-03-15T17:50:28","guid":{"rendered":"http:\/\/www.altisfain.com\/?post_type=product&#038;p=1052"},"modified":"2023-01-05T11:27:32","modified_gmt":"2023-01-05T10:27:32","slug":"boucles-doreilles-inox-arcane-le-chariot","status":"publish","type":"product","link":"https:\/\/www.altisfain.com\/en\/boutique\/arcane\/boucles-doreilles-inox-arcane-le-chariot\/","title":{"rendered":"Boucles d&#8217;oreilles inox &#8220;Arcane: Le Chariot&#8221;"},"content":{"rendered":"<p style=\"text-align: center;\">&#8220;Chaque chose est une apparence. Et derri\u00e8re chaque apparence se cachent ses arcanes: son essence r\u00e9elle, sa v\u00e9rit\u00e9. La d\u00e9couvrir c&#8217;est la connaissance du monde. Le pouvoir.&#8221;<br \/>\nMaxime Chattam.<\/p>\n<p style=\"text-align: center;\">&#8220;Le Chariot&#8221; vous invite \u00e0 prendre un d\u00e9part triomphant et \u00e0 dompter vos impulsions et vos craintes pour enfin marcher dans une direction choisie avec discernement, sagesse, enthousiasme et optimisme.<\/p>\n<p style=\"text-align: center;\"><strong><b>Boucles d&#8217;oreilles inox, soud\u00e9es argent en 4 points, attaches am\u00e9ricaine argent 925.<br \/>\nJeu de volutes martel\u00e9es et polies.<br \/>\nLongueur de boucles: 6,5 cm<br \/>\nLargeur: 2,5 cm.<\/b><\/strong><\/p>\n<p style=\"text-align: center;\"><strong>Boucles d&#8217;oreilles infiniment elfiques!!<\/strong><\/p>\n","protected":false},"excerpt":{"rendered":"<p style=\"text-align: center;\"><strong>Boucles d&#8217;oreilles inox entrelacs, attaches argent 925, esprit mystique et elfique.<\/strong><\/p>\n","protected":false},"featured_media":1053,"comment_status":"open","ping_status":"closed","template":"","meta":[],"product_brand":[],"product_cat":[16],"product_tag":[34],"class_list":{"0":"post-1052","1":"product","2":"type-product","3":"status-publish","4":"has-post-thumbnail","6":"product_cat-arcane","7":"product_tag-boucles-oreilles","8":"pa_ambiance-baroque","9":"pa_ambiance-celtique","10":"pa_ambiance-elfique","11":"pa_ambiance-feerique","12":"pa_ambiance-mystique","13":"pa_ambiance-victorien","14":"pa_matiere-argent-925","15":"pa_matiere-inox","17":"first","18":"instock","19":"sold-individually","20":"shipping-taxable","21":"purchasable","22":"product-type-simple"},"translation":{"provider":"WPGlobus","version":"3.0.2","language":"en","enabled_languages":["fr","en"],"languages":{"fr":{"title":true,"content":true,"excerpt":true},"en":{"title":false,"content":false,"excerpt":false}}},"jetpack-related-posts":[],"jetpack_sharing_enabled":true,"_links":{"self":[{"href":"https:\/\/www.altisfain.com\/en\/wp-json\/wp\/v2\/product\/1052","targetHints":{"allow":["GET"]}}],"collection":[{"href":"https:\/\/www.altisfain.com\/en\/wp-json\/wp\/v2\/product"}],"about":[{"href":"https:\/\/www.altisfain.com\/en\/wp-json\/wp\/v2\/types\/product"}],"replies":[{"embeddable":true,"href":"https:\/\/www.altisfain.com\/en\/wp-json\/wp\/v2\/comments?post=1052"}],"wp:featuredmedia":[{"embeddable":true,"href":"https:\/\/www.altisfain.com\/en\/wp-json\/wp\/v2\/media\/1053"}],"wp:attachment":[{"href":"https:\/\/www.altisfain.com\/en\/wp-json\/wp\/v2\/media?parent=1052"}],"wp:term":[{"taxonomy":"product_brand","embeddable":true,"href":"https:\/\/www.altisfain.com\/en\/wp-json\/wp\/v2\/product_brand?post=1052"},{"taxonomy":"product_cat","embeddable":true,"href":"https:\/\/www.altisfain.com\/en\/wp-json\/wp\/v2\/product_cat?post=1052"},{"taxonomy":"product_tag","embeddable":true,"href":"https:\/\/www.altisfain.com\/en\/wp-json\/wp\/v2\/product_tag?post=1052"}],"curies":[{"name":"wp","href":"https:\/\/api.w.org\/{rel}","templated":true}]}}