{"id":1048,"date":"2018-03-15T18:42:43","date_gmt":"2018-03-15T17:42:43","guid":{"rendered":"http:\/\/www.altisfain.com\/?post_type=product&#038;p=1048"},"modified":"2020-05-12T09:59:18","modified_gmt":"2020-05-12T07:59:18","slug":"boucles-doreilles-inox-arcane-la-roue-de-la-fortune","status":"publish","type":"product","link":"https:\/\/www.altisfain.com\/en\/boutique\/arcane\/boucles-doreilles-inox-arcane-la-roue-de-la-fortune\/","title":{"rendered":"Boucles d&#8217;oreilles inox &#8220;Arcane: La Roue de la Fortune &#8220;"},"content":{"rendered":"<p style=\"text-align: center;\">&#8220;Chaque chose est une apparence. Et derri\u00e8re chaque apparence se cachent ses arcanes: son essence r\u00e9elle, sa v\u00e9rit\u00e9. La d\u00e9couvrir c&#8217;est la connaissance du monde. Le pouvoir.&#8221;<br \/>\nMaxime Chattam.<\/p>\n<p style=\"text-align: center;\">&#8220;La Roue de la Fortune&#8221; symbolise les changements, les transformations, les modifications qui peuvent se faire sous l\u2019influence de nos actes ou d\u2019\u00e9l\u00e9ments ind\u00e9pendants \u00e0 notre volont\u00e9.<br \/>\nElle indique \u00e9galement une situation en voie d&#8217;\u00e9volution, o\u00f9 l&#8217;on peut agir ou intervenir pour qu&#8217;elle s&#8217;oriente dans la direction voulue.<\/p>\n<p style=\"text-align: center;\"><strong><b>Boucles d&#8217;oreilles inox, soud\u00e9es argent en 4 points, attaches am\u00e9ricaine argent 925.<br \/>\nJeu d&#8217;entrelacs martel\u00e9es et polies.<br \/>\nLongueur de boucles: 9 cm<br \/>\nLargeur: 2,5 cm.<\/b><\/strong><\/p>\n<p style=\"text-align: center;\"><strong>Boucles d&#8217;oreilles infiniment elfiques!!<\/strong><\/p>\n<hr \/>\n<p style=\"text-align: center;\">&#8220;Everything is an appearance And behind every appearance hides its mysteries&#8230;. Its real essence, its truth is discovered the knowledge of the world The Power&#8221;<br \/>\nMaxime Chattam.<\/p>\n<p style=\"text-align: center;\">&#8220;Wheel of Fortune&#8221; symbolizes changes, changes, changes that can be influenced by our actions or of independent elements to our will.<br \/>\nIt also indicates a situation in process of evolution, where we can intervene to act or it is moving in the desired direction.<\/p>\n<p><strong>Pierced ears stainless steel, welded silver 4 points, 925 US ties.<\/strong><br \/>\n<strong>Game tracery hammered and polished.<\/strong><br \/>\n<strong>Loop length: 9 cm<\/strong><br \/>\n<strong>Width: 2.5 cm.<\/strong><br \/>\n<strong>Delivered in their case.<\/strong><\/p>\n<p><strong>Earrings infinitely elfic and mystical!<\/strong><\/p>\n","protected":false},"excerpt":{"rendered":"<p style=\"text-align: center;\"><strong>Boucles d&#8217;oreilles inox entrelacs, attaches argent 925, esprit mystique et elfique.<\/strong><\/p>\n<hr \/>\n<p style=\"text-align: center;\"><strong><span class=\"tlid-translation translation\" lang=\"en\"><span class=\"\" title=\"\">Stainless steel interlaced earrings, 925 silver ties, mystic and elven spirit.<\/span><\/span><\/strong><\/p>\n","protected":false},"featured_media":1049,"comment_status":"open","ping_status":"closed","template":"","meta":{"jetpack_publicize_message":"","jetpack_publicize_feature_enabled":true,"jetpack_social_post_already_shared":false,"jetpack_social_options":{"image_generator_settings":{"template":"highway","default_image_id":0,"font":"","enabled":false},"version":2}},"product_brand":[],"product_cat":[16],"product_tag":[34],"class_list":{"0":"post-1048","1":"product","2":"type-product","3":"status-publish","4":"has-post-thumbnail","6":"product_cat-arcane","7":"product_tag-boucles-oreilles","8":"pa_ambiance-baroque","9":"pa_ambiance-celtique","10":"pa_ambiance-elfique","11":"pa_ambiance-feerique","12":"pa_ambiance-mystique","13":"pa_ambiance-victorien","14":"pa_matiere-argent-925","15":"pa_matiere-inox","17":"first","18":"instock","19":"sold-individually","20":"shipping-taxable","21":"purchasable","22":"product-type-simple"},"translation":{"provider":"WPGlobus","version":"3.0.2","language":"en","enabled_languages":["fr","en"],"languages":{"fr":{"title":true,"content":true,"excerpt":true},"en":{"title":false,"content":false,"excerpt":false}}},"jetpack_publicize_connections":[],"jetpack-related-posts":[],"jetpack_sharing_enabled":true,"jetpack_likes_enabled":true,"_links":{"self":[{"href":"https:\/\/www.altisfain.com\/en\/wp-json\/wp\/v2\/product\/1048","targetHints":{"allow":["GET"]}}],"collection":[{"href":"https:\/\/www.altisfain.com\/en\/wp-json\/wp\/v2\/product"}],"about":[{"href":"https:\/\/www.altisfain.com\/en\/wp-json\/wp\/v2\/types\/product"}],"replies":[{"embeddable":true,"href":"https:\/\/www.altisfain.com\/en\/wp-json\/wp\/v2\/comments?post=1048"}],"wp:featuredmedia":[{"embeddable":true,"href":"https:\/\/www.altisfain.com\/en\/wp-json\/wp\/v2\/media\/1049"}],"wp:attachment":[{"href":"https:\/\/www.altisfain.com\/en\/wp-json\/wp\/v2\/media?parent=1048"}],"wp:term":[{"taxonomy":"product_brand","embeddable":true,"href":"https:\/\/www.altisfain.com\/en\/wp-json\/wp\/v2\/product_brand?post=1048"},{"taxonomy":"product_cat","embeddable":true,"href":"https:\/\/www.altisfain.com\/en\/wp-json\/wp\/v2\/product_cat?post=1048"},{"taxonomy":"product_tag","embeddable":true,"href":"https:\/\/www.altisfain.com\/en\/wp-json\/wp\/v2\/product_tag?post=1048"}],"curies":[{"name":"wp","href":"https:\/\/api.w.org\/{rel}","templated":true}]}}