{"id":1044,"date":"2018-03-15T17:36:10","date_gmt":"2018-03-15T16:36:10","guid":{"rendered":"http:\/\/www.altisfain.com\/?post_type=product&#038;p=1044"},"modified":"2023-10-21T19:46:47","modified_gmt":"2023-10-21T17:46:47","slug":"boucles-doreilles-inox-arcane-limperatrice","status":"publish","type":"product","link":"https:\/\/www.altisfain.com\/en\/boutique\/arcane\/boucles-doreilles-inox-arcane-limperatrice\/","title":{"rendered":"Boucles d&#8217;oreilles inox &#8220;Arcane: L&#8217;Imp\u00e9ratrice&#8221;"},"content":{"rendered":"<p style=\"text-align: center;\">&#8220;Chaque chose est une apparence. Et derri\u00e8re chaque apparence se cachent ses arcanes: son essence r\u00e9elle, sa v\u00e9rit\u00e9. La d\u00e9couvrir c&#8217;est la connaissance du monde. Le pouvoir.&#8221;<br \/>\nMaxime Chattam.<\/p>\n<p style=\"text-align: center;\">&#8220;L&#8217;imp\u00e9ratrice&#8221; symbolise la f\u00e9condit\u00e9, la f\u00e9minit\u00e9, la communication, la beaut\u00e9, la cr\u00e9ativit\u00e9 et surtout la stabilit\u00e9.<\/p>\n<p style=\"text-align: center;\"><strong><b>Boucles d&#8217;oreilles inox, soud\u00e9es argent en 4 points, attaches am\u00e9ricaine argent 925.<br \/>\nJeu d&#8217;entrelacs martel\u00e9es et polies.<br \/>\nLongueur de boucles: 6,2 cm<br \/>\nLargeur: 3,5 cm.<\/b><\/strong><\/p>\n<p style=\"text-align: center;\"><strong>Boucles d&#8217;oreilles infiniment elfiques!!<\/strong><\/p>\n<hr \/>\n<p style=\"text-align: center;\">&#8220;Everything is an appearance And behind each appearance hides its secrets&#8230;. Its real essence, its truth is discovered the knowledge of the world The Power&#8221;<br \/>\nMaxime Chattam.<\/p>\n<p style=\"text-align: center;\">&#8220;The Empress&#8221; symbolizes fertility, femininity, communication, beauty, creativity and above all stability.<\/p>\n<p><strong>Stainless steel earrings, four points silver-plated, silver 925 silver clasp.<\/strong><br \/>\n<strong>Set of interlaced hammered and polished.<\/strong><br \/>\n<strong>Length of loops: 9 cm<\/strong><br \/>\n<strong>Width: 2,5 cm.<\/strong><br \/>\n<strong>Delivered in their case.<\/strong><\/p>\n<p><strong>Mystical and elfic spirit earrings.<\/strong><\/p>\n","protected":false},"excerpt":{"rendered":"<p style=\"text-align: center;\"><strong>Boucles d&#8217;oreilles inox entrelacs, attaches argent 925, esprit mystique et elfique.<\/strong><\/p>\n<hr \/>\n<p style=\"text-align: center;\"><strong><span class=\"tlid-translation translation\" lang=\"en\"><span class=\"\" title=\"\">Stainless steel interlaced earrings, 925 silver ties, mystic and elven spirit.<\/span><\/span><\/strong><\/p>\n","protected":false},"featured_media":1045,"comment_status":"open","ping_status":"closed","template":"","meta":{"jetpack_publicize_message":"","jetpack_publicize_feature_enabled":true,"jetpack_social_post_already_shared":false,"jetpack_social_options":{"image_generator_settings":{"template":"highway","default_image_id":0,"font":"","enabled":false},"version":2}},"product_brand":[],"product_cat":[16],"product_tag":[34],"class_list":{"0":"post-1044","1":"product","2":"type-product","3":"status-publish","4":"has-post-thumbnail","6":"product_cat-arcane","7":"product_tag-boucles-oreilles","8":"pa_ambiance-baroque","9":"pa_ambiance-celtique","10":"pa_ambiance-elfique","11":"pa_ambiance-feerique","12":"pa_ambiance-mystique","13":"pa_ambiance-victorien","14":"pa_matiere-argent-925","15":"pa_matiere-inox","17":"first","18":"outofstock","19":"sold-individually","20":"shipping-taxable","21":"purchasable","22":"product-type-simple"},"translation":{"provider":"WPGlobus","version":"3.0.2","language":"en","enabled_languages":["fr","en"],"languages":{"fr":{"title":true,"content":true,"excerpt":true},"en":{"title":false,"content":false,"excerpt":false}}},"jetpack_publicize_connections":[],"jetpack-related-posts":[],"jetpack_sharing_enabled":true,"jetpack_likes_enabled":true,"_links":{"self":[{"href":"https:\/\/www.altisfain.com\/en\/wp-json\/wp\/v2\/product\/1044","targetHints":{"allow":["GET"]}}],"collection":[{"href":"https:\/\/www.altisfain.com\/en\/wp-json\/wp\/v2\/product"}],"about":[{"href":"https:\/\/www.altisfain.com\/en\/wp-json\/wp\/v2\/types\/product"}],"replies":[{"embeddable":true,"href":"https:\/\/www.altisfain.com\/en\/wp-json\/wp\/v2\/comments?post=1044"}],"wp:featuredmedia":[{"embeddable":true,"href":"https:\/\/www.altisfain.com\/en\/wp-json\/wp\/v2\/media\/1045"}],"wp:attachment":[{"href":"https:\/\/www.altisfain.com\/en\/wp-json\/wp\/v2\/media?parent=1044"}],"wp:term":[{"taxonomy":"product_brand","embeddable":true,"href":"https:\/\/www.altisfain.com\/en\/wp-json\/wp\/v2\/product_brand?post=1044"},{"taxonomy":"product_cat","embeddable":true,"href":"https:\/\/www.altisfain.com\/en\/wp-json\/wp\/v2\/product_cat?post=1044"},{"taxonomy":"product_tag","embeddable":true,"href":"https:\/\/www.altisfain.com\/en\/wp-json\/wp\/v2\/product_tag?post=1044"}],"curies":[{"name":"wp","href":"https:\/\/api.w.org\/{rel}","templated":true}]}}