{"id":1034,"date":"2018-03-14T13:46:03","date_gmt":"2018-03-14T12:46:03","guid":{"rendered":"http:\/\/www.altisfain.com\/?post_type=product&#038;p=1034"},"modified":"2018-04-17T18:07:21","modified_gmt":"2018-04-17T16:07:21","slug":"collier-inox-arcane-la-roue-de-la-fortune","status":"publish","type":"product","link":"https:\/\/www.altisfain.com\/en\/boutique\/arcane\/collier-inox-arcane-la-roue-de-la-fortune\/","title":{"rendered":"Collier inox &#8220;Arcane: La Roue de la Fortune&#8221;"},"content":{"rendered":"<p style=\"text-align: center;\">&#8220;Chaque chose est une apparence. Et derri\u00e8re chaque apparence se cachent ses arcanes: son essence r\u00e9elle, sa v\u00e9rit\u00e9. La d\u00e9couvrir c&#8217;est la connaissance du monde. Le pouvoir.&#8221;<br \/>\nMaxime Chattam.<\/p>\n<p style=\"text-align: center;\">&#8220;La Roue de la Fortune&#8221; symbolise les changements, les transformations, les modifications qui peuvent se faire sous l\u2019influence de nos actes ou d\u2019\u00e9l\u00e9ments ind\u00e9pendants \u00e0 notre volont\u00e9.<br \/>\nElle indique \u00e9galement une situation en voie d&#8217;\u00e9volution, o\u00f9 l&#8217;on peut agir ou intervenir pour qu&#8217;elle s&#8217;oriente dans la direction voulue.<\/p>\n<p style=\"text-align: center;\"><strong><b>Collier torque inox asym\u00e9trique, soud\u00e9 argent en 19 points.<br \/>\nDix fils inox martel\u00e9s se d\u00e9veloppent en entrelacs sur les c\u00f4t\u00e9s, un retour sur le buste.<\/b><\/strong><\/p>\n<p style=\"text-align: center;\"><strong><b> M\u00e9tal mall\u00e9able, s&#8217;adapte \u00e0 toutes les anatomies.<\/b><br \/>\n<\/strong><\/p>\n<p style=\"text-align: center;\"><strong>Collier infiniment elfique!!<\/strong><\/p>\n","protected":false},"excerpt":{"rendered":"<p style=\"text-align: center;\"><strong>Collier inox entrelacs, esprit mystique et elfique.<\/strong><\/p>\n","protected":false},"featured_media":1035,"comment_status":"open","ping_status":"closed","template":"","meta":[],"product_brand":[],"product_cat":[16],"product_tag":[31,36],"class_list":{"0":"post-1034","1":"product","2":"type-product","3":"status-publish","4":"has-post-thumbnail","6":"product_cat-arcane","7":"product_tag-collier","8":"product_tag-torque","9":"pa_ambiance-baroque","10":"pa_ambiance-celtique","11":"pa_ambiance-elfique","12":"pa_ambiance-feerique","13":"pa_ambiance-mystique","14":"pa_ambiance-victorien","15":"pa_matiere-inox","17":"first","18":"instock","19":"sold-individually","20":"shipping-taxable","21":"purchasable","22":"product-type-simple"},"translation":{"provider":"WPGlobus","version":"3.0.2","language":"en","enabled_languages":["fr","en"],"languages":{"fr":{"title":true,"content":true,"excerpt":true},"en":{"title":false,"content":false,"excerpt":false}}},"jetpack-related-posts":[],"jetpack_sharing_enabled":true,"_links":{"self":[{"href":"https:\/\/www.altisfain.com\/en\/wp-json\/wp\/v2\/product\/1034","targetHints":{"allow":["GET"]}}],"collection":[{"href":"https:\/\/www.altisfain.com\/en\/wp-json\/wp\/v2\/product"}],"about":[{"href":"https:\/\/www.altisfain.com\/en\/wp-json\/wp\/v2\/types\/product"}],"replies":[{"embeddable":true,"href":"https:\/\/www.altisfain.com\/en\/wp-json\/wp\/v2\/comments?post=1034"}],"wp:featuredmedia":[{"embeddable":true,"href":"https:\/\/www.altisfain.com\/en\/wp-json\/wp\/v2\/media\/1035"}],"wp:attachment":[{"href":"https:\/\/www.altisfain.com\/en\/wp-json\/wp\/v2\/media?parent=1034"}],"wp:term":[{"taxonomy":"product_brand","embeddable":true,"href":"https:\/\/www.altisfain.com\/en\/wp-json\/wp\/v2\/product_brand?post=1034"},{"taxonomy":"product_cat","embeddable":true,"href":"https:\/\/www.altisfain.com\/en\/wp-json\/wp\/v2\/product_cat?post=1034"},{"taxonomy":"product_tag","embeddable":true,"href":"https:\/\/www.altisfain.com\/en\/wp-json\/wp\/v2\/product_tag?post=1034"}],"curies":[{"name":"wp","href":"https:\/\/api.w.org\/{rel}","templated":true}]}}