{"id":1030,"date":"2018-03-14T12:44:16","date_gmt":"2018-03-14T11:44:16","guid":{"rendered":"http:\/\/www.altisfain.com\/?post_type=product&#038;p=1030"},"modified":"2019-10-19T14:59:03","modified_gmt":"2019-10-19T12:59:03","slug":"collier-inox-arcane-la-lune","status":"publish","type":"product","link":"https:\/\/www.altisfain.com\/en\/boutique\/arcane\/collier-inox-arcane-la-lune\/","title":{"rendered":"Collier inox &#8220;Arcane: La Lune&#8221;"},"content":{"rendered":"<p style=\"text-align: center;\">&#8220;Chaque chose est une apparence. Et derri\u00e8re chaque apparence se cachent ses arcanes: son essence r\u00e9elle, sa v\u00e9rit\u00e9. La d\u00e9couvrir c&#8217;est la connaissance du monde. Le pouvoir.&#8221;<br \/>\nMaxime Chattam.<\/p>\n<p style=\"text-align: center;\">&#8220;La Lune&#8221; repr\u00e9sente l&#8217;aspect cach\u00e9 de notre personnalit\u00e9, le divin en nous.<br \/>\nLe message d\u00e9livr\u00e9 de cet arcane nous pr\u00e9vient de ne pas craindre de nous tourner vers l&#8217;inconnu, d&#8217;int\u00e9grer en nous nos craintes, nos faiblesses, nos erreurs, de regarder en face l&#8217;ombre qui est en nous et dont nous avons peur.<\/p>\n<p style=\"text-align: center;\"><strong>Collier inox, soud\u00e9 argent en 24 points, articul\u00e9 et attache pendentif.<br \/>\nChainette de rallonge termin\u00e9e par un entrelacs permet de jouer sur la longueur du collier.<br \/>\nCollier plongeant repr\u00e9sentant les liens des jeux amoureux, et jeu d&#8217;entrelacs qui se m\u00ealent et se croisent.<br \/>\n<\/strong><\/p>\n<p style=\"text-align: center;\"><strong>Collier infiniment elfique!!<\/strong><\/p>\n<hr \/>\n<p style=\"text-align: center;\">&#8220;Every thing is an appearance, and behind every appearance are hidden its mysteries: its real essence, its truth, to discover it is the knowledge of the world, the power.&#8221;<br \/>\nMaxime Chattam.<\/p>\n<p style=\"text-align: center;\">&#8220;The Moon&#8221; represents the hidden aspect of our personality, the divine in us.<br \/>\nThe message delivered from this mystery warns us not to be afraid to turn to the unknown, to integrate in us our fears, our weaknesses, our mistakes, to face the shadow that is in us and of which we are afraid.<\/p>\n<p><strong>Stainless steel necklace, silver welded in 22 points, articulated and attaches pendant.<\/strong><br \/>\n<strong>Set of interlaced hammered and polished.<\/strong><br \/>\n<strong>Articulated collar, terminated by an extension chain allowing to play along the length of the collar.<\/strong><\/p>\n<p><strong>Necklace madly elfic and mystical.<\/strong><\/p>\n","protected":false},"excerpt":{"rendered":"<p style=\"text-align: center;\"><strong>Collier inox entrelacs, esprit mystique et elfique.<\/strong><\/p>\n<hr \/>\n<p style=\"text-align: center;\"><strong><span class=\"tlid-translation translation\" lang=\"en\"><span class=\"\" title=\"\">Stainless steel interlaced necklace, mystic and elven spirit.<\/span><\/span><\/strong><\/p>\n","protected":false},"featured_media":1031,"comment_status":"open","ping_status":"closed","template":"","meta":{"jetpack_publicize_message":"","jetpack_publicize_feature_enabled":true,"jetpack_social_post_already_shared":false,"jetpack_social_options":{"image_generator_settings":{"template":"highway","default_image_id":0,"font":"","enabled":false},"version":2}},"product_brand":[],"product_cat":[16],"product_tag":[31],"class_list":{"0":"post-1030","1":"product","2":"type-product","3":"status-publish","4":"has-post-thumbnail","6":"product_cat-arcane","7":"product_tag-collier","8":"pa_ambiance-baroque","9":"pa_ambiance-celtique","10":"pa_ambiance-elfique","11":"pa_ambiance-feerique","12":"pa_ambiance-mystique","13":"pa_ambiance-victorien","14":"pa_matiere-inox","16":"first","17":"instock","18":"sold-individually","19":"shipping-taxable","20":"purchasable","21":"product-type-simple"},"translation":{"provider":"WPGlobus","version":"3.0.2","language":"en","enabled_languages":["fr","en"],"languages":{"fr":{"title":true,"content":true,"excerpt":true},"en":{"title":false,"content":false,"excerpt":false}}},"jetpack_publicize_connections":[],"jetpack-related-posts":[],"jetpack_sharing_enabled":true,"jetpack_likes_enabled":true,"_links":{"self":[{"href":"https:\/\/www.altisfain.com\/en\/wp-json\/wp\/v2\/product\/1030","targetHints":{"allow":["GET"]}}],"collection":[{"href":"https:\/\/www.altisfain.com\/en\/wp-json\/wp\/v2\/product"}],"about":[{"href":"https:\/\/www.altisfain.com\/en\/wp-json\/wp\/v2\/types\/product"}],"replies":[{"embeddable":true,"href":"https:\/\/www.altisfain.com\/en\/wp-json\/wp\/v2\/comments?post=1030"}],"wp:featuredmedia":[{"embeddable":true,"href":"https:\/\/www.altisfain.com\/en\/wp-json\/wp\/v2\/media\/1031"}],"wp:attachment":[{"href":"https:\/\/www.altisfain.com\/en\/wp-json\/wp\/v2\/media?parent=1030"}],"wp:term":[{"taxonomy":"product_brand","embeddable":true,"href":"https:\/\/www.altisfain.com\/en\/wp-json\/wp\/v2\/product_brand?post=1030"},{"taxonomy":"product_cat","embeddable":true,"href":"https:\/\/www.altisfain.com\/en\/wp-json\/wp\/v2\/product_cat?post=1030"},{"taxonomy":"product_tag","embeddable":true,"href":"https:\/\/www.altisfain.com\/en\/wp-json\/wp\/v2\/product_tag?post=1030"}],"curies":[{"name":"wp","href":"https:\/\/api.w.org\/{rel}","templated":true}]}}