{"id":1020,"date":"2018-03-14T12:12:05","date_gmt":"2018-03-14T11:12:05","guid":{"rendered":"http:\/\/www.altisfain.com\/?post_type=product&#038;p=1020"},"modified":"2023-01-05T11:27:53","modified_gmt":"2023-01-05T10:27:53","slug":"collier-inox-arcane-lamoureux","status":"publish","type":"product","link":"https:\/\/www.altisfain.com\/en\/boutique\/arcane\/collier-inox-arcane-lamoureux\/","title":{"rendered":"Collier inox &#8220;Arcane: L&#8217;Amoureux&#8221;"},"content":{"rendered":"<p style=\"text-align: center;\">&#8220;Chaque chose est une apparence. Et derri\u00e8re chaque apparence se cachent ses arcanes: son essence r\u00e9elle, sa v\u00e9rit\u00e9. La d\u00e9couvrir c&#8217;est la connaissance du monde. Le pouvoir.&#8221;<br \/>\nMaxime Chattam.<\/p>\n<p style=\"text-align: center;\">&#8220;L&#8217;Amoureux&#8221; symbolise la vitalit\u00e9, la jeunesse, la cr\u00e9ativit\u00e9, l\u2019adaptation, le doute, l\u2019h\u00e9sitation mais aussi l\u2019engagement sous bien des formes.<\/p>\n<p style=\"text-align: center;\"><strong>Collier inox, soud\u00e9 argent en 16 points, articul\u00e9 et attache pendentif.<br \/>\nChainette de rallonge termin\u00e9e par un entrelacs permet de jouer sur la longueur du collier.<br \/>\nCollier plongeant repr\u00e9sentant les liens des jeux amoureux, et jeu d&#8217;entrelacs qui se m\u00ealent et se croisent.<br \/>\n<\/strong><\/p>\n<p style=\"text-align: center;\"><strong>Collier pi\u00e8ce unique, infiniment elfique!!<\/strong><\/p>\n<hr \/>\n<p style=\"text-align: center;\">&#8220;Everything is an appearance And behind each appearance hides its secrets&#8230;. Its real essence, its truth is discovered the knowledge of the world The Power&#8221;<br \/>\nMaxime Chattam.<\/p>\n<p style=\"text-align: center;\">&#8220;The Lover&#8221; symbolizes vitality, youth, creativity, adaptation, doubt, hesitation but also commitment in many forms.<\/p>\n<p><strong>Stainless steel necklace, silver welded 16 points, articulated and pendant attachment.<\/strong><br \/>\n<strong>Hammering nine interwoven stainless steel wires for a plunging collar effect, almost Elizabethan.<\/strong><br \/>\n<strong>Articulated necklace, finished by an extension chain that allows to play along the length of the necklace and to adapt to all sizes and morphologies!<\/strong><br \/>\n<strong>Set of tracery hammered and polished.<\/strong><\/p>\n<p><strong>Necklace very Victorian, &#8230; with an elf point of effect!<\/strong><\/p>\n","protected":false},"excerpt":{"rendered":"<p style=\"text-align: center;\"><strong>Collier inox entrelacs, esprit mystique et elfique.<\/strong><\/p>\n<hr \/>\n<p style=\"text-align: center;\"><strong><span class=\"tlid-translation translation\" lang=\"en\"><span class=\"\" title=\"\">Stainless steel interlaced necklace, mystic and elven spirit.<\/span><\/span><\/strong><\/p>\n","protected":false},"featured_media":1021,"comment_status":"open","ping_status":"closed","template":"","meta":[],"product_brand":[],"product_cat":[16],"product_tag":[31],"class_list":{"0":"post-1020","1":"product","2":"type-product","3":"status-publish","4":"has-post-thumbnail","6":"product_cat-arcane","7":"product_tag-collier","8":"pa_ambiance-baroque","9":"pa_ambiance-celtique","10":"pa_ambiance-elfique","11":"pa_ambiance-feerique","12":"pa_ambiance-mystique","13":"pa_ambiance-victorien","14":"pa_matiere-inox","16":"first","17":"instock","18":"featured","19":"sold-individually","20":"shipping-taxable","21":"purchasable","22":"product-type-simple"},"translation":{"provider":"WPGlobus","version":"3.0.2","language":"en","enabled_languages":["fr","en"],"languages":{"fr":{"title":true,"content":true,"excerpt":true},"en":{"title":false,"content":false,"excerpt":false}}},"jetpack-related-posts":[],"jetpack_sharing_enabled":true,"_links":{"self":[{"href":"https:\/\/www.altisfain.com\/en\/wp-json\/wp\/v2\/product\/1020","targetHints":{"allow":["GET"]}}],"collection":[{"href":"https:\/\/www.altisfain.com\/en\/wp-json\/wp\/v2\/product"}],"about":[{"href":"https:\/\/www.altisfain.com\/en\/wp-json\/wp\/v2\/types\/product"}],"replies":[{"embeddable":true,"href":"https:\/\/www.altisfain.com\/en\/wp-json\/wp\/v2\/comments?post=1020"}],"wp:featuredmedia":[{"embeddable":true,"href":"https:\/\/www.altisfain.com\/en\/wp-json\/wp\/v2\/media\/1021"}],"wp:attachment":[{"href":"https:\/\/www.altisfain.com\/en\/wp-json\/wp\/v2\/media?parent=1020"}],"wp:term":[{"taxonomy":"product_brand","embeddable":true,"href":"https:\/\/www.altisfain.com\/en\/wp-json\/wp\/v2\/product_brand?post=1020"},{"taxonomy":"product_cat","embeddable":true,"href":"https:\/\/www.altisfain.com\/en\/wp-json\/wp\/v2\/product_cat?post=1020"},{"taxonomy":"product_tag","embeddable":true,"href":"https:\/\/www.altisfain.com\/en\/wp-json\/wp\/v2\/product_tag?post=1020"}],"curies":[{"name":"wp","href":"https:\/\/api.w.org\/{rel}","templated":true}]}}