{"id":53,"date":"2018-02-12T15:04:23","date_gmt":"2018-02-12T14:04:23","guid":{"rendered":"http:\/\/www.altisfain.com\/?page_id=53"},"modified":"2018-05-23T18:45:00","modified_gmt":"2018-05-23T16:45:00","slug":"atelier-dalchimiste","status":"publish","type":"page","link":"https:\/\/www.altisfain.com\/en\/lunivers\/atelier-dalchimiste\/","title":{"rendered":"Alchemist&#8217;s Workshop"},"content":{"rendered":"<p id=\"TheTexte\" class=\"Texte\" lang=\"zxx\"><span id=\"result_box\" class=\"\" lang=\"en\"><span title=\"C'est ici o\u00f9 tout se cr\u00e9e ,tout se transforme, et enfin tout trouve son \u00e2me : les projets, les objets, mais aussi les r\u00eaveries, les frustrations \u2026 bref une vie d'artiste avec ses hauts et ses bas !\">It is here where everything is created, everything is transformed, and finally everything finds its soul: projects, objects, but also daydreams, frustrations &#8230; in short, an artist&#8217;s life with its ups and downs! <\/span><span title=\"Tout commence par des recherches sur le sujet de ma collection ou la personnalit\u00e9 d'un futur client. \">It all starts with research on the subject of my collection or the personality of a future client.<\/span><\/span><\/p>\n<div lang=\"zxx\"><\/div>\n<p><span title=\"Comme un styliste,une page blanche se remplit de r\u00e9f\u00e9rences, de photos, de choix de pierre, de gabarit de feuilles, de croquis jusqu'au moment o\u00f9 je sens que je suis sur la bonne voie, que j'ai saisi ce qui sera\">Like a stylist, a blank page fills with references, photos, choice of stone, template sheets, sketches until I feel that I am on the right track, that I have entered what will be <\/span><span title=\". \">.<br \/>\n<\/span><span title=\"Vient ensuite le temps de la r\u00e9alisation.\">Then comes the time of realization. <\/span><span title=\"Je choisis mes outils comme je choisis mes \u00e9l\u00e9ments de d\u00e9cors : avec soin, patience et enthousiasme. \">I choose my tools as I choose my decor elements: with care, patience and enthusiasm.<\/span><\/p>\n<p>&nbsp;<\/p>\n<p class=\"Texte\" lang=\"zxx\"><span title=\"C'est un peu comme un orchestre, chaque machine produit un son qui va cr\u00e9er le bijou, la m\u00e9lodie.\">It&#8217;s a bit like an orchestra, each machine produces a sound that will create the jewel, the melody. <\/span><span title=\"La meuleuse fa\u00e7onne les formes et donne de l'\u00e9clat, pinces et cisailles coupent et tordent la mati\u00e8re pour lui donner une nouvelle direction, le chalumeau marie les m\u00e9taux pour ne plus les d\u00e9sunir, le Dremel pr\u00e9cise et d\u00e9taille formes et mouvements, enclumes et marteaux\">The grinder shapes shapes and gives shine, tweezers and shears cut and twist the material to give it a new direction, the torch marries metals to no longer disunite, the Dremel precise and details forms and movements, anvils and hammers <\/span><span title=\"chantent sur les plaques et fils pour leur donner vie. \">sing on the plates and wires to give them life.<\/span><span title=\"Depuis peu, j'ai am\u00e9nag\u00e9 un espace \u00ab boudoir \u00bb : des canap\u00e9s, des fauteuils, des plantes et autres \u00e9l\u00e9ments de d\u00e9cor participent \u00e0 l'\u00e9laboration des collections. \">Recently, I have created a &#8220;boudoir&#8221; space: sofas, armchairs, plants and other decorative elements contribute to the development of the collections.<br \/>\n<\/span><span title=\"Le visuel est tr\u00e8s important pour moi, mon esprit galope plus vite ! \">The visual is very important for me, my mind gallops faster!<\/span><\/p>\n<div lang=\"zxx\"><\/div>\n<div lang=\"zxx\"><\/div>\n<p class=\"Texte\" lang=\"zxx\"><span title=\"La musique est omnipr\u00e9sente, elle s'entend d\u00e8s que les lumi\u00e8res de l'atelier jaillissent, comme une invitation \u00e0 me plonger pleinement dans la cr\u00e9ation.\">The music is omnipresent, it is heard as soon as the lights of the studio come out, as an invitation to immerse myself fully in the creation. <\/span><span title=\"Tous ces espaces dans l'espace sont autant d'alc\u00f4ves participant \u00e0 la conceptualisation et la cr\u00e9ation des collection Altisf\u00e0in.\">All these spaces in the space are as many alcoves participating in the conceptualization and the creation of the Altisf\u00e0in collection. <\/span><span title=\"Tel l'alchimiste et ses poudres magiques, un savant m\u00e9lange s'op\u00e8re et les bijoux naissent....\">Like the alchemist and his magic powders, a clever mix takes place and the jewels are born &#8230;.<\/span><\/p>\n<div lang=\"zxx\"><\/div>\n<div lang=\"zxx\"><\/div>\n<div lang=\"zxx\"><img data-recalc-dims=\"1\" loading=\"lazy\" decoding=\"async\" class=\"alignnone size-medium wp-image-1278\" src=\"https:\/\/i0.wp.com\/www.altisfain.com\/wp-content\/uploads\/2018\/05\/boudoir-photo-800x600.jpg?resize=640%2C480\" alt=\"\" width=\"640\" height=\"480\" srcset=\"https:\/\/i0.wp.com\/www.altisfain.com\/wp-content\/uploads\/2018\/05\/boudoir-photo.jpg?w=800&amp;ssl=1 800w, https:\/\/i0.wp.com\/www.altisfain.com\/wp-content\/uploads\/2018\/05\/boudoir-photo.jpg?resize=768%2C576&amp;ssl=1 768w, https:\/\/i0.wp.com\/www.altisfain.com\/wp-content\/uploads\/2018\/05\/boudoir-photo.jpg?resize=600%2C450&amp;ssl=1 600w\" sizes=\"auto, (max-width: 640px) 100vw, 640px\" \/><\/div>\n","protected":false},"excerpt":{"rendered":"<p>It is here where everything is created, everything is transformed, and finally everything finds its soul: projects, objects, but also daydreams, frustrations &#8230; in short, an artist&#8217;s life with its ups and downs! It all starts with research on the subject of my collection or the personality of a future client. Like a stylist, a [&hellip;]<\/p>\n","protected":false},"author":1,"featured_media":0,"parent":44,"menu_order":13,"comment_status":"closed","ping_status":"closed","template":"","meta":{"footnotes":""},"class_list":["post-53","page","type-page","status-publish","hentry"],"translation":{"provider":"WPGlobus","version":"3.0.2","language":"en","enabled_languages":["fr","en"],"languages":{"fr":{"title":true,"content":true,"excerpt":false},"en":{"title":true,"content":true,"excerpt":false}}},"jetpack-related-posts":[],"jetpack_sharing_enabled":true,"_links":{"self":[{"href":"https:\/\/www.altisfain.com\/en\/wp-json\/wp\/v2\/pages\/53","targetHints":{"allow":["GET"]}}],"collection":[{"href":"https:\/\/www.altisfain.com\/en\/wp-json\/wp\/v2\/pages"}],"about":[{"href":"https:\/\/www.altisfain.com\/en\/wp-json\/wp\/v2\/types\/page"}],"author":[{"embeddable":true,"href":"https:\/\/www.altisfain.com\/en\/wp-json\/wp\/v2\/users\/1"}],"replies":[{"embeddable":true,"href":"https:\/\/www.altisfain.com\/en\/wp-json\/wp\/v2\/comments?post=53"}],"version-history":[{"count":6,"href":"https:\/\/www.altisfain.com\/en\/wp-json\/wp\/v2\/pages\/53\/revisions"}],"predecessor-version":[{"id":875,"href":"https:\/\/www.altisfain.com\/en\/wp-json\/wp\/v2\/pages\/53\/revisions\/875"}],"up":[{"embeddable":true,"href":"https:\/\/www.altisfain.com\/en\/wp-json\/wp\/v2\/pages\/44"}],"wp:attachment":[{"href":"https:\/\/www.altisfain.com\/en\/wp-json\/wp\/v2\/media?parent=53"}],"curies":[{"name":"wp","href":"https:\/\/api.w.org\/{rel}","templated":true}]}}