{"id":51,"date":"2018-02-12T15:03:06","date_gmt":"2018-02-12T14:03:06","guid":{"rendered":"http:\/\/www.altisfain.com\/?page_id=51"},"modified":"2018-04-17T19:27:24","modified_gmt":"2018-04-17T17:27:24","slug":"altisfain","status":"publish","type":"page","link":"https:\/\/www.altisfain.com\/en\/lunivers\/altisfain\/","title":{"rendered":"Altisf\u00e1in"},"content":{"rendered":"<div id=\"TheTexte\" class=\"Texte\" lang=\"zxx\">\n<div id=\"gt-res-content\">\n<div id=\"gt-res-dir-ctr\" class=\"trans-verified-button-small\" dir=\"ltr\"><span id=\"result_box\" class=\"\" lang=\"en\"><span title=\"Altisf\u00e1in parle d'alchimie, je dirais m\u00eame de quintessence.\n\">Altisf\u00e1in speaks of alchemy, I would even say quintessence.<br \/>\n<\/span><span title=\"Le nom est d\u00e9j\u00e0 une alliance :\n\">The name is already an alliance:<br \/>\n<\/span><span title=\"- Altis, contraction d'altissima, terme latin qui signification le plut haut, parle de supr\u00eame, d'\u00e9motions fortes, de personnalit\u00e9 enti\u00e8re,\n\">&#8211; Altis, contraction of altissima, Latin term meaning high, speaks of supreme, strong emotions, full personality,<br \/>\n<\/span><span title=\"- F\u00e1in, contraction de f\u00e1inne, terme celte qui signifie anneau, raconte mon amour le bijou mais \u00e9galement mon engagement pris d\u00e9j\u00e0 depuis longtemps : celui de cr\u00e9er des parures, des objets qui savent r\u00e9v\u00e9ler la part de lumi\u00e8re et d'ombre de chacun.\n\n\">&#8211; F\u00e1in, contraction of f\u00e1inne, the Celtic term meaning ring, tells my love the jewel but also my commitment already taken for a long time: that of creating ornaments, objects that can reveal the part of light and shade of each.<\/p>\n<p><\/span><span title=\"Les collections abordent des th\u00e8mes vari\u00e9s qui savent r\u00e9v\u00e9ler par leur esth\u00e9tisme et leur nom un aspect de leur personnalit\u00e9 assum\u00e9e ou plus intime.\n\">The collections address various themes that reveal by their aesthetics and their name an aspect of their assumed or more intimate personality.<br \/>\n<\/span><span title=\"Les Contes, les L\u00e9gendes, les Personnages historiques ou de fiction, les P\u00e9ch\u00e9s et Vertus, les Lames de tarot, etc.\">Tales, Legends, historical or fictional characters, Sins and Virtues, Tarot Blades, etc. <\/span><span title=\"sont autant de sujets qui invitent \u00e0 l'imagination, la curiosit\u00e9 et qui d\u00e9voilent ses passions.\n\">are all subjects that invite imagination, curiosity and reveal his passions.<br \/>\n<\/span><span title=\"M\u00eame les feuilles, les gemmes choisies ont leur langage, leur symbolique et sont un \u00e9l\u00e9ment de compr\u00e9hension de soi.\n\">Even the leaves, the chosen gems have their language, their symbolic and are an element of self-understanding.<br \/>\n<\/span><span title=\"L'Alchimie, l'alliance du sublime, du supr\u00eame et du vrai, c'est ce qui compose l'univers d'Altisf\u00e1in.\n\n\">Alchemy, the alliance of the sublime, the supreme and the true, is what makes up the universe of Altisfain.<\/p>\n<p><\/span><span title=\"C'est cette quintessence, cette forme subtile et pure que je recherche, que ce soit dans les collections mais \u00e9galement et surtout dans la cr\u00e9ation de bijou personnalis\u00e9.\n\">It is this quintessence, this subtle and pure form that I seek, whether in the collections but also and especially in the creation of personalized jewelry.<br \/>\n<\/span><span title=\"La recherche de l'accord parfait, un bijou qui nous ressemble, qui parle de soi, dans toutes nos facettes.\">The search for perfect harmony, a jewel that looks like us, that speaks of itself, in all our facets.<\/span><\/span><\/div>\n<\/div>\n<\/div>\n","protected":false},"excerpt":{"rendered":"<p>Altisf\u00e1in speaks of alchemy, I would even say quintessence. The name is already an alliance: &#8211; Altis, contraction of altissima, Latin term meaning high, speaks of supreme, strong emotions, full personality, &#8211; F\u00e1in, contraction of f\u00e1inne, the Celtic term meaning ring, tells my love the jewel but also my commitment already taken for a long [&hellip;]<\/p>\n","protected":false},"author":1,"featured_media":0,"parent":44,"menu_order":11,"comment_status":"closed","ping_status":"closed","template":"","meta":{"footnotes":""},"class_list":["post-51","page","type-page","status-publish","hentry"],"translation":{"provider":"WPGlobus","version":"3.0.2","language":"en","enabled_languages":["fr","en"],"languages":{"fr":{"title":true,"content":true,"excerpt":false},"en":{"title":true,"content":true,"excerpt":false}}},"jetpack-related-posts":[],"jetpack_sharing_enabled":true,"_links":{"self":[{"href":"https:\/\/www.altisfain.com\/en\/wp-json\/wp\/v2\/pages\/51","targetHints":{"allow":["GET"]}}],"collection":[{"href":"https:\/\/www.altisfain.com\/en\/wp-json\/wp\/v2\/pages"}],"about":[{"href":"https:\/\/www.altisfain.com\/en\/wp-json\/wp\/v2\/types\/page"}],"author":[{"embeddable":true,"href":"https:\/\/www.altisfain.com\/en\/wp-json\/wp\/v2\/users\/1"}],"replies":[{"embeddable":true,"href":"https:\/\/www.altisfain.com\/en\/wp-json\/wp\/v2\/comments?post=51"}],"version-history":[{"count":13,"href":"https:\/\/www.altisfain.com\/en\/wp-json\/wp\/v2\/pages\/51\/revisions"}],"predecessor-version":[{"id":1157,"href":"https:\/\/www.altisfain.com\/en\/wp-json\/wp\/v2\/pages\/51\/revisions\/1157"}],"up":[{"embeddable":true,"href":"https:\/\/www.altisfain.com\/en\/wp-json\/wp\/v2\/pages\/44"}],"wp:attachment":[{"href":"https:\/\/www.altisfain.com\/en\/wp-json\/wp\/v2\/media?parent=51"}],"curies":[{"name":"wp","href":"https:\/\/api.w.org\/{rel}","templated":true}]}}