{"id":47,"date":"2018-02-12T15:01:00","date_gmt":"2018-02-12T14:01:00","guid":{"rendered":"http:\/\/www.altisfain.com\/?page_id=47"},"modified":"2023-02-13T10:58:25","modified_gmt":"2023-02-13T09:58:25","slug":"memoires-de-creatrice","status":"publish","type":"page","link":"https:\/\/www.altisfain.com\/en\/lunivers\/memoires-de-creatrice\/","title":{"rendered":"Artist&#8217;s Memory"},"content":{"rendered":"<div id=\"TheTexte\" class=\"Texte\" lang=\"zxx\">\n<p><span id=\"result_box\" class=\"\" lang=\"en\"><span title=\"Tour d'horizon de ce qui m'inspire, me fait vibrer et qui anime ma vie de cr\u00e9atrice et de femme.\"><img data-recalc-dims=\"1\" loading=\"lazy\" decoding=\"async\" class=\"alignnone size-medium wp-image-1788 aligncenter\" src=\"https:\/\/i0.wp.com\/www.altisfain.com\/wp-content\/uploads\/2018\/09\/160327_06-435x600.jpg?resize=435%2C600\" alt=\"\" width=\"435\" height=\"600\" srcset=\"https:\/\/i0.wp.com\/www.altisfain.com\/wp-content\/uploads\/2018\/09\/160327_06.jpg?resize=435%2C600&amp;ssl=1 435w, https:\/\/i0.wp.com\/www.altisfain.com\/wp-content\/uploads\/2018\/09\/160327_06.jpg?resize=580%2C800&amp;ssl=1 580w, https:\/\/i0.wp.com\/www.altisfain.com\/wp-content\/uploads\/2018\/09\/160327_06.jpg?resize=768%2C1060&amp;ssl=1 768w, https:\/\/i0.wp.com\/www.altisfain.com\/wp-content\/uploads\/2018\/09\/160327_06.jpg?resize=742%2C1024&amp;ssl=1 742w, https:\/\/i0.wp.com\/www.altisfain.com\/wp-content\/uploads\/2018\/09\/160327_06.jpg?resize=600%2C828&amp;ssl=1 600w, https:\/\/i0.wp.com\/www.altisfain.com\/wp-content\/uploads\/2018\/09\/160327_06.jpg?w=800&amp;ssl=1 800w\" sizes=\"auto, (max-width: 435px) 100vw, 435px\" \/><\/span><\/span><\/p>\n<p style=\"text-align: center;\"><span id=\"result_box\" class=\"\" lang=\"en\"><span title=\"Tour d'horizon de ce qui m'inspire, me fait vibrer et qui anime ma vie de cr\u00e9atrice et de femme.\">Overview of what inspires me, makes me vibrate and animates my life as a creative woman. <\/span><span title=\"Je trouve que le questionnaire de Proust est un formidable outil d'introspection et un joli jeu entre soi et soi ! \">I think that Proust&#8217;s questionnaire is a great introspection tool and a nice game between yourself and yourself!<\/span><\/span><\/p>\n<p><span title=\"Ma vertu pr\u00e9f\u00e9r\u00e9e: les imperfections que nous savons regarder avec tendresse . \">My favorite virtue: the imperfections we know how to look with tenderness.<\/span><\/p>\n<p><span title=\"Le principal trait de mon caract\u00e8re: les montagnes russes ! \">The main feature of my character: the roller coaster!<\/span><\/p>\n<p><span title=\"La qualit\u00e9 que je pr\u00e9f\u00e8re chez les hommes: celle que je n'ai pas saisi au premier abord . \">The quality I prefer in men: the one I did not grasp at first.<\/span><\/p>\n<p><span title=\"La qualit\u00e9 que je pr\u00e9f\u00e8re chez les femmes: celle que je n'ai pas encore d\u00e9couverte chez moi . \">The quality I prefer in women: the one I have not discovered yet at home.<\/span><\/p>\n<p><span title=\"Mon principal d\u00e9faut: le regard parfois dur que je pose sur moi . \">My main fault: the sometimes hard look that I put on me.<\/span><\/p>\n<p><span title=\"Ma principale qualit\u00e9: mon visage ne peut rien cacher de ses \u00e9motions . \">My main quality: my face can not hide anything from his emotions.<\/span><\/p>\n<p><span title=\"Ce que j'appr\u00e9cie le plus chez mes amis: leur \u00e9nergie et le regard doux qu'ils posent sur moi . \">What I appreciate most about my friends: their energy and the soft look they pose on me.<\/span><\/p>\n<p><span title=\"Mon occupation pr\u00e9f\u00e9r\u00e9e: r\u00eaver, oh que oui, tout le temps, sans arr\u00eat . \">My favorite occupation: dream, oh yes, all the time, without stopping.<\/span><\/p>\n<p><span title=\"Quel serait mon plus grand malheur: avoir des souliers de plomb . \">What would be my greatest misfortune: to have lead shoes.<\/span><\/p>\n<p><span title=\"Ce que je voudrais-je \u00eatre: le meilleur de moi m\u00eame . \">What I would like to be: the best of myself.<\/span><\/p>\n<p><span title=\"Le pays o\u00f9 j'aimerais vivre: la Nouvelle Z\u00e9lande, comme par hasard ... \">The country where I would like to live: New Zealand, by chance &#8230;<\/span><\/p>\n<p><span title=\"La couleur que je pr\u00e9f\u00e8re: celle qui refl\u00e8te mon humeur du jour . \">The color I prefer: one that reflects my mood of the day.<\/span><\/p>\n<p><span title=\"La fleur que je pr\u00e9f\u00e8re: le jasmin, il est de toute les saisons ! \">The flower that I prefer: jasmine, it is all seasons!<\/span><\/p>\n<p><span title=\"L'oiseau que je pr\u00e9f\u00e8re: celui qui est libre, pas de cage, pas d'entrave ... \">The bird that I prefer: the one that is free, no cage, no obstacle &#8230;<\/span><\/p>\n<p><span title=\"mes auteurs favoris en prose: Jean Teul\u00e9 pour ces anecdotes cruelles de l'Histoire . \">my favorite authors in prose: Jean Teul\u00e9 for these cruel anecdotes of history.<\/span><\/p>\n<p><span title=\"Mes po\u00e8tes pr\u00e9f\u00e9r\u00e9s: Baudelaire pour son d\u00e9sespoir assum\u00e9, Rimbaud pour sa ferveur et ses illuminations . \">My favorite poets: Baudelaire for his despair, Rimbaud for his fervor and his illuminations.<\/span><\/p>\n<p><span title=\"Mes h\u00e9ros dans la fiction: Hercule Poirot pour sa pr\u00e9ciosit\u00e9 ridicule, Bilbon pour sa sagesse et sa simplicit\u00e9 . \">My heroes in fiction: Hercule Poirot for his ridiculous preciosity, Bilbo for his wisdom and simplicity.<\/span><\/p>\n<p><span title=\"Mes h\u00e9ro\u00efnes favorites dans la fiction: Ir\u00e8ne Adler pour sa f\u00e9minit\u00e9 capiteuse et son intelligence incisive, je travaille sur son bijou, alors elle a ma pr\u00e9f\u00e9rence en ce moment . \">My favorite heroines in fiction: Irene Adler for her heady femininity and incisive intelligence, I work on her jewel, so she has my preference right now.<\/span><\/p>\n<p><span title=\"Mes compositeurs pr\u00e9f\u00e9r\u00e9s: Mozart pour son g\u00e9nie et sa fr\u00e9n\u00e9sie musicale, Lully pour ses compositions quelquefois sentencieuses, Vivaldi pour le troisi\u00e8me mouvement de l'\u00e9t\u00e9 et le premier mouvement de l'hiver, Prokofief pour son Rom\u00e9o et Juliette et son Pierre et le Loup\">My favorite composers: Mozart for his genius and his musical frenzy, Lully for his sometimes sententious compositions, Vivaldi for the third movement of the summer and the first movement of winter, Prokofief for his Romeo and Juliet and his Pierre and the Wolf <\/span><span title=\". \">.<br \/>\n<\/span><span title=\"Et bien d'autres encore... \">And many others&#8230;<\/span><\/p>\n<p><span title=\"Mes peintres pr\u00e9f\u00e9r\u00e9s: Van Gogh pour ces mouvements saccad\u00e9es et intenses, Monet pour ses r\u00eaveries bucoliques, Klimt pour ses \u00e9treintes langoureuses et sa ma\u00eetrise de l'or, Camille Claudel, je ne lasse pas de sa po\u00e9sie des corps ! \">My favorite painters: Van Gogh for these jerky and intense movements, Monet for his bucolic reveries, Klimt for his languid embraces and his mastery of gold, Camille Claudel, I do not tire of his body poetry!<br \/>\n<\/span><span title=\"Et bien d'autres encore... \">And many others&#8230;<\/span><\/p>\n<p><span title=\"Mes h\u00e9ros dans la vie r\u00e9elle: ceux qui ne tentent pas de l'\u00eatre \">My heroes in real life: those who do not try to be<\/span><\/p>\n<p><span title=\"Mes h\u00e9ro\u00efnes pr\u00e9f\u00e9r\u00e9es dans la vie r\u00e9elle: j'ai des amies en or ;-) \">My favorite heroines in real life: I have friends in gold \ud83d\ude09<\/span><\/p>\n<p><span title=\"Mes h\u00e9ros dans l'Histoire: Cl\u00e9op\u00e2tre pour ses ambitions, Boadic\u00e9e pour son ind\u00e9pendance m\u00ealant la tradition celtique, toutes celles qui ont pris leur destin en main, m\u00eame de mani\u00e8re tragique voir fanatique . \">My heroes in history: Cleopatra for her ambitions, Boadicea for her independence mixing the Celtic tradition, all those who have taken their destiny into their own hands, even in a tragic and fanatical way.<\/span><\/p>\n<p><span title=\"Ce que je d\u00e9teste le plus: l'insipide . \">What I hate most: the tasteless.<\/span><\/p>\n<p><span title=\"Le personnage historique que je m\u00e9prise le plus: il ne m\u00e9rite pas que l'on s'y attarde ni qu'on le nomme, c'est \u00e7a le m\u00e9pris . \">The historical character that I despise the most: he does not deserve that one lingers there or that one names it, that is the contempt.<\/span><\/p>\n<p><span title=\"Les faits historiques que je m\u00e9prise le plus: toute tentative d'ali\u00e9nation d'une personne, d'un peuple, d'un courant de pens\u00e9e, etc . \">The historical facts that I most despise: any attempt to alienate a person, a people, a current of thought, etc.<\/span><\/p>\n<p><span title=\"Le fait militaire que j'estime le plus: la r\u00e9silience . \">The military thing I value most: resilience.<\/span><\/p>\n<p><span title=\"Le don de la nature que je voudrais avoir: \u00eatre photog\u00e9nique ! \">The gift of nature that I would like to have: to be photogenic!<\/span><\/p>\n<p><span title=\"Comment j'aimerais mourir: en r\u00eavant, comme j'aime vivre ! \">How I would like to die: dreaming, how I love to live!<\/span><\/p>\n<p><span title=\"L'\u00e9tat pr\u00e9sent de mon esprit: ciel d\u00e9gag\u00e9 mais des nuages peuvent appara\u00eetre ! \">The present state of my mind: clear sky but clouds can appear!<\/span><\/p>\n<p><span title=\"La faute qui m'inspire le plus d'indulgence: celles qui sont assum\u00e9es ou sinc\u00e8rement regrett\u00e9es . \">The fault that inspires me the most indulgence: those who are assumed or sincerely regretted.<\/span><\/p>\n<p><span title=\"Ma devise \">My motto<br \/>\n<\/span><span title=\"\">&#8220;The most beautiful day is the one that enlighten me.&#8221;<br \/>\n<\/span><span title=\"\">&#8220;Nobody&#8217;s perfect&#8221;, in English, a rather aristocratic flavor!<\/span><\/p>\n<\/div>\n","protected":false},"excerpt":{"rendered":"<p>Overview of what inspires me, makes me vibrate and animates my life as a creative woman. I think that Proust&#8217;s questionnaire is a great introspection tool and a nice game between yourself and yourself! My favorite virtue: the imperfections we know how to look with tenderness. The main feature of my character: the roller coaster! [&hellip;]<\/p>\n","protected":false},"author":1,"featured_media":0,"parent":44,"menu_order":12,"comment_status":"closed","ping_status":"closed","template":"","meta":{"footnotes":""},"class_list":["post-47","page","type-page","status-publish","hentry"],"translation":{"provider":"WPGlobus","version":"3.0.2","language":"en","enabled_languages":["fr","en"],"languages":{"fr":{"title":true,"content":true,"excerpt":false},"en":{"title":true,"content":true,"excerpt":false}}},"jetpack-related-posts":[],"jetpack_sharing_enabled":true,"_links":{"self":[{"href":"https:\/\/www.altisfain.com\/en\/wp-json\/wp\/v2\/pages\/47","targetHints":{"allow":["GET"]}}],"collection":[{"href":"https:\/\/www.altisfain.com\/en\/wp-json\/wp\/v2\/pages"}],"about":[{"href":"https:\/\/www.altisfain.com\/en\/wp-json\/wp\/v2\/types\/page"}],"author":[{"embeddable":true,"href":"https:\/\/www.altisfain.com\/en\/wp-json\/wp\/v2\/users\/1"}],"replies":[{"embeddable":true,"href":"https:\/\/www.altisfain.com\/en\/wp-json\/wp\/v2\/comments?post=47"}],"version-history":[{"count":10,"href":"https:\/\/www.altisfain.com\/en\/wp-json\/wp\/v2\/pages\/47\/revisions"}],"predecessor-version":[{"id":165,"href":"https:\/\/www.altisfain.com\/en\/wp-json\/wp\/v2\/pages\/47\/revisions\/165"}],"up":[{"embeddable":true,"href":"https:\/\/www.altisfain.com\/en\/wp-json\/wp\/v2\/pages\/44"}],"wp:attachment":[{"href":"https:\/\/www.altisfain.com\/en\/wp-json\/wp\/v2\/media?parent=47"}],"curies":[{"name":"wp","href":"https:\/\/api.w.org\/{rel}","templated":true}]}}